{"id":17005,"date":"2023-11-01T11:48:26","date_gmt":"2023-11-01T10:48:26","guid":{"rendered":"https:\/\/baralivres.ma\/?post_type=product&#038;p=17005"},"modified":"2023-11-01T11:48:27","modified_gmt":"2023-11-01T10:48:27","slug":"sorganiser-pour-reussir-la-methode-gtd-pas-a-pas","status":"publish","type":"product","link":"https:\/\/baralivres.ma\/?product=sorganiser-pour-reussir-la-methode-gtd-pas-a-pas","title":{"rendered":"S&rsquo;organiser pour r\u00e9ussir : la m\u00e9thode GTD pas \u00e0 pas"},"content":{"rendered":"<p>En avez-vous assez de vous retrouver submerg\u00e9 par des listes de t\u00e2ches, que ce soit au travail ou \u00e0 la maison ? Vous avez peut-\u00eatre l&rsquo;impression de vous donner beaucoup de mal sans obtenir de r\u00e9sultats concrets, et le stress vous envahit ?<\/p>\n<p>La solution \u00e0 ces probl\u00e8mes se trouve dans la m\u00e9thode GTD, qui signifie \u00ab\u00a0Getting Things Done\u00a0\u00bb en anglais. Elle vous permettra d&rsquo;am\u00e9liorer vos comp\u00e9tences en mati\u00e8re d&rsquo;organisation, d&rsquo;augmenter votre efficacit\u00e9, et de lib\u00e9rer votre cr\u00e9ativit\u00e9, le tout sans avoir \u00e0 d\u00e9ployer des efforts suppl\u00e9mentaires.<\/p>\n<p>Utilis\u00e9e avec succ\u00e8s dans de nombreuses grandes entreprises \u00e0 l&rsquo;\u00e9chelle internationale, la m\u00e9thode GTD va radicalement transformer votre mode de vie et de travail. Son principe fondamental est de lier votre efficacit\u00e9 \u00e0 votre capacit\u00e9 \u00e0 vous d\u00e9tendre. En gardant votre esprit clair et vos id\u00e9es bien organis\u00e9es, vous pourrez am\u00e9liorer vos performances sans subir le poids du stress.<\/p>\n<p>Dans ce livre, David Allen identifie des d\u00e9fis concrets que vous pourriez rencontrer, tels qu&rsquo;une liste interminable de t\u00e2ches \u00e0 accomplir, un espace de travail perp\u00e9tuellement d\u00e9sordonn\u00e9, ou une bo\u00eete de r\u00e9ception constamment surcharg\u00e9e d&rsquo;e-mails. Il vous propose \u00e9galement dix exercices pratiques pour r\u00e9\u00e9valuer vos objectifs, vous lib\u00e9rer du sentiment d&rsquo;\u00eatre submerg\u00e9, planifier et concr\u00e9tiser vos projets, tout en acceptant que vous ne pouvez pas tout faire en m\u00eame temps.<\/p>\n","protected":false},"excerpt":{"rendered":"<p>Adoptez la m\u00e9thode GTD pour g\u00e9rer le stress, am\u00e9liorer l&rsquo;efficacit\u00e9 et l&rsquo;organisation, et lib\u00e9rer votre cr\u00e9ativit\u00e9.<\/p>\n","protected":false},"featured_media":17006,"comment_status":"open","ping_status":"closed","template":"","meta":{"inline_featured_image":false},"product_cat":[204,91],"product_tag":[],"class_list":{"0":"post-17005","1":"product","2":"type-product","3":"status-publish","4":"has-post-thumbnail","6":"product_cat-francais","7":"product_cat-developpement","8":"pa_auteurs-david-allen","10":"first","11":"instock","12":"shipping-taxable","13":"purchasable","14":"product-type-simple"},"_links":{"self":[{"href":"https:\/\/baralivres.ma\/index.php?rest_route=\/wp\/v2\/product\/17005","targetHints":{"allow":["GET"]}}],"collection":[{"href":"https:\/\/baralivres.ma\/index.php?rest_route=\/wp\/v2\/product"}],"about":[{"href":"https:\/\/baralivres.ma\/index.php?rest_route=\/wp\/v2\/types\/product"}],"replies":[{"embeddable":true,"href":"https:\/\/baralivres.ma\/index.php?rest_route=%2Fwp%2Fv2%2Fcomments&post=17005"}],"version-history":[{"count":1,"href":"https:\/\/baralivres.ma\/index.php?rest_route=\/wp\/v2\/product\/17005\/revisions"}],"predecessor-version":[{"id":17030,"href":"https:\/\/baralivres.ma\/index.php?rest_route=\/wp\/v2\/product\/17005\/revisions\/17030"}],"wp:featuredmedia":[{"embeddable":true,"href":"https:\/\/baralivres.ma\/index.php?rest_route=\/wp\/v2\/media\/17006"}],"wp:attachment":[{"href":"https:\/\/baralivres.ma\/index.php?rest_route=%2Fwp%2Fv2%2Fmedia&parent=17005"}],"wp:term":[{"taxonomy":"product_cat","embeddable":true,"href":"https:\/\/baralivres.ma\/index.php?rest_route=%2Fwp%2Fv2%2Fproduct_cat&post=17005"},{"taxonomy":"product_tag","embeddable":true,"href":"https:\/\/baralivres.ma\/index.php?rest_route=%2Fwp%2Fv2%2Fproduct_tag&post=17005"}],"curies":[{"name":"wp","href":"https:\/\/api.w.org\/{rel}","templated":true}]}}