{"id":17004,"date":"2023-11-01T11:48:51","date_gmt":"2023-11-01T10:48:51","guid":{"rendered":"https:\/\/baralivres.ma\/?post_type=product&#038;p=17004"},"modified":"2023-11-01T11:48:51","modified_gmt":"2023-11-01T10:48:51","slug":"lart-de-la-seduction-edition-condensee","status":"publish","type":"product","link":"https:\/\/baralivres.ma\/?product=lart-de-la-seduction-edition-condensee","title":{"rendered":"L&rsquo;art de la s\u00e9duction (\u00e9dition condens\u00e9e)"},"content":{"rendered":"<p>La s\u00e9duction repr\u00e9sente la forme la plus subtile et raffin\u00e9e du pouvoir, utilis\u00e9e avec succ\u00e8s en amour et en politique. S&rsquo;appuyant sur l&rsquo;exp\u00e9rience de figures embl\u00e9matiques, de Freud \u00e0 Casanova, Robert Greene r\u00e9v\u00e8le les principes essentiels de l&rsquo;art de la s\u00e9duction. Cr\u00e9er le d\u00e9sir, jouer sur les \u00e9motions, et maintenir un d\u00e9sir constant sont des \u00e9l\u00e9ments cl\u00e9s pour captiver et faire c\u00e9der l&rsquo;adversaire. Ce livre expose les lois intemporelles et impitoyables qui sous-tendent l&rsquo;art universel de la s\u00e9duction, permettant de ma\u00eetriser cet art avec succ\u00e8s.<\/p>\n","protected":false},"excerpt":{"rendered":"<p>La s\u00e9duction, art puissant et subtil, d\u00e9crypt\u00e9e \u00e0 travers l&rsquo;histoire, r\u00e9v\u00e9lant des lois intemporelles pour captiver et persuader.<\/p>\n","protected":false},"featured_media":17034,"comment_status":"open","ping_status":"closed","template":"","meta":{"inline_featured_image":false},"product_cat":[204,91],"product_tag":[],"class_list":{"0":"post-17004","1":"product","2":"type-product","3":"status-publish","4":"has-post-thumbnail","6":"product_cat-francais","7":"product_cat-developpement","8":"pa_auteurs-robert-greene","10":"first","11":"instock","12":"shipping-taxable","13":"purchasable","14":"product-type-simple"},"_links":{"self":[{"href":"https:\/\/baralivres.ma\/index.php?rest_route=\/wp\/v2\/product\/17004","targetHints":{"allow":["GET"]}}],"collection":[{"href":"https:\/\/baralivres.ma\/index.php?rest_route=\/wp\/v2\/product"}],"about":[{"href":"https:\/\/baralivres.ma\/index.php?rest_route=\/wp\/v2\/types\/product"}],"replies":[{"embeddable":true,"href":"https:\/\/baralivres.ma\/index.php?rest_route=%2Fwp%2Fv2%2Fcomments&post=17004"}],"version-history":[{"count":1,"href":"https:\/\/baralivres.ma\/index.php?rest_route=\/wp\/v2\/product\/17004\/revisions"}],"predecessor-version":[{"id":17036,"href":"https:\/\/baralivres.ma\/index.php?rest_route=\/wp\/v2\/product\/17004\/revisions\/17036"}],"wp:featuredmedia":[{"embeddable":true,"href":"https:\/\/baralivres.ma\/index.php?rest_route=\/wp\/v2\/media\/17034"}],"wp:attachment":[{"href":"https:\/\/baralivres.ma\/index.php?rest_route=%2Fwp%2Fv2%2Fmedia&parent=17004"}],"wp:term":[{"taxonomy":"product_cat","embeddable":true,"href":"https:\/\/baralivres.ma\/index.php?rest_route=%2Fwp%2Fv2%2Fproduct_cat&post=17004"},{"taxonomy":"product_tag","embeddable":true,"href":"https:\/\/baralivres.ma\/index.php?rest_route=%2Fwp%2Fv2%2Fproduct_tag&post=17004"}],"curies":[{"name":"wp","href":"https:\/\/api.w.org\/{rel}","templated":true}]}}