{"id":16998,"date":"2023-11-01T11:45:17","date_gmt":"2023-11-01T10:45:17","guid":{"rendered":"https:\/\/baralivres.ma\/?post_type=product&#038;p=16998"},"modified":"2023-11-01T11:45:17","modified_gmt":"2023-11-01T10:45:17","slug":"lart-de-la-seduction","status":"publish","type":"product","link":"https:\/\/baralivres.ma\/?product=lart-de-la-seduction","title":{"rendered":"L&rsquo;art de la s\u00e9duction"},"content":{"rendered":"<p>La s\u00e9duction est l&rsquo;arme ultime du pouvoir, exploitant le besoin insatiable de plaisir de l&rsquo;individu. Robert Greene, amoureux de l&rsquo;histoire, de la litt\u00e9rature, et de la France en particulier, s&rsquo;appuie sur la sagesse des grands penseurs, de Freud \u00e0 Kierkegaard, en passant par les vies fascinantes de personnages historiques, pour r\u00e9v\u00e9ler les rouages de l&rsquo;art universel de la s\u00e9duction. Il explique comment cr\u00e9er le d\u00e9sir chez l&rsquo;autre, jouer avec ses \u00e9motions en alternant plaisir et confusion, et cultiver un d\u00e9sir toujours croissant. La s\u00e9duction est ainsi d\u00e9crite comme une arme subtile, intelligente et universelle dans l&rsquo;amour et la politique. Fort de son exp\u00e9rience, Robert Greene partage des enseignements essentiels pour ma\u00eetriser cet art complexe et puissant.<\/p>\n","protected":false},"excerpt":{"rendered":"<p>La s\u00e9duction est l&rsquo;arme ultime du pouvoir, exploitant le besoin de plaisir. Robert Greene explore ses subtilit\u00e9s.<\/p>\n","protected":false},"featured_media":16999,"comment_status":"open","ping_status":"closed","template":"","meta":{"inline_featured_image":false},"product_cat":[204,91],"product_tag":[],"class_list":{"0":"post-16998","1":"product","2":"type-product","3":"status-publish","4":"has-post-thumbnail","6":"product_cat-francais","7":"product_cat-developpement","8":"pa_auteurs-robert-greene","10":"first","11":"instock","12":"shipping-taxable","13":"purchasable","14":"product-type-simple"},"_links":{"self":[{"href":"https:\/\/baralivres.ma\/index.php?rest_route=\/wp\/v2\/product\/16998","targetHints":{"allow":["GET"]}}],"collection":[{"href":"https:\/\/baralivres.ma\/index.php?rest_route=\/wp\/v2\/product"}],"about":[{"href":"https:\/\/baralivres.ma\/index.php?rest_route=\/wp\/v2\/types\/product"}],"replies":[{"embeddable":true,"href":"https:\/\/baralivres.ma\/index.php?rest_route=%2Fwp%2Fv2%2Fcomments&post=16998"}],"version-history":[{"count":1,"href":"https:\/\/baralivres.ma\/index.php?rest_route=\/wp\/v2\/product\/16998\/revisions"}],"predecessor-version":[{"id":17003,"href":"https:\/\/baralivres.ma\/index.php?rest_route=\/wp\/v2\/product\/16998\/revisions\/17003"}],"wp:featuredmedia":[{"embeddable":true,"href":"https:\/\/baralivres.ma\/index.php?rest_route=\/wp\/v2\/media\/16999"}],"wp:attachment":[{"href":"https:\/\/baralivres.ma\/index.php?rest_route=%2Fwp%2Fv2%2Fmedia&parent=16998"}],"wp:term":[{"taxonomy":"product_cat","embeddable":true,"href":"https:\/\/baralivres.ma\/index.php?rest_route=%2Fwp%2Fv2%2Fproduct_cat&post=16998"},{"taxonomy":"product_tag","embeddable":true,"href":"https:\/\/baralivres.ma\/index.php?rest_route=%2Fwp%2Fv2%2Fproduct_tag&post=16998"}],"curies":[{"name":"wp","href":"https:\/\/api.w.org\/{rel}","templated":true}]}}