{"id":16989,"date":"2023-11-01T11:42:38","date_gmt":"2023-11-01T10:42:38","guid":{"rendered":"https:\/\/baralivres.ma\/?post_type=product&#038;p=16989"},"modified":"2023-11-01T11:42:38","modified_gmt":"2023-11-01T10:42:38","slug":"power-edition-condensee","status":"publish","type":"product","link":"https:\/\/baralivres.ma\/?product=power-edition-condensee","title":{"rendered":"Power (\u00e9dition condens\u00e9e)"},"content":{"rendered":"<p>L&rsquo;ouvrage explore le d\u00e9sir du pouvoir, la crainte qui l&rsquo;entoure et les moyens de le prot\u00e9ger. Il r\u00e9v\u00e8le les quatre premi\u00e8res lois de la manipulation, qui incluent le non-d\u00e9passement du ma\u00eetre, l&rsquo;utilisation des ennemis, la dissimulation des intentions, et la retenue dans la communication. Le pouvoir est pr\u00e9sent\u00e9 comme un concept amoral, intelligent, impitoyable, et fascinant.<\/p>\n","protected":false},"excerpt":{"rendered":"<p>Un manuel sur le pouvoir explore le d\u00e9sir, la crainte, la manipulation, et la protection.<\/p>\n","protected":false},"featured_media":16995,"comment_status":"open","ping_status":"closed","template":"","meta":{"inline_featured_image":false},"product_cat":[204,91],"product_tag":[],"class_list":{"0":"post-16989","1":"product","2":"type-product","3":"status-publish","4":"has-post-thumbnail","6":"product_cat-francais","7":"product_cat-developpement","8":"pa_auteurs-robert-greene","10":"first","11":"instock","12":"shipping-taxable","13":"purchasable","14":"product-type-simple"},"_links":{"self":[{"href":"https:\/\/baralivres.ma\/index.php?rest_route=\/wp\/v2\/product\/16989","targetHints":{"allow":["GET"]}}],"collection":[{"href":"https:\/\/baralivres.ma\/index.php?rest_route=\/wp\/v2\/product"}],"about":[{"href":"https:\/\/baralivres.ma\/index.php?rest_route=\/wp\/v2\/types\/product"}],"replies":[{"embeddable":true,"href":"https:\/\/baralivres.ma\/index.php?rest_route=%2Fwp%2Fv2%2Fcomments&post=16989"}],"version-history":[{"count":1,"href":"https:\/\/baralivres.ma\/index.php?rest_route=\/wp\/v2\/product\/16989\/revisions"}],"predecessor-version":[{"id":16997,"href":"https:\/\/baralivres.ma\/index.php?rest_route=\/wp\/v2\/product\/16989\/revisions\/16997"}],"wp:featuredmedia":[{"embeddable":true,"href":"https:\/\/baralivres.ma\/index.php?rest_route=\/wp\/v2\/media\/16995"}],"wp:attachment":[{"href":"https:\/\/baralivres.ma\/index.php?rest_route=%2Fwp%2Fv2%2Fmedia&parent=16989"}],"wp:term":[{"taxonomy":"product_cat","embeddable":true,"href":"https:\/\/baralivres.ma\/index.php?rest_route=%2Fwp%2Fv2%2Fproduct_cat&post=16989"},{"taxonomy":"product_tag","embeddable":true,"href":"https:\/\/baralivres.ma\/index.php?rest_route=%2Fwp%2Fv2%2Fproduct_tag&post=16989"}],"curies":[{"name":"wp","href":"https:\/\/api.w.org\/{rel}","templated":true}]}}