{"id":16983,"date":"2023-11-01T11:41:49","date_gmt":"2023-11-01T10:41:49","guid":{"rendered":"https:\/\/baralivres.ma\/?post_type=product&#038;p=16983"},"modified":"2025-04-12T09:56:28","modified_gmt":"2025-04-12T08:56:28","slug":"profession-entrepreneur-libre","status":"publish","type":"product","link":"https:\/\/baralivres.ma\/?product=profession-entrepreneur-libre","title":{"rendered":"Profession : Entrepreneur libre"},"content":{"rendered":"<p>\u00ab\u00a0Est-il n\u00e9cessaire d&rsquo;avoir une dose de d\u00e9termination pour entreprendre ? Absolument, mais les r\u00e9compenses en valent la peine ! Devenir son propre patron repr\u00e9sente l&rsquo;unique moyen de conqu\u00e9rir sa libert\u00e9, de prendre en main son destin, et de concr\u00e9tiser les r\u00eaves qui nous animent. S\u00e9bastien Night, entrepreneur renomm\u00e9 sur le web, consultant et conf\u00e9rencier, partage l&rsquo;ensemble des cl\u00e9s n\u00e9cessaires pour se lancer \u00e0 son compte et r\u00e9aliser une croissance fulgurante, tout en vivant selon ses propres principes. Si vous vous \u00eates d\u00e9j\u00e0 interrog\u00e9 sur votre capacit\u00e9 \u00e0 cr\u00e9er une entreprise, sur la d\u00e9couverte d&rsquo;une id\u00e9e lucrative, sur le financement initial, sur le moment o\u00f9 vous pourrez tirer un revenu de votre activit\u00e9, ou sur la meilleure strat\u00e9gie pour attirer vos premiers clients, ce livre est fait pour vous. Enrichi de t\u00e9moignages concrets d&rsquo;entrepreneurs ayant r\u00e9ussi \u00e0 partir de z\u00e9ro, cet ouvrage de r\u00e9f\u00e9rence saura r\u00e9pondre \u00e0 toutes ces questions, et bien d&rsquo;autres encore.<\/p>\n","protected":false},"excerpt":{"rendered":"<p>Entreprendre demande audace, libert\u00e9 et S\u00e9bastien Night partage cl\u00e9s r\u00e9ussite entrepreneuriale, de l&rsquo;id\u00e9e au succ\u00e8s.<\/p>\n","protected":false},"featured_media":16990,"comment_status":"open","ping_status":"closed","template":"","meta":{"inline_featured_image":false},"product_cat":[3896,91],"product_tag":[],"class_list":{"0":"post-16983","1":"product","2":"type-product","3":"status-publish","4":"has-post-thumbnail","6":"product_cat-developpement-francais","7":"product_cat-developpement","8":"pa_auteurs-sebastien-night-2","10":"first","11":"instock","12":"shipping-taxable","13":"purchasable","14":"product-type-simple"},"_links":{"self":[{"href":"https:\/\/baralivres.ma\/index.php?rest_route=\/wp\/v2\/product\/16983","targetHints":{"allow":["GET"]}}],"collection":[{"href":"https:\/\/baralivres.ma\/index.php?rest_route=\/wp\/v2\/product"}],"about":[{"href":"https:\/\/baralivres.ma\/index.php?rest_route=\/wp\/v2\/types\/product"}],"replies":[{"embeddable":true,"href":"https:\/\/baralivres.ma\/index.php?rest_route=%2Fwp%2Fv2%2Fcomments&post=16983"}],"version-history":[{"count":1,"href":"https:\/\/baralivres.ma\/index.php?rest_route=\/wp\/v2\/product\/16983\/revisions"}],"predecessor-version":[{"id":16994,"href":"https:\/\/baralivres.ma\/index.php?rest_route=\/wp\/v2\/product\/16983\/revisions\/16994"}],"wp:featuredmedia":[{"embeddable":true,"href":"https:\/\/baralivres.ma\/index.php?rest_route=\/wp\/v2\/media\/16990"}],"wp:attachment":[{"href":"https:\/\/baralivres.ma\/index.php?rest_route=%2Fwp%2Fv2%2Fmedia&parent=16983"}],"wp:term":[{"taxonomy":"product_cat","embeddable":true,"href":"https:\/\/baralivres.ma\/index.php?rest_route=%2Fwp%2Fv2%2Fproduct_cat&post=16983"},{"taxonomy":"product_tag","embeddable":true,"href":"https:\/\/baralivres.ma\/index.php?rest_route=%2Fwp%2Fv2%2Fproduct_tag&post=16983"}],"curies":[{"name":"wp","href":"https:\/\/api.w.org\/{rel}","templated":true}]}}