{"id":16982,"date":"2023-11-01T11:38:39","date_gmt":"2023-11-01T10:38:39","guid":{"rendered":"https:\/\/baralivres.ma\/?post_type=product&#038;p=16982"},"modified":"2023-11-01T11:38:39","modified_gmt":"2023-11-01T10:38:39","slug":"avoir-confiance-en-soi","status":"publish","type":"product","link":"https:\/\/baralivres.ma\/?product=avoir-confiance-en-soi","title":{"rendered":"Avoir confiance en soi"},"content":{"rendered":"<p>Le manque de confiance en soi peut entraver consid\u00e9rablement notre vie. Il est souvent \u00e0 l&rsquo;origine de nombreux probl\u00e8mes relationnels, d&rsquo;obstacles professionnels et peut m\u00eame contribuer \u00e0 des troubles de sant\u00e9 mentale. En s&rsquo;appuyant sur les principes de la communication et du d\u00e9veloppement personnel, Marie Haddou offre un \u00e9ventail de techniques adapt\u00e9es \u00e0 chaque situation, illustr\u00e9es par des exemples concrets. Son approche vise \u00e0 nous aider \u00e0 regagner confiance en nous, \u00e0 atteindre nos objectifs, \u00e0 mieux communiquer nos opinions, \u00e0 nous affranchir des opinions des autres et \u00e0 agir en coh\u00e9rence avec nos propres id\u00e9es.<\/p>\n","protected":false},"excerpt":{"rendered":"<p>Confiance, communication, d\u00e9veloppement personnel, techniques.<\/p>\n","protected":false},"featured_media":16984,"comment_status":"open","ping_status":"closed","template":"","meta":{"inline_featured_image":false},"product_cat":[204,91],"product_tag":[],"class_list":{"0":"post-16982","1":"product","2":"type-product","3":"status-publish","4":"has-post-thumbnail","6":"product_cat-francais","7":"product_cat-developpement","8":"pa_auteurs-marie-haddou","10":"first","11":"instock","12":"shipping-taxable","13":"purchasable","14":"product-type-simple"},"_links":{"self":[{"href":"https:\/\/baralivres.ma\/index.php?rest_route=\/wp\/v2\/product\/16982","targetHints":{"allow":["GET"]}}],"collection":[{"href":"https:\/\/baralivres.ma\/index.php?rest_route=\/wp\/v2\/product"}],"about":[{"href":"https:\/\/baralivres.ma\/index.php?rest_route=\/wp\/v2\/types\/product"}],"replies":[{"embeddable":true,"href":"https:\/\/baralivres.ma\/index.php?rest_route=%2Fwp%2Fv2%2Fcomments&post=16982"}],"version-history":[{"count":1,"href":"https:\/\/baralivres.ma\/index.php?rest_route=\/wp\/v2\/product\/16982\/revisions"}],"predecessor-version":[{"id":16985,"href":"https:\/\/baralivres.ma\/index.php?rest_route=\/wp\/v2\/product\/16982\/revisions\/16985"}],"wp:featuredmedia":[{"embeddable":true,"href":"https:\/\/baralivres.ma\/index.php?rest_route=\/wp\/v2\/media\/16984"}],"wp:attachment":[{"href":"https:\/\/baralivres.ma\/index.php?rest_route=%2Fwp%2Fv2%2Fmedia&parent=16982"}],"wp:term":[{"taxonomy":"product_cat","embeddable":true,"href":"https:\/\/baralivres.ma\/index.php?rest_route=%2Fwp%2Fv2%2Fproduct_cat&post=16982"},{"taxonomy":"product_tag","embeddable":true,"href":"https:\/\/baralivres.ma\/index.php?rest_route=%2Fwp%2Fv2%2Fproduct_tag&post=16982"}],"curies":[{"name":"wp","href":"https:\/\/api.w.org\/{rel}","templated":true}]}}