{"id":16976,"date":"2023-11-01T11:35:43","date_gmt":"2023-11-01T10:35:43","guid":{"rendered":"https:\/\/baralivres.ma\/?post_type=product&#038;p=16976"},"modified":"2023-11-01T11:35:44","modified_gmt":"2023-11-01T10:35:44","slug":"la-cle-du-succes-illimite","status":"publish","type":"product","link":"https:\/\/baralivres.ma\/?product=la-cle-du-succes-illimite","title":{"rendered":"La Cl\u00e9 du succ\u00e8s illimit\u00e9"},"content":{"rendered":"<p>Vous \u00eates constamment motiv\u00e9, mais vos r\u00eaves et objectifs peinent \u00e0 se r\u00e9aliser, que ce soit dans votre vie professionnelle ou amoureuse malgr\u00e9 vos efforts. Joe Vitale, sp\u00e9cialiste de la loi de l&rsquo;attraction, offre dix m\u00e9thodes pour surmonter les blocages inconscients et concr\u00e9tiser vos aspirations. Ces techniques, bas\u00e9es sur l&rsquo;hypnoth\u00e9rapie, la th\u00e9rapie cognitive et la pratique hawa\u00efenne ancestrale de l&rsquo;ho&rsquo;oponopono, visent \u00e0 vous lib\u00e9rer de vos limites mentales, \u00e0 transcender les conditionnements qui restreignent votre potentiel et \u00e0 identifier les barri\u00e8res qui entravent votre succ\u00e8s. En combinant le monde des affaires et la puissance de l&rsquo;esprit, Joe Vitale ouvre les portes vers un univers de possibilit\u00e9s souvent m\u00e9connues.<\/p>\n","protected":false},"excerpt":{"rendered":"<p>Joe Vitale propose m\u00e9thodes pour surpasser blocages et r\u00e9aliser aspirations, unissant esprit et affaires.<\/p>\n","protected":false},"featured_media":16980,"comment_status":"open","ping_status":"closed","template":"","meta":{"inline_featured_image":false},"product_cat":[204,91],"product_tag":[],"class_list":{"0":"post-16976","1":"product","2":"type-product","3":"status-publish","4":"has-post-thumbnail","6":"product_cat-francais","7":"product_cat-developpement","8":"pa_auteurs-joe-vitale","10":"first","11":"instock","12":"shipping-taxable","13":"purchasable","14":"product-type-simple"},"_links":{"self":[{"href":"https:\/\/baralivres.ma\/index.php?rest_route=\/wp\/v2\/product\/16976","targetHints":{"allow":["GET"]}}],"collection":[{"href":"https:\/\/baralivres.ma\/index.php?rest_route=\/wp\/v2\/product"}],"about":[{"href":"https:\/\/baralivres.ma\/index.php?rest_route=\/wp\/v2\/types\/product"}],"replies":[{"embeddable":true,"href":"https:\/\/baralivres.ma\/index.php?rest_route=%2Fwp%2Fv2%2Fcomments&post=16976"}],"version-history":[{"count":1,"href":"https:\/\/baralivres.ma\/index.php?rest_route=\/wp\/v2\/product\/16976\/revisions"}],"predecessor-version":[{"id":16981,"href":"https:\/\/baralivres.ma\/index.php?rest_route=\/wp\/v2\/product\/16976\/revisions\/16981"}],"wp:featuredmedia":[{"embeddable":true,"href":"https:\/\/baralivres.ma\/index.php?rest_route=\/wp\/v2\/media\/16980"}],"wp:attachment":[{"href":"https:\/\/baralivres.ma\/index.php?rest_route=%2Fwp%2Fv2%2Fmedia&parent=16976"}],"wp:term":[{"taxonomy":"product_cat","embeddable":true,"href":"https:\/\/baralivres.ma\/index.php?rest_route=%2Fwp%2Fv2%2Fproduct_cat&post=16976"},{"taxonomy":"product_tag","embeddable":true,"href":"https:\/\/baralivres.ma\/index.php?rest_route=%2Fwp%2Fv2%2Fproduct_tag&post=16976"}],"curies":[{"name":"wp","href":"https:\/\/api.w.org\/{rel}","templated":true}]}}