{"id":16975,"date":"2023-11-01T11:34:12","date_gmt":"2023-11-01T10:34:12","guid":{"rendered":"https:\/\/baralivres.ma\/?post_type=product&#038;p=16975"},"modified":"2023-11-01T11:34:13","modified_gmt":"2023-11-01T10:34:13","slug":"les-lois-de-la-nature-humaine-edition-condensee","status":"publish","type":"product","link":"https:\/\/baralivres.ma\/?product=les-lois-de-la-nature-humaine-edition-condensee","title":{"rendered":"Les lois de la nature humaine (\u00e9dition condens\u00e9e)"},"content":{"rendered":"<p>L&rsquo;auteur du best-seller \u00ab\u00a0Power\u00a0\u00bb, avec plus de 2 millions d&rsquo;exemplaires vendus dans le monde, explore l&rsquo;impact de la nature humaine sur nos vies, soulignant que nos talents et capacit\u00e9s sont limit\u00e9s sans une compr\u00e9hension profonde du comportement humain. Il offre des conseils pour ma\u00eetriser notre moi \u00e9motionnel, cultiver l&#8217;empathie, percer les masques sociaux, \u00e9valuer le caract\u00e8re des individus, devenir une personne d\u00e9sirable, d\u00e9velopper une perspective globale, influencer les autres de mani\u00e8re positive, changer nos pens\u00e9es pour transformer notre r\u00e9alit\u00e9, affronter nos c\u00f4t\u00e9s sombres, g\u00e9rer notre ego fragile, reconna\u00eetre nos limites, r\u00e9tablir l&rsquo;\u00e9quilibre masculin\/f\u00e9minin, donner un sens \u00e0 notre vie, r\u00e9sister aux influences n\u00e9gatives, inspirer les autres, d\u00e9coder les intentions cach\u00e9es derri\u00e8re les fa\u00e7ades amicales, saisir les opportunit\u00e9s historiques, et m\u00e9diter sur notre mortalit\u00e9.<\/p>\n","protected":false},"excerpt":{"rendered":"<p>L&rsquo;auteur explore le comportement humain, offrant des conseils pour ma\u00eetriser les \u00e9motions, influencer positivement, et grandir.<\/p>\n","protected":false},"featured_media":16977,"comment_status":"open","ping_status":"closed","template":"","meta":{"inline_featured_image":false},"product_cat":[204,91],"product_tag":[],"class_list":{"0":"post-16975","1":"product","2":"type-product","3":"status-publish","4":"has-post-thumbnail","6":"product_cat-francais","7":"product_cat-developpement","8":"pa_auteurs-robert-greene","10":"first","11":"instock","12":"shipping-taxable","13":"purchasable","14":"product-type-simple"},"_links":{"self":[{"href":"https:\/\/baralivres.ma\/index.php?rest_route=\/wp\/v2\/product\/16975","targetHints":{"allow":["GET"]}}],"collection":[{"href":"https:\/\/baralivres.ma\/index.php?rest_route=\/wp\/v2\/product"}],"about":[{"href":"https:\/\/baralivres.ma\/index.php?rest_route=\/wp\/v2\/types\/product"}],"replies":[{"embeddable":true,"href":"https:\/\/baralivres.ma\/index.php?rest_route=%2Fwp%2Fv2%2Fcomments&post=16975"}],"version-history":[{"count":1,"href":"https:\/\/baralivres.ma\/index.php?rest_route=\/wp\/v2\/product\/16975\/revisions"}],"predecessor-version":[{"id":16978,"href":"https:\/\/baralivres.ma\/index.php?rest_route=\/wp\/v2\/product\/16975\/revisions\/16978"}],"wp:featuredmedia":[{"embeddable":true,"href":"https:\/\/baralivres.ma\/index.php?rest_route=\/wp\/v2\/media\/16977"}],"wp:attachment":[{"href":"https:\/\/baralivres.ma\/index.php?rest_route=%2Fwp%2Fv2%2Fmedia&parent=16975"}],"wp:term":[{"taxonomy":"product_cat","embeddable":true,"href":"https:\/\/baralivres.ma\/index.php?rest_route=%2Fwp%2Fv2%2Fproduct_cat&post=16975"},{"taxonomy":"product_tag","embeddable":true,"href":"https:\/\/baralivres.ma\/index.php?rest_route=%2Fwp%2Fv2%2Fproduct_tag&post=16975"}],"curies":[{"name":"wp","href":"https:\/\/api.w.org\/{rel}","templated":true}]}}