{"id":16972,"date":"2023-11-01T11:28:44","date_gmt":"2023-11-01T10:28:44","guid":{"rendered":"https:\/\/baralivres.ma\/?post_type=product&#038;p=16972"},"modified":"2024-03-14T13:04:59","modified_gmt":"2024-03-14T12:04:59","slug":"les-lois-de-la-nature-humaine","status":"publish","type":"product","link":"https:\/\/baralivres.ma\/?product=les-lois-de-la-nature-humaine","title":{"rendered":"Les lois de la nature humaine"},"content":{"rendered":"<p>Dans son dernier ouvrage, Robert Greene, auteur de renom \u00e0 succ\u00e8s, plonge dans les m\u00e9andres de la nature humaine pour explorer comment nos caract\u00e9ristiques intrins\u00e8ques et notre comportement fa\u00e7onnent notre destin. Il soutient que la compr\u00e9hension des lois fondamentales qui r\u00e9gissent nos actions est essentielle pour r\u00e9ussir dans la vie.<\/p>\n<p>S&rsquo;appuyant sur 3 000 ans d&rsquo;histoire et en s&rsquo;inspirant de grandes figures historiques ainsi que de personnalit\u00e9s contemporaines, Greene d\u00e9cortique les comportements humains et extrait des le\u00e7ons pr\u00e9cieuses pour le lecteur. Il met en lumi\u00e8re des strat\u00e9gies pour ma\u00eetriser les forces qui dirigent nos actions, d\u00e9velopper une r\u00e9sistance aux influences sociales conformistes et d\u00e9chiffrer les motivations, parfois inconscientes, de ceux qui nous entourent.<\/p>\n<p>Ce livre offre un \u00e9clairage profond et instructif sur la mani\u00e8re dont nous pouvons am\u00e9liorer nos relations avec les autres, g\u00e9rer notre propre comportement, et r\u00e9ussir dans nos projets personnels et professionnels. Il promeut la libert\u00e9, la cr\u00e9ativit\u00e9 et la connaissance de soi, apportant une perspective pr\u00e9cieuse sur la nature humaine.<\/p>\n","protected":false},"excerpt":{"rendered":"<p>Robert Greene, auteur renomm\u00e9, explore les bases du comportement humain en puisant dans l&rsquo;histoire et l&rsquo;analyse de figures historiques et contemporaines. Il expose les lois qui r\u00e9gissent nos actions, nous aidant \u00e0 comprendre et \u00e0 ma\u00eetriser les forces qui nous influencent. Ce livre offre des strat\u00e9gies pour am\u00e9liorer nos relations et r\u00e9ussir dans la vie.<\/p>\n","protected":false},"featured_media":16973,"comment_status":"open","ping_status":"closed","template":"","meta":{"inline_featured_image":false},"product_cat":[204,3675,91],"product_tag":[],"class_list":{"0":"post-16972","1":"product","2":"type-product","3":"status-publish","4":"has-post-thumbnail","6":"product_cat-francais","7":"product_cat-humains-et-productivite","8":"product_cat-developpement","9":"pa_auteurs-cecile-capilla","11":"first","12":"instock","13":"shipping-taxable","14":"purchasable","15":"product-type-simple"},"_links":{"self":[{"href":"https:\/\/baralivres.ma\/index.php?rest_route=\/wp\/v2\/product\/16972","targetHints":{"allow":["GET"]}}],"collection":[{"href":"https:\/\/baralivres.ma\/index.php?rest_route=\/wp\/v2\/product"}],"about":[{"href":"https:\/\/baralivres.ma\/index.php?rest_route=\/wp\/v2\/types\/product"}],"replies":[{"embeddable":true,"href":"https:\/\/baralivres.ma\/index.php?rest_route=%2Fwp%2Fv2%2Fcomments&post=16972"}],"version-history":[{"count":1,"href":"https:\/\/baralivres.ma\/index.php?rest_route=\/wp\/v2\/product\/16972\/revisions"}],"predecessor-version":[{"id":16974,"href":"https:\/\/baralivres.ma\/index.php?rest_route=\/wp\/v2\/product\/16972\/revisions\/16974"}],"wp:featuredmedia":[{"embeddable":true,"href":"https:\/\/baralivres.ma\/index.php?rest_route=\/wp\/v2\/media\/16973"}],"wp:attachment":[{"href":"https:\/\/baralivres.ma\/index.php?rest_route=%2Fwp%2Fv2%2Fmedia&parent=16972"}],"wp:term":[{"taxonomy":"product_cat","embeddable":true,"href":"https:\/\/baralivres.ma\/index.php?rest_route=%2Fwp%2Fv2%2Fproduct_cat&post=16972"},{"taxonomy":"product_tag","embeddable":true,"href":"https:\/\/baralivres.ma\/index.php?rest_route=%2Fwp%2Fv2%2Fproduct_tag&post=16972"}],"curies":[{"name":"wp","href":"https:\/\/api.w.org\/{rel}","templated":true}]}}