{"id":16969,"date":"2023-11-01T11:25:04","date_gmt":"2023-11-01T10:25:04","guid":{"rendered":"https:\/\/baralivres.ma\/?post_type=product&#038;p=16969"},"modified":"2023-11-01T11:25:05","modified_gmt":"2023-11-01T10:25:05","slug":"101-questions-sur-tiktok","status":"publish","type":"product","link":"https:\/\/baralivres.ma\/?product=101-questions-sur-tiktok","title":{"rendered":"101 questions sur TikTok"},"content":{"rendered":"<p>Ce livre explore TikTok, le r\u00e9seau social en plein essor, \u00e0 travers 101 questions. Il offre des conseils sur l&rsquo;algorithme, le moment optimal pour poster, et les secrets des influenceurs. Destin\u00e9 \u00e0 tous les niveaux d&rsquo;utilisateurs, il vise \u00e0 d\u00e9velopper sa pr\u00e9sence sur TikTok, am\u00e9liorer un compte professionnel et peut-\u00eatre devenir un TikTokeur \u00e0 succ\u00e8s.<\/p>\n","protected":false},"excerpt":{"rendered":"<p>Guide pratique pour ma\u00eetriser TikTok, de l&rsquo;algorithme aux secrets des influenceurs, adapt\u00e9 aux utilisateurs de tous niveaux.<\/p>\n","protected":false},"featured_media":16970,"comment_status":"open","ping_status":"closed","template":"","meta":{"inline_featured_image":false},"product_cat":[204,91],"product_tag":[],"class_list":{"0":"post-16969","1":"product","2":"type-product","3":"status-publish","4":"has-post-thumbnail","6":"product_cat-francais","7":"product_cat-developpement","8":"pa_auteurs-jean-noel-chaintreuil","10":"first","11":"instock","12":"shipping-taxable","13":"purchasable","14":"product-type-simple"},"_links":{"self":[{"href":"https:\/\/baralivres.ma\/index.php?rest_route=\/wp\/v2\/product\/16969","targetHints":{"allow":["GET"]}}],"collection":[{"href":"https:\/\/baralivres.ma\/index.php?rest_route=\/wp\/v2\/product"}],"about":[{"href":"https:\/\/baralivres.ma\/index.php?rest_route=\/wp\/v2\/types\/product"}],"replies":[{"embeddable":true,"href":"https:\/\/baralivres.ma\/index.php?rest_route=%2Fwp%2Fv2%2Fcomments&post=16969"}],"version-history":[{"count":1,"href":"https:\/\/baralivres.ma\/index.php?rest_route=\/wp\/v2\/product\/16969\/revisions"}],"predecessor-version":[{"id":16971,"href":"https:\/\/baralivres.ma\/index.php?rest_route=\/wp\/v2\/product\/16969\/revisions\/16971"}],"wp:featuredmedia":[{"embeddable":true,"href":"https:\/\/baralivres.ma\/index.php?rest_route=\/wp\/v2\/media\/16970"}],"wp:attachment":[{"href":"https:\/\/baralivres.ma\/index.php?rest_route=%2Fwp%2Fv2%2Fmedia&parent=16969"}],"wp:term":[{"taxonomy":"product_cat","embeddable":true,"href":"https:\/\/baralivres.ma\/index.php?rest_route=%2Fwp%2Fv2%2Fproduct_cat&post=16969"},{"taxonomy":"product_tag","embeddable":true,"href":"https:\/\/baralivres.ma\/index.php?rest_route=%2Fwp%2Fv2%2Fproduct_tag&post=16969"}],"curies":[{"name":"wp","href":"https:\/\/api.w.org\/{rel}","templated":true}]}}