{"id":16962,"date":"2023-11-01T11:17:22","date_gmt":"2023-11-01T10:17:22","guid":{"rendered":"https:\/\/baralivres.ma\/?post_type=product&#038;p=16962"},"modified":"2023-11-01T11:17:22","modified_gmt":"2023-11-01T10:17:22","slug":"parlez-lart-de-sexprimer-en-public","status":"publish","type":"product","link":"https:\/\/baralivres.ma\/?product=parlez-lart-de-sexprimer-en-public","title":{"rendered":"Parlez ! &#8211; L&rsquo;art de s&rsquo;exprimer en public"},"content":{"rendered":"<div class=\"group w-full text-token-text-primary border-b border-black\/10 gizmo:border-0 dark:border-gray-900\/50 gizmo:dark:border-0 bg-gray-50 gizmo:bg-transparent dark:bg-[#444654] gizmo:dark:bg-transparent\" data-testid=\"conversation-turn-69\">\n<div class=\"p-4 gizmo:py-2 justify-center text-base md:gap-6 md:py-6 m-auto\">\n<div class=\"flex flex-1 gap-4 text-base mx-auto md:gap-6 gizmo:gap-3 gizmo:md:px-5 gizmo:lg:px-1 gizmo:xl:px-5 md:max-w-2xl lg:max-w-[38rem] gizmo:md:max-w-3xl gizmo:lg:max-w-[40rem] gizmo:xl:max-w-[48rem] xl:max-w-3xl }\">\n<div class=\"relative flex w-[calc(100%-50px)] flex-col gizmo:w-full lg:w-[calc(100%-115px)] agent-turn\">\n<div class=\"flex-col gap-1 md:gap-3\">\n<div class=\"flex flex-grow flex-col gap-3 max-w-full\">\n<div class=\"min-h-[20px] flex flex-col items-start gap-3 whitespace-pre-wrap break-words overflow-x-auto\" data-message-author-role=\"assistant\" data-message-id=\"9a06dc94-abea-4d3c-a171-3fb173bf33ea\">\n<div class=\"markdown prose w-full break-words dark:prose-invert light\">\n<p>Dale Carnegie, un conf\u00e9rencier chevronn\u00e9, offre des conseils pr\u00e9cieux pour aider ceux qui souffrent du trac \u00e0 prendre la parole en public avec confiance. Que ce soit pour animer une r\u00e9union en petit comit\u00e9 ou pour pr\u00e9senter un projet devant une grande audience, Carnegie propose une formule secr\u00e8te pour transformer les plus timides en orateurs habiles.<\/p>\n<p>Au fil de ses milliers d&rsquo;interventions, Carnegie a d\u00e9velopp\u00e9 des techniques efficaces pour structurer un discours de mani\u00e8re \u00e0 captiver l&rsquo;auditoire, inspirer la confiance en faisant preuve de cr\u00e9dibilit\u00e9 et d&#8217;empathie, et trouver les mots et l&rsquo;attitude appropri\u00e9s pour convaincre. Il insiste sur le fait que la cl\u00e9 de la r\u00e9ussite r\u00e9side dans la concentration sur le message \u00e0 transmettre, ce qui permettra de surmonter la peur de s&rsquo;adresser \u00e0 un public.<\/p>\n<p>Ce guide vous accompagnera dans le processus de lib\u00e9ration de l&rsquo;orateur passionn\u00e9 qui sommeille en vous. Gr\u00e2ce aux pr\u00e9cieux enseignements de Dale Carnegie, vous apprendrez \u00e0 ma\u00eetriser l&rsquo;art de la communication en public et \u00e0 devenir un orateur convaincant, quels que soient votre niveau de timidit\u00e9 et votre exp\u00e9rience.<\/p>\n<\/div>\n<\/div>\n<\/div>\n<div class=\"flex justify-between empty:hidden gizmo:justify-start gizmo:gap-3 lg:block gizmo:lg:flex\">\n<div class=\"text-gray-400 flex self-end lg:self-center justify-center gizmo:lg:justify-start mt-2 gizmo:mt-0 visible lg:gap-1 lg:absolute lg:top-0 lg:translate-x-full lg:right-0 lg:mt-0 lg:pl-2 gap-2 md:gap-3\"><button class=\"flex ml-auto gizmo:ml-0 gap-2 items-center rounded-md p-1 text-xs gizmo:gap-1.5 gizmo:pl-0 dark:text-gray-400 dark:hover:text-gray-200 disabled:dark:hover:text-gray-400 hover:text-gray-700\"><\/button><\/p>\n<div class=\"flex gap-1\"><\/div>\n<\/div>\n<\/div>\n<\/div>\n<\/div>\n<\/div>\n<\/div>\n<\/div>\n","protected":false},"excerpt":{"rendered":"<p>Dale Carnegie, un conf\u00e9rencier exp\u00e9riment\u00e9, d\u00e9voile comment surmonter la peur de parler en public. Il partage des techniques pour structurer, inspirer la confiance, et convaincre lors des discours, qu&rsquo;ils soient petits ou grands. Lib\u00e9rez l&rsquo;orateur passionn\u00e9 en vous.<\/p>\n","protected":false},"featured_media":16963,"comment_status":"open","ping_status":"closed","template":"","meta":{"inline_featured_image":false},"product_cat":[204,91],"product_tag":[],"class_list":{"0":"post-16962","1":"product","2":"type-product","3":"status-publish","4":"has-post-thumbnail","6":"product_cat-francais","7":"product_cat-developpement","8":"pa_auteurs-dale-carnegie","10":"first","11":"instock","12":"shipping-taxable","13":"purchasable","14":"product-type-simple"},"_links":{"self":[{"href":"https:\/\/baralivres.ma\/index.php?rest_route=\/wp\/v2\/product\/16962","targetHints":{"allow":["GET"]}}],"collection":[{"href":"https:\/\/baralivres.ma\/index.php?rest_route=\/wp\/v2\/product"}],"about":[{"href":"https:\/\/baralivres.ma\/index.php?rest_route=\/wp\/v2\/types\/product"}],"replies":[{"embeddable":true,"href":"https:\/\/baralivres.ma\/index.php?rest_route=%2Fwp%2Fv2%2Fcomments&post=16962"}],"version-history":[{"count":1,"href":"https:\/\/baralivres.ma\/index.php?rest_route=\/wp\/v2\/product\/16962\/revisions"}],"predecessor-version":[{"id":16965,"href":"https:\/\/baralivres.ma\/index.php?rest_route=\/wp\/v2\/product\/16962\/revisions\/16965"}],"wp:featuredmedia":[{"embeddable":true,"href":"https:\/\/baralivres.ma\/index.php?rest_route=\/wp\/v2\/media\/16963"}],"wp:attachment":[{"href":"https:\/\/baralivres.ma\/index.php?rest_route=%2Fwp%2Fv2%2Fmedia&parent=16962"}],"wp:term":[{"taxonomy":"product_cat","embeddable":true,"href":"https:\/\/baralivres.ma\/index.php?rest_route=%2Fwp%2Fv2%2Fproduct_cat&post=16962"},{"taxonomy":"product_tag","embeddable":true,"href":"https:\/\/baralivres.ma\/index.php?rest_route=%2Fwp%2Fv2%2Fproduct_tag&post=16962"}],"curies":[{"name":"wp","href":"https:\/\/api.w.org\/{rel}","templated":true}]}}