{"id":16951,"date":"2023-11-01T11:08:57","date_gmt":"2023-11-01T10:08:57","guid":{"rendered":"https:\/\/baralivres.ma\/?post_type=product&#038;p=16951"},"modified":"2025-04-11T11:39:47","modified_gmt":"2025-04-11T10:39:47","slug":"leffet-cumule-decuplez-votre-reussite","status":"publish","type":"product","link":"https:\/\/baralivres.ma\/?product=leffet-cumule-decuplez-votre-reussite","title":{"rendered":"L&rsquo;effet cumul\u00e9 &#8211; D\u00e9cuplez votre r\u00e9ussite !"},"content":{"rendered":"<p>Amplifiez votre r\u00e9ussite en ma\u00eetrisant les principes cl\u00e9s de L&rsquo;Effet cumul\u00e9, pour un succ\u00e8s durable. Darren Hardy partage des conseils pour \u00e9liminer les mauvaises habitudes, \u00e9tablir des disciplines, trouver la motivation authentique, se d\u00e9marquer des concurrents, et saisir les opportunit\u00e9s. Ce guide vous aidera \u00e0 multiplier vos succ\u00e8s et \u00e0 r\u00e9aliser vos aspirations pour une vie extraordinaire. L&rsquo;aventure commence maintenant !<\/p>\n","protected":false},"excerpt":{"rendered":"<p>\u00ab\u00a0L&rsquo;Effet cumul\u00e9\u00a0\u00bb de Darren Hardy d\u00e9voile des principes essentiels pour le succ\u00e8s durable et l&rsquo;am\u00e9lioration personnelle.<\/p>\n","protected":false},"featured_media":16957,"comment_status":"open","ping_status":"closed","template":"","meta":{"inline_featured_image":false},"product_cat":[4229,3674,204,91],"product_tag":[],"class_list":{"0":"post-16951","1":"product","2":"type-product","3":"status-publish","4":"has-post-thumbnail","6":"product_cat-bibliotheque_a_moins-cher","7":"product_cat-best-s","8":"product_cat-francais","9":"product_cat-developpement","10":"pa_auteurs-darren-hardy","12":"first","13":"instock","14":"sale","15":"shipping-taxable","16":"purchasable","17":"product-type-simple"},"_links":{"self":[{"href":"https:\/\/baralivres.ma\/index.php?rest_route=\/wp\/v2\/product\/16951","targetHints":{"allow":["GET"]}}],"collection":[{"href":"https:\/\/baralivres.ma\/index.php?rest_route=\/wp\/v2\/product"}],"about":[{"href":"https:\/\/baralivres.ma\/index.php?rest_route=\/wp\/v2\/types\/product"}],"replies":[{"embeddable":true,"href":"https:\/\/baralivres.ma\/index.php?rest_route=%2Fwp%2Fv2%2Fcomments&post=16951"}],"version-history":[{"count":1,"href":"https:\/\/baralivres.ma\/index.php?rest_route=\/wp\/v2\/product\/16951\/revisions"}],"predecessor-version":[{"id":16958,"href":"https:\/\/baralivres.ma\/index.php?rest_route=\/wp\/v2\/product\/16951\/revisions\/16958"}],"wp:featuredmedia":[{"embeddable":true,"href":"https:\/\/baralivres.ma\/index.php?rest_route=\/wp\/v2\/media\/16957"}],"wp:attachment":[{"href":"https:\/\/baralivres.ma\/index.php?rest_route=%2Fwp%2Fv2%2Fmedia&parent=16951"}],"wp:term":[{"taxonomy":"product_cat","embeddable":true,"href":"https:\/\/baralivres.ma\/index.php?rest_route=%2Fwp%2Fv2%2Fproduct_cat&post=16951"},{"taxonomy":"product_tag","embeddable":true,"href":"https:\/\/baralivres.ma\/index.php?rest_route=%2Fwp%2Fv2%2Fproduct_tag&post=16951"}],"curies":[{"name":"wp","href":"https:\/\/api.w.org\/{rel}","templated":true}]}}