{"id":16947,"date":"2023-11-01T11:04:50","date_gmt":"2023-11-01T10:04:50","guid":{"rendered":"https:\/\/baralivres.ma\/?post_type=product&#038;p=16947"},"modified":"2023-11-01T11:10:30","modified_gmt":"2023-11-01T10:10:30","slug":"ne-vous-laissez-plus-faire","status":"publish","type":"product","link":"https:\/\/baralivres.ma\/?product=ne-vous-laissez-plus-faire","title":{"rendered":"Ne vous laissez plus faire !"},"content":{"rendered":"<p>Avez-vous d\u00e9j\u00e0 eu du mal \u00e0 refuser une demande ou \u00e0 exprimer vos d\u00e9saccords par crainte de la r\u00e9action des autres ? Il est courant de se sentir coinc\u00e9 par ces appr\u00e9hensions, qu&rsquo;elles soient li\u00e9es \u00e0 la peur du jugement ou \u00e0 un manque de confiance en soi. Pourtant, une fois que l&rsquo;on ose s&rsquo;affirmer, on r\u00e9alise souvent que les craintes \u00e9taient exag\u00e9r\u00e9es. Le Dr Wayne W. Dyer propose dix le\u00e7ons accompagn\u00e9es de tests r\u00e9v\u00e9lateurs pour retrouver confiance en soi et adopter une attitude gagnante dans la vie. Il s&rsquo;agit de rompre avec cette vision d\u00e9form\u00e9e de soi et de la r\u00e9alit\u00e9 qui nous limite.<\/p>\n","protected":false},"excerpt":{"rendered":"<p>S&rsquo;affirmer, surmonter la peur du jugement, adopter une attitude confiante pour r\u00e9ussir pleinement.<\/p>\n","protected":false},"featured_media":16952,"comment_status":"open","ping_status":"closed","template":"","meta":{"inline_featured_image":false},"product_cat":[204,91],"product_tag":[],"class_list":{"0":"post-16947","1":"product","2":"type-product","3":"status-publish","4":"has-post-thumbnail","6":"product_cat-francais","7":"product_cat-developpement","8":"pa_auteurs-wayne-w-dyer","10":"first","11":"instock","12":"shipping-taxable","13":"purchasable","14":"product-type-simple"},"_links":{"self":[{"href":"https:\/\/baralivres.ma\/index.php?rest_route=\/wp\/v2\/product\/16947","targetHints":{"allow":["GET"]}}],"collection":[{"href":"https:\/\/baralivres.ma\/index.php?rest_route=\/wp\/v2\/product"}],"about":[{"href":"https:\/\/baralivres.ma\/index.php?rest_route=\/wp\/v2\/types\/product"}],"replies":[{"embeddable":true,"href":"https:\/\/baralivres.ma\/index.php?rest_route=%2Fwp%2Fv2%2Fcomments&post=16947"}],"version-history":[{"count":1,"href":"https:\/\/baralivres.ma\/index.php?rest_route=\/wp\/v2\/product\/16947\/revisions"}],"predecessor-version":[{"id":16953,"href":"https:\/\/baralivres.ma\/index.php?rest_route=\/wp\/v2\/product\/16947\/revisions\/16953"}],"wp:featuredmedia":[{"embeddable":true,"href":"https:\/\/baralivres.ma\/index.php?rest_route=\/wp\/v2\/media\/16952"}],"wp:attachment":[{"href":"https:\/\/baralivres.ma\/index.php?rest_route=%2Fwp%2Fv2%2Fmedia&parent=16947"}],"wp:term":[{"taxonomy":"product_cat","embeddable":true,"href":"https:\/\/baralivres.ma\/index.php?rest_route=%2Fwp%2Fv2%2Fproduct_cat&post=16947"},{"taxonomy":"product_tag","embeddable":true,"href":"https:\/\/baralivres.ma\/index.php?rest_route=%2Fwp%2Fv2%2Fproduct_tag&post=16947"}],"curies":[{"name":"wp","href":"https:\/\/api.w.org\/{rel}","templated":true}]}}