{"id":16944,"date":"2023-11-01T11:03:20","date_gmt":"2023-11-01T10:03:20","guid":{"rendered":"https:\/\/baralivres.ma\/?post_type=product&#038;p=16944"},"modified":"2023-11-01T11:03:21","modified_gmt":"2023-11-01T10:03:21","slug":"lart-subtil-de-sen-foutre","status":"publish","type":"product","link":"https:\/\/baralivres.ma\/?product=lart-subtil-de-sen-foutre","title":{"rendered":"L&rsquo;art subtil de s&rsquo;en foutre"},"content":{"rendered":"<p>Mark Manson offre un ouvrage de d\u00e9veloppement personnel qui s&rsquo;oppose \u00e0 la tendance g\u00e9n\u00e9rale de recherche constante d&rsquo;am\u00e9lioration. Il remet en question la pens\u00e9e positive omnipr\u00e9sente et affirme que parfois, la vie est chaotique et il faut l&rsquo;accepter. Au travers de son blog tr\u00e8s populaire, Manson explore les aspirations souvent d\u00e9mesur\u00e9es qui alt\u00e8rent notre perception du monde. Dans ce livre, il partage sa sagesse d&rsquo;une mani\u00e8re franche et parfois provocatrice. Il encourage les lecteurs \u00e0 affronter leurs peurs, leurs d\u00e9fauts, et leurs incertitudes au lieu de les fuir, affirmant que c&rsquo;est en faisant cela que l&rsquo;on peut trouver le courage et la confiance qui nous font d\u00e9faut. L&rsquo;ouvrage est un appel \u00e0 l&rsquo;authenticit\u00e9, parsem\u00e9 d&rsquo;histoires v\u00e9cues et d&rsquo;humour, et vise \u00e0 aider les individus \u00e0 construire des vies plus satisfaisantes et ancr\u00e9es dans la r\u00e9alit\u00e9. Un v\u00e9ritable manifeste pour une existence \u00e9panouissante.<\/p>\n","protected":false},"excerpt":{"rendered":"<p>Mark Manson propose un livre de d\u00e9veloppement personnel honn\u00eate, d\u00e9fiant les normes de pens\u00e9e positive. Il encourage \u00e0 affronter peurs et imperfections pour trouver la confiance et le courage. Un manifeste pour une vie \u00e9panouissante et authentique.Mark Manson offre un ouvrage de d\u00e9veloppement personnel qui s&rsquo;oppose \u00e0 la tendance g\u00e9n\u00e9rale de recherche constante d&rsquo;am\u00e9lioration. Il remet en question la pens\u00e9e positive omnipr\u00e9sente et affirme que parfois, la vie est chaotique et il faut l&rsquo;accepter. Au travers de son blog tr\u00e8s populaire, Manson explore les aspirations souvent d\u00e9mesur\u00e9es qui alt\u00e8rent notre perception du monde. Dans ce livre, il partage sa sagesse d&rsquo;une mani\u00e8re franche et parfois provocatrice. Il encourage les lecteurs \u00e0 affronter leurs peurs, leurs d\u00e9fauts, et leurs incertitudes au lieu de les fuir, affirmant que c&rsquo;est en faisant cela que l&rsquo;on peut trouver le courage et la confiance qui nous font d\u00e9faut. L&rsquo;ouvrage est un appel \u00e0 l&rsquo;authenticit\u00e9, parsem\u00e9 d&rsquo;histoires v\u00e9cues et d&rsquo;humour, et vise \u00e0 aider les individus \u00e0 construire des vies plus satisfaisantes et ancr\u00e9es dans la r\u00e9alit\u00e9. Un v\u00e9ritable manifeste pour une existence \u00e9panouissante.<\/p>\n","protected":false},"featured_media":16948,"comment_status":"open","ping_status":"closed","template":"","meta":{"inline_featured_image":false},"product_cat":[204,91],"product_tag":[],"class_list":{"0":"post-16944","1":"product","2":"type-product","3":"status-publish","4":"has-post-thumbnail","6":"product_cat-francais","7":"product_cat-developpement","8":"pa_auteurs-mark-manson","10":"first","11":"instock","12":"shipping-taxable","13":"purchasable","14":"product-type-simple"},"_links":{"self":[{"href":"https:\/\/baralivres.ma\/index.php?rest_route=\/wp\/v2\/product\/16944","targetHints":{"allow":["GET"]}}],"collection":[{"href":"https:\/\/baralivres.ma\/index.php?rest_route=\/wp\/v2\/product"}],"about":[{"href":"https:\/\/baralivres.ma\/index.php?rest_route=\/wp\/v2\/types\/product"}],"replies":[{"embeddable":true,"href":"https:\/\/baralivres.ma\/index.php?rest_route=%2Fwp%2Fv2%2Fcomments&post=16944"}],"version-history":[{"count":1,"href":"https:\/\/baralivres.ma\/index.php?rest_route=\/wp\/v2\/product\/16944\/revisions"}],"predecessor-version":[{"id":16949,"href":"https:\/\/baralivres.ma\/index.php?rest_route=\/wp\/v2\/product\/16944\/revisions\/16949"}],"wp:featuredmedia":[{"embeddable":true,"href":"https:\/\/baralivres.ma\/index.php?rest_route=\/wp\/v2\/media\/16948"}],"wp:attachment":[{"href":"https:\/\/baralivres.ma\/index.php?rest_route=%2Fwp%2Fv2%2Fmedia&parent=16944"}],"wp:term":[{"taxonomy":"product_cat","embeddable":true,"href":"https:\/\/baralivres.ma\/index.php?rest_route=%2Fwp%2Fv2%2Fproduct_cat&post=16944"},{"taxonomy":"product_tag","embeddable":true,"href":"https:\/\/baralivres.ma\/index.php?rest_route=%2Fwp%2Fv2%2Fproduct_tag&post=16944"}],"curies":[{"name":"wp","href":"https:\/\/api.w.org\/{rel}","templated":true}]}}