{"id":16927,"date":"2023-11-01T10:49:44","date_gmt":"2023-11-01T09:49:44","guid":{"rendered":"https:\/\/baralivres.ma\/?post_type=product&#038;p=16927"},"modified":"2023-11-01T11:13:10","modified_gmt":"2023-11-01T10:13:10","slug":"devenez-mentaliste","status":"publish","type":"product","link":"https:\/\/baralivres.ma\/?product=devenez-mentaliste","title":{"rendered":"Devenez mentaliste"},"content":{"rendered":"<p>Dans ce livre r\u00e9dig\u00e9 par le c\u00e9l\u00e8bre mentaliste Bastien Bricout, des m\u00e9thodes simples et efficaces sont propos\u00e9es pour ceux et celles d\u00e9sirant op\u00e9rer des changements positifs dans leur vie. Vous y trouverez des moyens pour am\u00e9liorer la confiance en vous, r\u00e9duire le stress, comprendre les comportements, ma\u00eetriser le sommeil et surmonter les peurs. De plus, il offre des techniques pour atteindre des \u00e9tats profonds de relaxation, pratiquer l&rsquo;autohypnose afin d&rsquo;\u00e9liminer les habitudes n\u00e9fastes et augmenter vos potentiels. Vous pourrez \u00e9galement d\u00e9coder le langage non verbal, contrer les manipulations, convaincre et cr\u00e9er une bonne impression en peu de temps, ainsi que d\u00e9velopper votre intuition. En somme, ce livre vous donne les cl\u00e9s pour devenir le ma\u00eetre de votre vie et de votre destin\u00e9e.<\/p>\n","protected":false},"excerpt":{"rendered":"<p>Changements positifs : confiance, gestion du stress, comportement, sommeil, autohypnose, communication, intuition.<\/p>\n","protected":false},"featured_media":16930,"comment_status":"open","ping_status":"closed","template":"","meta":{"inline_featured_image":false},"product_cat":[204,91],"product_tag":[],"class_list":{"0":"post-16927","1":"product","2":"type-product","3":"status-publish","4":"has-post-thumbnail","6":"product_cat-francais","7":"product_cat-developpement","8":"pa_auteurs-bastien-bricout","10":"first","11":"instock","12":"shipping-taxable","13":"purchasable","14":"product-type-simple"},"_links":{"self":[{"href":"https:\/\/baralivres.ma\/index.php?rest_route=\/wp\/v2\/product\/16927","targetHints":{"allow":["GET"]}}],"collection":[{"href":"https:\/\/baralivres.ma\/index.php?rest_route=\/wp\/v2\/product"}],"about":[{"href":"https:\/\/baralivres.ma\/index.php?rest_route=\/wp\/v2\/types\/product"}],"replies":[{"embeddable":true,"href":"https:\/\/baralivres.ma\/index.php?rest_route=%2Fwp%2Fv2%2Fcomments&post=16927"}],"version-history":[{"count":2,"href":"https:\/\/baralivres.ma\/index.php?rest_route=\/wp\/v2\/product\/16927\/revisions"}],"predecessor-version":[{"id":16933,"href":"https:\/\/baralivres.ma\/index.php?rest_route=\/wp\/v2\/product\/16927\/revisions\/16933"}],"wp:featuredmedia":[{"embeddable":true,"href":"https:\/\/baralivres.ma\/index.php?rest_route=\/wp\/v2\/media\/16930"}],"wp:attachment":[{"href":"https:\/\/baralivres.ma\/index.php?rest_route=%2Fwp%2Fv2%2Fmedia&parent=16927"}],"wp:term":[{"taxonomy":"product_cat","embeddable":true,"href":"https:\/\/baralivres.ma\/index.php?rest_route=%2Fwp%2Fv2%2Fproduct_cat&post=16927"},{"taxonomy":"product_tag","embeddable":true,"href":"https:\/\/baralivres.ma\/index.php?rest_route=%2Fwp%2Fv2%2Fproduct_tag&post=16927"}],"curies":[{"name":"wp","href":"https:\/\/api.w.org\/{rel}","templated":true}]}}