{"id":16922,"date":"2023-11-01T10:46:49","date_gmt":"2023-11-01T09:46:49","guid":{"rendered":"https:\/\/baralivres.ma\/?post_type=product&#038;p=16922"},"modified":"2023-11-01T11:13:40","modified_gmt":"2023-11-01T10:13:40","slug":"le-livre-des-secrets","status":"publish","type":"product","link":"https:\/\/baralivres.ma\/?product=le-livre-des-secrets","title":{"rendered":"Le livre des secrets"},"content":{"rendered":"<p>M\u00eame en acqu\u00e9rant richesse, r\u00e9ussite, prestige, et autres plaisirs, on demeure souvent insatisfait. Selon Deepak Chopra, cette insatisfaction d\u00e9coule du d\u00e9sir profond de notre \u00e2me pour une existence porteuse de sens, cherchant des r\u00e9ponses aux grandes questions sur l&rsquo;existence de Dieu, le Bien et le Mal, la mort, l&rsquo;amour, et bien d&rsquo;autres \u00e9nigmes. Dans son ouvrage \u00ab\u00a0Le livre des secrets\u00a0\u00bb, Chopra nous encourage \u00e0 explorer les profondeurs de notre \u00eatre \u00e0 la recherche des parts myst\u00e9rieuses de nous-m\u00eames, d\u00e9tenant un pouvoir de gu\u00e9rison et de transformation consid\u00e9rable. En s&rsquo;inspirant des sagesses ancestrales et de l&rsquo;exp\u00e9rience des sages, il nous guide pour amplifier nos facult\u00e9s de conscience, d&rsquo;intuition et de cr\u00e9ativit\u00e9.<\/p>\n","protected":false},"excerpt":{"rendered":"<p>Chopra explore qu\u00eate d&rsquo;un sens profond, r\u00e9ponses aux \u00e9nigmes, \u00e9veil spirituel et transformation int\u00e9rieure.<\/p>\n","protected":false},"featured_media":16924,"comment_status":"open","ping_status":"closed","template":"","meta":{"inline_featured_image":false},"product_cat":[204,91],"product_tag":[],"class_list":{"0":"post-16922","1":"product","2":"type-product","3":"status-publish","4":"has-post-thumbnail","6":"product_cat-francais","7":"product_cat-developpement","8":"pa_auteurs-deepak-chopra","10":"first","11":"instock","12":"shipping-taxable","13":"purchasable","14":"product-type-simple"},"_links":{"self":[{"href":"https:\/\/baralivres.ma\/index.php?rest_route=\/wp\/v2\/product\/16922","targetHints":{"allow":["GET"]}}],"collection":[{"href":"https:\/\/baralivres.ma\/index.php?rest_route=\/wp\/v2\/product"}],"about":[{"href":"https:\/\/baralivres.ma\/index.php?rest_route=\/wp\/v2\/types\/product"}],"replies":[{"embeddable":true,"href":"https:\/\/baralivres.ma\/index.php?rest_route=%2Fwp%2Fv2%2Fcomments&post=16922"}],"version-history":[{"count":1,"href":"https:\/\/baralivres.ma\/index.php?rest_route=\/wp\/v2\/product\/16922\/revisions"}],"predecessor-version":[{"id":16926,"href":"https:\/\/baralivres.ma\/index.php?rest_route=\/wp\/v2\/product\/16922\/revisions\/16926"}],"wp:featuredmedia":[{"embeddable":true,"href":"https:\/\/baralivres.ma\/index.php?rest_route=\/wp\/v2\/media\/16924"}],"wp:attachment":[{"href":"https:\/\/baralivres.ma\/index.php?rest_route=%2Fwp%2Fv2%2Fmedia&parent=16922"}],"wp:term":[{"taxonomy":"product_cat","embeddable":true,"href":"https:\/\/baralivres.ma\/index.php?rest_route=%2Fwp%2Fv2%2Fproduct_cat&post=16922"},{"taxonomy":"product_tag","embeddable":true,"href":"https:\/\/baralivres.ma\/index.php?rest_route=%2Fwp%2Fv2%2Fproduct_tag&post=16922"}],"curies":[{"name":"wp","href":"https:\/\/api.w.org\/{rel}","templated":true}]}}