{"id":16919,"date":"2023-11-01T10:46:40","date_gmt":"2023-11-01T09:46:40","guid":{"rendered":"https:\/\/baralivres.ma\/?post_type=product&#038;p=16919"},"modified":"2023-11-01T10:46:41","modified_gmt":"2023-11-01T09:46:41","slug":"comprendre-la-pnl","status":"publish","type":"product","link":"https:\/\/baralivres.ma\/?product=comprendre-la-pnl","title":{"rendered":"Comprendre la PNL"},"content":{"rendered":"<p>Ce guide compact d\u00e9mystifie la PNL (Programmation Neuro-Linguistique), un outil parfois complexe \u00e0 comprendre. Il explique comment notre comportement peut influencer celui de nos interlocuteurs, soulignant l&rsquo;importance de le comprendre, le ma\u00eetriser et, si n\u00e9cessaire, le modifier pour provoquer des changements chez les autres, tout en prenant en compte leurs objectifs. La PNL offre des mod\u00e8les et des strat\u00e9gies pour am\u00e9liorer la communication interpersonnelle.<\/p>\n<p>Ce livre rend cette m\u00e9thode de connaissance de soi plus accessible en proposant une approche simple. Il pr\u00e9sente de nombreux exercices que l&rsquo;on peut effectuer individuellement ou en groupe pour mettre en pratique ces concepts. Il offre ainsi un moyen pratique d&rsquo;apprendre \u00e0 utiliser la PNL dans la vie quotidienne pour des interactions plus efficaces.<\/p>\n","protected":false},"excerpt":{"rendered":"<p>Un guide pratique simplifie l&rsquo;utilisation de la PNL pour comprendre et influencer le comportement des autres. Des exercices inclus.<\/p>\n","protected":false},"featured_media":16923,"comment_status":"open","ping_status":"closed","template":"","meta":{"inline_featured_image":false},"product_cat":[204,91],"product_tag":[],"class_list":{"0":"post-16919","1":"product","2":"type-product","3":"status-publish","4":"has-post-thumbnail","6":"product_cat-francais","7":"product_cat-developpement","8":"pa_auteurs-catherine-cudicio","10":"first","11":"instock","12":"shipping-taxable","13":"purchasable","14":"product-type-simple"},"_links":{"self":[{"href":"https:\/\/baralivres.ma\/index.php?rest_route=\/wp\/v2\/product\/16919","targetHints":{"allow":["GET"]}}],"collection":[{"href":"https:\/\/baralivres.ma\/index.php?rest_route=\/wp\/v2\/product"}],"about":[{"href":"https:\/\/baralivres.ma\/index.php?rest_route=\/wp\/v2\/types\/product"}],"replies":[{"embeddable":true,"href":"https:\/\/baralivres.ma\/index.php?rest_route=%2Fwp%2Fv2%2Fcomments&post=16919"}],"version-history":[{"count":1,"href":"https:\/\/baralivres.ma\/index.php?rest_route=\/wp\/v2\/product\/16919\/revisions"}],"predecessor-version":[{"id":16925,"href":"https:\/\/baralivres.ma\/index.php?rest_route=\/wp\/v2\/product\/16919\/revisions\/16925"}],"wp:featuredmedia":[{"embeddable":true,"href":"https:\/\/baralivres.ma\/index.php?rest_route=\/wp\/v2\/media\/16923"}],"wp:attachment":[{"href":"https:\/\/baralivres.ma\/index.php?rest_route=%2Fwp%2Fv2%2Fmedia&parent=16919"}],"wp:term":[{"taxonomy":"product_cat","embeddable":true,"href":"https:\/\/baralivres.ma\/index.php?rest_route=%2Fwp%2Fv2%2Fproduct_cat&post=16919"},{"taxonomy":"product_tag","embeddable":true,"href":"https:\/\/baralivres.ma\/index.php?rest_route=%2Fwp%2Fv2%2Fproduct_tag&post=16919"}],"curies":[{"name":"wp","href":"https:\/\/api.w.org\/{rel}","templated":true}]}}