{"id":16907,"date":"2023-11-01T10:36:57","date_gmt":"2023-11-01T09:36:57","guid":{"rendered":"https:\/\/baralivres.ma\/?post_type=product&#038;p=16907"},"modified":"2023-11-01T11:15:14","modified_gmt":"2023-11-01T10:15:14","slug":"les-six-cles-de-la-confiance-en-soi","status":"publish","type":"product","link":"https:\/\/baralivres.ma\/?product=les-six-cles-de-la-confiance-en-soi","title":{"rendered":"Les six cl\u00e9s de la confiance en soi"},"content":{"rendered":"<p>Il est crucial de cesser l&rsquo;auto-d\u00e9nigrement et de d\u00e9couvrir les fondements d&rsquo;une r\u00e9ussite dans notre vie priv\u00e9e, sociale et professionnelle. Comment peut-on esp\u00e9rer aimer et \u00eatre aim\u00e9 quand on ne cultive pas l&rsquo;estime de soi ? Les pens\u00e9es du type \u00ab\u00a0Je ne suis pas assez bon\u00a0\u00bb ou \u00ab\u00a0Je ne m\u00e9rite pas l&rsquo;amour\u00a0\u00bb peuvent constituer des obstacles \u00e0 notre bonheur. Comment alors s&rsquo;\u00e9panouir pleinement lorsque l&rsquo;on se sous-estime ? La confiance en soi repr\u00e9sente la cl\u00e9 pour avancer vers le succ\u00e8s. Elle est indispensable pour mieux se conna\u00eetre et pour mieux appr\u00e9hender les relations avec autrui. Ce livre offre des approches pratiques et efficaces pour renforcer notre affirmation de soi, pour surmonter l&rsquo;anxi\u00e9t\u00e9, la peur de l&rsquo;\u00e9chec ou du jugement des autres, afin de croire enfin en notre droit au bonheur.<\/p>\n","protected":false},"excerpt":{"rendered":"<p>Confiance en soi pour succ\u00e8s et bonheur : surmonter doutes, s&rsquo;affirmer, relations \u00e9panouies.<\/p>\n","protected":false},"featured_media":16911,"comment_status":"open","ping_status":"closed","template":"","meta":{"inline_featured_image":false},"product_cat":[204,91],"product_tag":[],"class_list":{"0":"post-16907","1":"product","2":"type-product","3":"status-publish","4":"has-post-thumbnail","6":"product_cat-francais","7":"product_cat-developpement","8":"pa_auteurs-nathaniel-baranden","10":"first","11":"instock","12":"shipping-taxable","13":"purchasable","14":"product-type-simple"},"_links":{"self":[{"href":"https:\/\/baralivres.ma\/index.php?rest_route=\/wp\/v2\/product\/16907","targetHints":{"allow":["GET"]}}],"collection":[{"href":"https:\/\/baralivres.ma\/index.php?rest_route=\/wp\/v2\/product"}],"about":[{"href":"https:\/\/baralivres.ma\/index.php?rest_route=\/wp\/v2\/types\/product"}],"replies":[{"embeddable":true,"href":"https:\/\/baralivres.ma\/index.php?rest_route=%2Fwp%2Fv2%2Fcomments&post=16907"}],"version-history":[{"count":1,"href":"https:\/\/baralivres.ma\/index.php?rest_route=\/wp\/v2\/product\/16907\/revisions"}],"predecessor-version":[{"id":16912,"href":"https:\/\/baralivres.ma\/index.php?rest_route=\/wp\/v2\/product\/16907\/revisions\/16912"}],"wp:featuredmedia":[{"embeddable":true,"href":"https:\/\/baralivres.ma\/index.php?rest_route=\/wp\/v2\/media\/16911"}],"wp:attachment":[{"href":"https:\/\/baralivres.ma\/index.php?rest_route=%2Fwp%2Fv2%2Fmedia&parent=16907"}],"wp:term":[{"taxonomy":"product_cat","embeddable":true,"href":"https:\/\/baralivres.ma\/index.php?rest_route=%2Fwp%2Fv2%2Fproduct_cat&post=16907"},{"taxonomy":"product_tag","embeddable":true,"href":"https:\/\/baralivres.ma\/index.php?rest_route=%2Fwp%2Fv2%2Fproduct_tag&post=16907"}],"curies":[{"name":"wp","href":"https:\/\/api.w.org\/{rel}","templated":true}]}}