{"id":16904,"date":"2023-11-01T10:32:48","date_gmt":"2023-11-01T09:32:48","guid":{"rendered":"https:\/\/baralivres.ma\/?post_type=product&#038;p=16904"},"modified":"2025-04-12T09:54:50","modified_gmt":"2025-04-12T08:54:50","slug":"12-regles-pour-une-vie","status":"publish","type":"product","link":"https:\/\/baralivres.ma\/?product=12-regles-pour-une-vie","title":{"rendered":"12 r\u00e8gles pour une vie"},"content":{"rendered":"<p>Bien que nous jouissions d&rsquo;une libert\u00e9 de choix sans pr\u00e9c\u00e9dent, beaucoup d&rsquo;entre nous \u00e9prouvent actuellement le sentiment que leur existence leur \u00e9chappe, se retrouvant face \u00e0 une myriade d&rsquo;orientations possibles sans savoir vers laquelle se tourner. Jordan B. Peterson, s&rsquo;appuyant sur la philosophie, la psychologie, l&rsquo;histoire et ses propres exp\u00e9riences, pr\u00e9sente 12 principes de vie qui aident \u00e0 retrouver une connexion avec soi-m\u00eame et les autres. Ces r\u00e8gles, \u00e0 la fois simples et profondes, offrent des orientations pour construire une vie \u00e0 la fois plus \u00e9panouissante, plus libre et plus en harmonie.<\/p>\n","protected":false},"excerpt":{"rendered":"<p>12 r\u00e8gles de Jordan B. Peterson guident vers une vie plus \u00e9panouie et harmonieuse.<\/p>\n","protected":false},"featured_media":16905,"comment_status":"open","ping_status":"closed","template":"","meta":{"inline_featured_image":false},"product_cat":[3896,91],"product_tag":[],"class_list":{"0":"post-16904","1":"product","2":"type-product","3":"status-publish","4":"has-post-thumbnail","6":"product_cat-developpement-francais","7":"product_cat-developpement","8":"pa_auteurs-jordan-b-peterson","10":"first","11":"instock","12":"shipping-taxable","13":"purchasable","14":"product-type-simple"},"_links":{"self":[{"href":"https:\/\/baralivres.ma\/index.php?rest_route=\/wp\/v2\/product\/16904","targetHints":{"allow":["GET"]}}],"collection":[{"href":"https:\/\/baralivres.ma\/index.php?rest_route=\/wp\/v2\/product"}],"about":[{"href":"https:\/\/baralivres.ma\/index.php?rest_route=\/wp\/v2\/types\/product"}],"replies":[{"embeddable":true,"href":"https:\/\/baralivres.ma\/index.php?rest_route=%2Fwp%2Fv2%2Fcomments&post=16904"}],"version-history":[{"count":1,"href":"https:\/\/baralivres.ma\/index.php?rest_route=\/wp\/v2\/product\/16904\/revisions"}],"predecessor-version":[{"id":16906,"href":"https:\/\/baralivres.ma\/index.php?rest_route=\/wp\/v2\/product\/16904\/revisions\/16906"}],"wp:featuredmedia":[{"embeddable":true,"href":"https:\/\/baralivres.ma\/index.php?rest_route=\/wp\/v2\/media\/16905"}],"wp:attachment":[{"href":"https:\/\/baralivres.ma\/index.php?rest_route=%2Fwp%2Fv2%2Fmedia&parent=16904"}],"wp:term":[{"taxonomy":"product_cat","embeddable":true,"href":"https:\/\/baralivres.ma\/index.php?rest_route=%2Fwp%2Fv2%2Fproduct_cat&post=16904"},{"taxonomy":"product_tag","embeddable":true,"href":"https:\/\/baralivres.ma\/index.php?rest_route=%2Fwp%2Fv2%2Fproduct_tag&post=16904"}],"curies":[{"name":"wp","href":"https:\/\/api.w.org\/{rel}","templated":true}]}}