{"id":16895,"date":"2023-11-01T11:09:40","date_gmt":"2023-11-01T10:09:40","guid":{"rendered":"https:\/\/baralivres.ma\/?post_type=product&#038;p=16895"},"modified":"2023-11-01T11:09:40","modified_gmt":"2023-11-01T10:09:40","slug":"le-manager-est-un-voyageur-du-temps","status":"publish","type":"product","link":"https:\/\/baralivres.ma\/?product=le-manager-est-un-voyageur-du-temps","title":{"rendered":"Le manager est un voyageur du temps"},"content":{"rendered":"<p>Et si le temps devenait votre alli\u00e9 ultime pour atteindre l&rsquo;excellence ?<\/p>\n<p>F\u00e9licitations pour votre r\u00e9cente nomination en tant que manager ! Cependant, il se pourrait que vous ayez accept\u00e9 cette promotion sans avoir pleinement conscience de ses responsabilit\u00e9s. Si vous occupez d\u00e9j\u00e0 ce poste, vous ressentez peut-\u00eatre fr\u00e9quemment une sensation de d\u00e9bordement.<\/p>\n<p>Sachez que vous n&rsquo;\u00eates pas le seul \u00e0 \u00e9prouver ces sentiments.<\/p>\n<p>Pour surmonter ces appr\u00e9hensions et atteindre un niveau de performance optimal, Isabelle D\u00e9patie a d\u00e9velopp\u00e9 une m\u00e9thode novatrice et simple : l&rsquo;alignement temporel. Cette approche lui a permis de diriger des \u00e9quipes comptant jusqu&rsquo;\u00e0 une centaine de personnes, tant en France qu&rsquo;\u00e0 l&rsquo;international. La cl\u00e9 de vo\u00fbte de cette m\u00e9thode r\u00e9side dans le temps, car un manager efficace doit \u00eatre un v\u00e9ritable ma\u00eetre du temps, jonglant simultan\u00e9ment entre l&rsquo;apprentissage du pass\u00e9, l&rsquo;\u00e9coute du pr\u00e9sent et la visualisation du futur.<\/p>\n<p>Cette m\u00e9thode progressive comprend de nombreux exercices, conseils et \u00e9tudes de cas pratiques, vous permettant de passer d&rsquo;un manager passif \u00e0 un manager proactif et performant. En mettant l&rsquo;accent sur cette dimension souvent n\u00e9glig\u00e9e du temps, vous verrez votre \u00e9quipe s&rsquo;engager davantage, devenir plus cr\u00e9ative et mieux organis\u00e9e, ce qui se traduira par une augmentation de la productivit\u00e9 en moins de temps. Vous pourrez ainsi dire adieu au stress ! Alors, \u00eates-vous pr\u00eat \u00e0 entamer ce voyage vers l&rsquo;excellence ?<\/p>\n","protected":false},"excerpt":{"rendered":"<p>Optimisez vos comp\u00e9tences de gestion gr\u00e2ce \u00e0 l&rsquo;alignement temporel d&rsquo;Isabelle D\u00e9patie pour plus de succ\u00e8s et moins de stress.<\/p>\n","protected":false},"featured_media":16959,"comment_status":"open","ping_status":"closed","template":"","meta":{"inline_featured_image":false},"product_cat":[204,91],"product_tag":[],"class_list":{"0":"post-16895","1":"product","2":"type-product","3":"status-publish","4":"has-post-thumbnail","6":"product_cat-francais","7":"product_cat-developpement","8":"pa_auteurs-isabelle-depatie","10":"first","11":"instock","12":"shipping-taxable","13":"purchasable","14":"product-type-simple"},"_links":{"self":[{"href":"https:\/\/baralivres.ma\/index.php?rest_route=\/wp\/v2\/product\/16895","targetHints":{"allow":["GET"]}}],"collection":[{"href":"https:\/\/baralivres.ma\/index.php?rest_route=\/wp\/v2\/product"}],"about":[{"href":"https:\/\/baralivres.ma\/index.php?rest_route=\/wp\/v2\/types\/product"}],"replies":[{"embeddable":true,"href":"https:\/\/baralivres.ma\/index.php?rest_route=%2Fwp%2Fv2%2Fcomments&post=16895"}],"version-history":[{"count":1,"href":"https:\/\/baralivres.ma\/index.php?rest_route=\/wp\/v2\/product\/16895\/revisions"}],"predecessor-version":[{"id":16960,"href":"https:\/\/baralivres.ma\/index.php?rest_route=\/wp\/v2\/product\/16895\/revisions\/16960"}],"wp:featuredmedia":[{"embeddable":true,"href":"https:\/\/baralivres.ma\/index.php?rest_route=\/wp\/v2\/media\/16959"}],"wp:attachment":[{"href":"https:\/\/baralivres.ma\/index.php?rest_route=%2Fwp%2Fv2%2Fmedia&parent=16895"}],"wp:term":[{"taxonomy":"product_cat","embeddable":true,"href":"https:\/\/baralivres.ma\/index.php?rest_route=%2Fwp%2Fv2%2Fproduct_cat&post=16895"},{"taxonomy":"product_tag","embeddable":true,"href":"https:\/\/baralivres.ma\/index.php?rest_route=%2Fwp%2Fv2%2Fproduct_tag&post=16895"}],"curies":[{"name":"wp","href":"https:\/\/api.w.org\/{rel}","templated":true}]}}