{"id":16892,"date":"2023-11-01T10:27:26","date_gmt":"2023-11-01T09:27:26","guid":{"rendered":"https:\/\/baralivres.ma\/?post_type=product&#038;p=16892"},"modified":"2023-11-01T10:27:26","modified_gmt":"2023-11-01T09:27:26","slug":"de-reussite-en-reussite","status":"publish","type":"product","link":"https:\/\/baralivres.ma\/?product=de-reussite-en-reussite","title":{"rendered":"De r\u00e9ussite en r\u00e9ussite"},"content":{"rendered":"<p>David Horsager partage 35 strat\u00e9gies claires pour renforcer la r\u00e9ussite en g\u00e9rant efficacement le temps. Ces astuces visent \u00e0 accomplir les petites t\u00e2ches avec efficacit\u00e9, lib\u00e9rant ainsi du temps pour des interactions cruciales. Des id\u00e9es pratiques telles que l&rsquo;identification des Actions transformatrices cl\u00e9s ou l&rsquo;adoption d&rsquo;une \u00ab\u00a0heure pleine puissance\u00a0\u00bb sont pr\u00e9sent\u00e9es dans des chapitres courts et faciles \u00e0 mettre en \u0153uvre. En les combinant, ces strat\u00e9gies am\u00e9liorent l&rsquo;efficacit\u00e9, augmentent l&rsquo;\u00e9nergie, et favorisent des relations personnelles et professionnelles fructueuses.<\/p>\n","protected":false},"excerpt":{"rendered":"<p>David Horsager partage 35 strat\u00e9gies pratiques pour g\u00e9rer le temps, favorisant l&rsquo;efficacit\u00e9, l&rsquo;\u00e9nergie et les relations.<\/p>\n","protected":false},"featured_media":16899,"comment_status":"open","ping_status":"closed","template":"","meta":{"inline_featured_image":false},"product_cat":[204,91],"product_tag":[],"class_list":{"0":"post-16892","1":"product","2":"type-product","3":"status-publish","4":"has-post-thumbnail","6":"product_cat-francais","7":"product_cat-developpement","8":"pa_auteurs-david-horsager","10":"first","11":"instock","12":"shipping-taxable","13":"purchasable","14":"product-type-simple"},"_links":{"self":[{"href":"https:\/\/baralivres.ma\/index.php?rest_route=\/wp\/v2\/product\/16892","targetHints":{"allow":["GET"]}}],"collection":[{"href":"https:\/\/baralivres.ma\/index.php?rest_route=\/wp\/v2\/product"}],"about":[{"href":"https:\/\/baralivres.ma\/index.php?rest_route=\/wp\/v2\/types\/product"}],"replies":[{"embeddable":true,"href":"https:\/\/baralivres.ma\/index.php?rest_route=%2Fwp%2Fv2%2Fcomments&post=16892"}],"version-history":[{"count":1,"href":"https:\/\/baralivres.ma\/index.php?rest_route=\/wp\/v2\/product\/16892\/revisions"}],"predecessor-version":[{"id":16900,"href":"https:\/\/baralivres.ma\/index.php?rest_route=\/wp\/v2\/product\/16892\/revisions\/16900"}],"wp:featuredmedia":[{"embeddable":true,"href":"https:\/\/baralivres.ma\/index.php?rest_route=\/wp\/v2\/media\/16899"}],"wp:attachment":[{"href":"https:\/\/baralivres.ma\/index.php?rest_route=%2Fwp%2Fv2%2Fmedia&parent=16892"}],"wp:term":[{"taxonomy":"product_cat","embeddable":true,"href":"https:\/\/baralivres.ma\/index.php?rest_route=%2Fwp%2Fv2%2Fproduct_cat&post=16892"},{"taxonomy":"product_tag","embeddable":true,"href":"https:\/\/baralivres.ma\/index.php?rest_route=%2Fwp%2Fv2%2Fproduct_tag&post=16892"}],"curies":[{"name":"wp","href":"https:\/\/api.w.org\/{rel}","templated":true}]}}