{"id":16889,"date":"2023-11-01T10:27:09","date_gmt":"2023-11-01T09:27:09","guid":{"rendered":"https:\/\/baralivres.ma\/?post_type=product&#038;p=16889"},"modified":"2023-11-01T11:18:18","modified_gmt":"2023-11-01T10:18:18","slug":"la-8%e1%b5%89-habitude","status":"publish","type":"product","link":"https:\/\/baralivres.ma\/?product=la-8%e1%b5%89-habitude","title":{"rendered":"La 8\u1d49 habitude"},"content":{"rendered":"<p>\u00ab\u00a0Les 7 habitudes des gens efficaces, un succ\u00e8s mondial, demeurent intemporelles. Cependant, dans notre \u00e8re informationnelle et num\u00e9rique, une huiti\u00e8me habitude s&rsquo;av\u00e8re essentielle : d\u00e9couvrir sa propre &lsquo;voix&rsquo; et inspirer les autres \u00e0 trouver la leur. Aller au-del\u00e0 de l&rsquo;efficacit\u00e9 est crucial. L&rsquo;approche holistique de Stephen Covey offre une voie pour \u00e9chapper \u00e0 la frustration et \u00e0 l&rsquo;apathie, en redonnant du sens \u00e0 la vie professionnelle et personnelle. La 8\u00e8me habitude vous guide non seulement vers la d\u00e9couverte de votre place authentique, mais vous \u00e9quipe \u00e9galement pour devenir un &lsquo;leader&rsquo; en vue d&rsquo;une vie enrichissante et \u00e9panouie.\u00a0\u00bb<\/p>\n","protected":false},"excerpt":{"rendered":"<p>\u00ab\u00a0Covey&rsquo;s timeless 7 habits + 8th habit: Find your voice, inspire others, lead, and live a fulfilling life.\u00a0\u00bb<\/p>\n","protected":false},"featured_media":16896,"comment_status":"open","ping_status":"closed","template":"","meta":{"inline_featured_image":false},"product_cat":[204,91],"product_tag":[],"class_list":{"0":"post-16889","1":"product","2":"type-product","3":"status-publish","4":"has-post-thumbnail","6":"product_cat-francais","7":"product_cat-developpement","8":"pa_auteurs-stephen-r-covey","10":"first","11":"instock","12":"shipping-taxable","13":"purchasable","14":"product-type-simple"},"_links":{"self":[{"href":"https:\/\/baralivres.ma\/index.php?rest_route=\/wp\/v2\/product\/16889","targetHints":{"allow":["GET"]}}],"collection":[{"href":"https:\/\/baralivres.ma\/index.php?rest_route=\/wp\/v2\/product"}],"about":[{"href":"https:\/\/baralivres.ma\/index.php?rest_route=\/wp\/v2\/types\/product"}],"replies":[{"embeddable":true,"href":"https:\/\/baralivres.ma\/index.php?rest_route=%2Fwp%2Fv2%2Fcomments&post=16889"}],"version-history":[{"count":1,"href":"https:\/\/baralivres.ma\/index.php?rest_route=\/wp\/v2\/product\/16889\/revisions"}],"predecessor-version":[{"id":16897,"href":"https:\/\/baralivres.ma\/index.php?rest_route=\/wp\/v2\/product\/16889\/revisions\/16897"}],"wp:featuredmedia":[{"embeddable":true,"href":"https:\/\/baralivres.ma\/index.php?rest_route=\/wp\/v2\/media\/16896"}],"wp:attachment":[{"href":"https:\/\/baralivres.ma\/index.php?rest_route=%2Fwp%2Fv2%2Fmedia&parent=16889"}],"wp:term":[{"taxonomy":"product_cat","embeddable":true,"href":"https:\/\/baralivres.ma\/index.php?rest_route=%2Fwp%2Fv2%2Fproduct_cat&post=16889"},{"taxonomy":"product_tag","embeddable":true,"href":"https:\/\/baralivres.ma\/index.php?rest_route=%2Fwp%2Fv2%2Fproduct_tag&post=16889"}],"curies":[{"name":"wp","href":"https:\/\/api.w.org\/{rel}","templated":true}]}}