{"id":16886,"date":"2023-11-01T10:25:21","date_gmt":"2023-11-01T09:25:21","guid":{"rendered":"https:\/\/baralivres.ma\/?post_type=product&#038;p=16886"},"modified":"2023-11-01T10:25:22","modified_gmt":"2023-11-01T09:25:22","slug":"chefs-dentreprise-ce-que-le-monde-attend-de-nous","status":"publish","type":"product","link":"https:\/\/baralivres.ma\/?product=chefs-dentreprise-ce-que-le-monde-attend-de-nous","title":{"rendered":"Chefs d&rsquo;entreprise, ce que le monde attend de nous"},"content":{"rendered":"<p>\u00ab\u00a0Le syst\u00e8me \u00e9conomique s&rsquo;int\u00e8gre harmonieusement dans toutes les facettes de la vie humaine, au sein de la biosph\u00e8re, aujourd&rsquo;hui confront\u00e9e \u00e0 la menace du changement climatique. En tant que chefs d&rsquo;entreprise, il nous incombe de relever ce d\u00e9fi avec audace. Pour y parvenir, nous devons avoir le courage de repenser notre soci\u00e9t\u00e9 et de la r\u00e9orienter en pla\u00e7ant l&rsquo;individu au c\u0153ur du processus, afin de r\u00e9inventer la solidarit\u00e9 et la coop\u00e9ration. Ce livre propose un ensemble de id\u00e9es pour fa\u00e7onner un nouveau mod\u00e8le respectueux de l&rsquo;humanit\u00e9, de la dimension sociale, et de l&rsquo;environnement. Qui peut initier cette transformation ? L\u00e0 o\u00f9 l&rsquo;\u00c9tat ou la soci\u00e9t\u00e9 n&rsquo;ont plus r\u00e9pondu \u00e0 nos attentes, l&rsquo;entreprise conserve le potentiel de le faire. Bernard Gainnier, Pr\u00e9sident de PwC France et Maghreb, est convaincu de cette possibilit\u00e9. Dans ce livre, m\u00ealant r\u00e9cits personnels et essai engag\u00e9, il offre aux dirigeants d&rsquo;entreprise des orientations pour r\u00e9examiner leurs actions, devenir les pionniers du monde de demain, et ensemble, ouvrir la voie \u00e0 une r\u00e9volution qui conciliera l&rsquo;\u00e9conomie avec les enjeux sociaux et environnementaux.\u00a0\u00bb<\/p>\n","protected":false},"excerpt":{"rendered":"<p>R\u00e9inventer l&rsquo;entreprise pour r\u00e9soudre les probl\u00e8mes sociaux, environnementaux en pla\u00e7ant l&rsquo;humain au centre, selon Bernard Gainnier.<\/p>\n","protected":false},"featured_media":16893,"comment_status":"open","ping_status":"closed","template":"","meta":{"inline_featured_image":false},"product_cat":[204,91],"product_tag":[],"class_list":{"0":"post-16886","1":"product","2":"type-product","3":"status-publish","4":"has-post-thumbnail","6":"product_cat-francais","7":"product_cat-developpement","8":"pa_auteurs-bernard-gainnier","10":"first","11":"instock","12":"shipping-taxable","13":"purchasable","14":"product-type-simple"},"_links":{"self":[{"href":"https:\/\/baralivres.ma\/index.php?rest_route=\/wp\/v2\/product\/16886","targetHints":{"allow":["GET"]}}],"collection":[{"href":"https:\/\/baralivres.ma\/index.php?rest_route=\/wp\/v2\/product"}],"about":[{"href":"https:\/\/baralivres.ma\/index.php?rest_route=\/wp\/v2\/types\/product"}],"replies":[{"embeddable":true,"href":"https:\/\/baralivres.ma\/index.php?rest_route=%2Fwp%2Fv2%2Fcomments&post=16886"}],"version-history":[{"count":1,"href":"https:\/\/baralivres.ma\/index.php?rest_route=\/wp\/v2\/product\/16886\/revisions"}],"predecessor-version":[{"id":16894,"href":"https:\/\/baralivres.ma\/index.php?rest_route=\/wp\/v2\/product\/16886\/revisions\/16894"}],"wp:featuredmedia":[{"embeddable":true,"href":"https:\/\/baralivres.ma\/index.php?rest_route=\/wp\/v2\/media\/16893"}],"wp:attachment":[{"href":"https:\/\/baralivres.ma\/index.php?rest_route=%2Fwp%2Fv2%2Fmedia&parent=16886"}],"wp:term":[{"taxonomy":"product_cat","embeddable":true,"href":"https:\/\/baralivres.ma\/index.php?rest_route=%2Fwp%2Fv2%2Fproduct_cat&post=16886"},{"taxonomy":"product_tag","embeddable":true,"href":"https:\/\/baralivres.ma\/index.php?rest_route=%2Fwp%2Fv2%2Fproduct_tag&post=16886"}],"curies":[{"name":"wp","href":"https:\/\/api.w.org\/{rel}","templated":true}]}}