{"id":16885,"date":"2023-11-01T10:23:53","date_gmt":"2023-11-01T09:23:53","guid":{"rendered":"https:\/\/baralivres.ma\/?post_type=product&#038;p=16885"},"modified":"2023-11-01T11:18:57","modified_gmt":"2023-11-01T10:18:57","slug":"le-pouvoir-de-la-confiance","status":"publish","type":"product","link":"https:\/\/baralivres.ma\/?product=le-pouvoir-de-la-confiance","title":{"rendered":"Le pouvoir de la confiance"},"content":{"rendered":"<p>L&rsquo;\u00e9l\u00e9ment cl\u00e9 pour s&rsquo;\u00e9panouir et performer r\u00e9side dans la capacit\u00e9 \u00e0 inspirer la confiance chez les autres : c&rsquo;est une qualit\u00e9 indispensable tant dans le monde professionnel que personnel. Stephen M.R. Covey, expert en motivation, a grandement contribu\u00e9 au succ\u00e8s de nombreuses entreprises et individus en enseignant les principes fondamentaux de la confiance.<\/p>\n<p>\u00c0 travers des exemples marquants et une approche novatrice, il d\u00e9voile des principes universels applicables dans toutes les sph\u00e8res de la vie, que ce soit dans la relation avec soi-m\u00eame, en famille, avec des coll\u00e8gues ou au sein d&rsquo;une organisation. Que vous occupiez un poste de manager, de chef d&rsquo;entreprise, ou que vous soyez parent ou simplement int\u00e9ress\u00e9 par la psychologie, ce livre unique offre des outils pour surmonter des situations complexes en r\u00e9tablissant la confiance et en favorisant un \u00e9tat d&rsquo;esprit optimiste.<\/p>\n","protected":false},"excerpt":{"rendered":"<p>Confiance, clef du succ\u00e8s professionnel et personnel selon l&rsquo;expert Stephen M.R. Covey.<\/p>\n","protected":false},"featured_media":16887,"comment_status":"open","ping_status":"closed","template":"","meta":{"inline_featured_image":false},"product_cat":[204,91],"product_tag":[],"class_list":{"0":"post-16885","1":"product","2":"type-product","3":"status-publish","4":"has-post-thumbnail","6":"product_cat-francais","7":"product_cat-developpement","8":"pa_auteurs-stephen-r-covey","10":"first","11":"instock","12":"shipping-taxable","13":"purchasable","14":"product-type-simple"},"_links":{"self":[{"href":"https:\/\/baralivres.ma\/index.php?rest_route=\/wp\/v2\/product\/16885","targetHints":{"allow":["GET"]}}],"collection":[{"href":"https:\/\/baralivres.ma\/index.php?rest_route=\/wp\/v2\/product"}],"about":[{"href":"https:\/\/baralivres.ma\/index.php?rest_route=\/wp\/v2\/types\/product"}],"replies":[{"embeddable":true,"href":"https:\/\/baralivres.ma\/index.php?rest_route=%2Fwp%2Fv2%2Fcomments&post=16885"}],"version-history":[{"count":1,"href":"https:\/\/baralivres.ma\/index.php?rest_route=\/wp\/v2\/product\/16885\/revisions"}],"predecessor-version":[{"id":16888,"href":"https:\/\/baralivres.ma\/index.php?rest_route=\/wp\/v2\/product\/16885\/revisions\/16888"}],"wp:featuredmedia":[{"embeddable":true,"href":"https:\/\/baralivres.ma\/index.php?rest_route=\/wp\/v2\/media\/16887"}],"wp:attachment":[{"href":"https:\/\/baralivres.ma\/index.php?rest_route=%2Fwp%2Fv2%2Fmedia&parent=16885"}],"wp:term":[{"taxonomy":"product_cat","embeddable":true,"href":"https:\/\/baralivres.ma\/index.php?rest_route=%2Fwp%2Fv2%2Fproduct_cat&post=16885"},{"taxonomy":"product_tag","embeddable":true,"href":"https:\/\/baralivres.ma\/index.php?rest_route=%2Fwp%2Fv2%2Fproduct_tag&post=16885"}],"curies":[{"name":"wp","href":"https:\/\/api.w.org\/{rel}","templated":true}]}}