{"id":16882,"date":"2023-11-01T10:17:39","date_gmt":"2023-11-01T09:17:39","guid":{"rendered":"https:\/\/baralivres.ma\/?post_type=product&#038;p=16882"},"modified":"2023-11-01T11:19:29","modified_gmt":"2023-11-01T10:19:29","slug":"letoffe-des-leaders","status":"publish","type":"product","link":"https:\/\/baralivres.ma\/?product=letoffe-des-leaders","title":{"rendered":"L&rsquo;\u00e9toffe des leaders"},"content":{"rendered":"<p>Est-il possible de trouver un \u00e9quilibre entre sa vie personnelle, familiale et professionnelle ? Comment encourager le d\u00e9veloppement du talent et de la cr\u00e9ativit\u00e9, tant chez soi que chez les autres ? Quelles comp\u00e9tences caract\u00e9risent un bon leader ? D&rsquo;apr\u00e8s Stephen R. Covey, auteur renomm\u00e9 des Sept habitudes de ceux qui r\u00e9alisent tout ce qu&rsquo;ils entreprennent, une citation de Confucius illustre de mani\u00e8re efficace le leadership : \u00ab\u00a0Donnez un poisson \u00e0 un homme et vous le nourrirez pour une journ\u00e9e ; apprenez-lui \u00e0 p\u00eacher et vous le nourrirez toute sa vie\u00a0\u00bb. En s&rsquo;appuyant sur des principes tels que l&rsquo;int\u00e9grit\u00e9, la confiance et la responsabilit\u00e9, le livre L&rsquo;\u00e9toffe des leaders promet de vous guider vers le succ\u00e8s et l&rsquo;\u00e9panouissement \u00e0 la fois sur le plan professionnel et personnel.<\/p>\n","protected":false},"excerpt":{"rendered":"<p>\u00c9quilibre vie, leadership inspirant, talents lib\u00e9r\u00e9s, succ\u00e8s professionnel et \u00e9panouissement personnel assur\u00e9s.<\/p>\n","protected":false},"featured_media":16883,"comment_status":"open","ping_status":"closed","template":"","meta":{"inline_featured_image":false},"product_cat":[204,91],"product_tag":[],"class_list":{"0":"post-16882","1":"product","2":"type-product","3":"status-publish","4":"has-post-thumbnail","6":"product_cat-francais","7":"product_cat-developpement","8":"pa_auteurs-stephen-r-covey","10":"first","11":"instock","12":"shipping-taxable","13":"purchasable","14":"product-type-simple"},"_links":{"self":[{"href":"https:\/\/baralivres.ma\/index.php?rest_route=\/wp\/v2\/product\/16882","targetHints":{"allow":["GET"]}}],"collection":[{"href":"https:\/\/baralivres.ma\/index.php?rest_route=\/wp\/v2\/product"}],"about":[{"href":"https:\/\/baralivres.ma\/index.php?rest_route=\/wp\/v2\/types\/product"}],"replies":[{"embeddable":true,"href":"https:\/\/baralivres.ma\/index.php?rest_route=%2Fwp%2Fv2%2Fcomments&post=16882"}],"version-history":[{"count":1,"href":"https:\/\/baralivres.ma\/index.php?rest_route=\/wp\/v2\/product\/16882\/revisions"}],"predecessor-version":[{"id":16884,"href":"https:\/\/baralivres.ma\/index.php?rest_route=\/wp\/v2\/product\/16882\/revisions\/16884"}],"wp:featuredmedia":[{"embeddable":true,"href":"https:\/\/baralivres.ma\/index.php?rest_route=\/wp\/v2\/media\/16883"}],"wp:attachment":[{"href":"https:\/\/baralivres.ma\/index.php?rest_route=%2Fwp%2Fv2%2Fmedia&parent=16882"}],"wp:term":[{"taxonomy":"product_cat","embeddable":true,"href":"https:\/\/baralivres.ma\/index.php?rest_route=%2Fwp%2Fv2%2Fproduct_cat&post=16882"},{"taxonomy":"product_tag","embeddable":true,"href":"https:\/\/baralivres.ma\/index.php?rest_route=%2Fwp%2Fv2%2Fproduct_tag&post=16882"}],"curies":[{"name":"wp","href":"https:\/\/api.w.org\/{rel}","templated":true}]}}