{"id":16873,"date":"2023-11-01T10:08:18","date_gmt":"2023-11-01T09:08:18","guid":{"rendered":"https:\/\/baralivres.ma\/?post_type=product&#038;p=16873"},"modified":"2023-11-01T11:22:27","modified_gmt":"2023-11-01T10:22:27","slug":"lart-de-la-sagesse","status":"publish","type":"product","link":"https:\/\/baralivres.ma\/?product=lart-de-la-sagesse","title":{"rendered":"L&rsquo;art de la sagesse"},"content":{"rendered":"<p>L&rsquo;\u00e9panouissement de l&rsquo;amour et de la compassion inh\u00e9rents \u00e0 chacun, ainsi que l&rsquo;atteinte de la sagesse ultime pour all\u00e9ger la souffrance dans le monde, repr\u00e9sentent l&rsquo;aspiration altruiste du chemin du bodhisattva. Cette voie implique principalement l&rsquo;\u00e9tude et la mise en pratique des textes fondamentaux du bouddhisme. En 1993, en France, dans le Tarn, Sa Saintet\u00e9 le Dala\u00ef-Lama a dispens\u00e9 un enseignement portant sur le neuvi\u00e8me chapitre de \u00ab\u00a0La Marche vers l&rsquo;\u00e9veil\u00a0\u00bb de Shantideva, un texte v\u00e9n\u00e9r\u00e9 dans le bouddhisme tib\u00e9tain, \u00e9galement connu sous le nom des \u00ab\u00a0Chemins du Bodhisattva\u00a0\u00bb.<\/p>\n","protected":false},"excerpt":{"rendered":"<p>Chemin bodhisattva : cultiver amour, sagesse, dissiper souffrance, enseignement Dala\u00ef-Lama en France 1993.<\/p>\n","protected":false},"featured_media":16874,"comment_status":"open","ping_status":"closed","template":"","meta":{"inline_featured_image":false},"product_cat":[204,91],"product_tag":[],"class_list":{"0":"post-16873","1":"product","2":"type-product","3":"status-publish","4":"has-post-thumbnail","6":"product_cat-francais","7":"product_cat-developpement","8":"pa_auteurs-dalai-lama-xiv","10":"first","11":"instock","12":"shipping-taxable","13":"purchasable","14":"product-type-simple"},"_links":{"self":[{"href":"https:\/\/baralivres.ma\/index.php?rest_route=\/wp\/v2\/product\/16873","targetHints":{"allow":["GET"]}}],"collection":[{"href":"https:\/\/baralivres.ma\/index.php?rest_route=\/wp\/v2\/product"}],"about":[{"href":"https:\/\/baralivres.ma\/index.php?rest_route=\/wp\/v2\/types\/product"}],"replies":[{"embeddable":true,"href":"https:\/\/baralivres.ma\/index.php?rest_route=%2Fwp%2Fv2%2Fcomments&post=16873"}],"version-history":[{"count":1,"href":"https:\/\/baralivres.ma\/index.php?rest_route=\/wp\/v2\/product\/16873\/revisions"}],"predecessor-version":[{"id":16875,"href":"https:\/\/baralivres.ma\/index.php?rest_route=\/wp\/v2\/product\/16873\/revisions\/16875"}],"wp:featuredmedia":[{"embeddable":true,"href":"https:\/\/baralivres.ma\/index.php?rest_route=\/wp\/v2\/media\/16874"}],"wp:attachment":[{"href":"https:\/\/baralivres.ma\/index.php?rest_route=%2Fwp%2Fv2%2Fmedia&parent=16873"}],"wp:term":[{"taxonomy":"product_cat","embeddable":true,"href":"https:\/\/baralivres.ma\/index.php?rest_route=%2Fwp%2Fv2%2Fproduct_cat&post=16873"},{"taxonomy":"product_tag","embeddable":true,"href":"https:\/\/baralivres.ma\/index.php?rest_route=%2Fwp%2Fv2%2Fproduct_tag&post=16873"}],"curies":[{"name":"wp","href":"https:\/\/api.w.org\/{rel}","templated":true}]}}