{"id":16870,"date":"2023-11-01T10:05:24","date_gmt":"2023-11-01T09:05:24","guid":{"rendered":"https:\/\/baralivres.ma\/?post_type=product&#038;p=16870"},"modified":"2023-11-01T11:23:04","modified_gmt":"2023-11-01T10:23:04","slug":"voyage-aux-confins-de-lesprit","status":"publish","type":"product","link":"https:\/\/baralivres.ma\/?product=voyage-aux-confins-de-lesprit","title":{"rendered":"Voyage aux confins de l&rsquo;esprit"},"content":{"rendered":"<p>Dans \u00ab\u00a0Voyage aux confins de l&rsquo;esprit\u00a0\u00bb, le Dala\u00ef Lama engage des dialogues avec des \u00e9minents scientifiques occidentaux sur des sujets cruciaux tels que le sommeil, les r\u00eaves et la mort. Cette convergence entre le bouddhisme tib\u00e9tain et des domaines comme la psychanalyse, la philosophie, les neurosciences et l&rsquo;anthropologie offre des \u00e9changes captivants, stimulants et parfois divergents. \u00c0 travers des th\u00e8mes vari\u00e9s tels que les r\u00eaves lucides, la m\u00e9ditation ou la postulation d&rsquo;une vie apr\u00e8s la mort, ce livre incite \u00e0 une r\u00e9\u00e9valuation subtile et intelligente de notre perception de la r\u00e9alit\u00e9 et de la conscience.<\/p>\n","protected":false},"excerpt":{"rendered":"<p>Dans \u00ab\u00a0Voyage aux confins de l&rsquo;esprit,\u00a0\u00bb le Dala\u00ef Lama explore des sujets cruciaux avec des scientifiques occidentaux.<\/p>\n","protected":false},"featured_media":16871,"comment_status":"open","ping_status":"closed","template":"","meta":{"inline_featured_image":false},"product_cat":[204,91],"product_tag":[],"class_list":{"0":"post-16870","1":"product","2":"type-product","3":"status-publish","4":"has-post-thumbnail","6":"product_cat-francais","7":"product_cat-developpement","8":"pa_auteurs-dalai-lama-xiv","10":"first","11":"instock","12":"shipping-taxable","13":"purchasable","14":"product-type-simple"},"_links":{"self":[{"href":"https:\/\/baralivres.ma\/index.php?rest_route=\/wp\/v2\/product\/16870","targetHints":{"allow":["GET"]}}],"collection":[{"href":"https:\/\/baralivres.ma\/index.php?rest_route=\/wp\/v2\/product"}],"about":[{"href":"https:\/\/baralivres.ma\/index.php?rest_route=\/wp\/v2\/types\/product"}],"replies":[{"embeddable":true,"href":"https:\/\/baralivres.ma\/index.php?rest_route=%2Fwp%2Fv2%2Fcomments&post=16870"}],"version-history":[{"count":1,"href":"https:\/\/baralivres.ma\/index.php?rest_route=\/wp\/v2\/product\/16870\/revisions"}],"predecessor-version":[{"id":16872,"href":"https:\/\/baralivres.ma\/index.php?rest_route=\/wp\/v2\/product\/16870\/revisions\/16872"}],"wp:featuredmedia":[{"embeddable":true,"href":"https:\/\/baralivres.ma\/index.php?rest_route=\/wp\/v2\/media\/16871"}],"wp:attachment":[{"href":"https:\/\/baralivres.ma\/index.php?rest_route=%2Fwp%2Fv2%2Fmedia&parent=16870"}],"wp:term":[{"taxonomy":"product_cat","embeddable":true,"href":"https:\/\/baralivres.ma\/index.php?rest_route=%2Fwp%2Fv2%2Fproduct_cat&post=16870"},{"taxonomy":"product_tag","embeddable":true,"href":"https:\/\/baralivres.ma\/index.php?rest_route=%2Fwp%2Fv2%2Fproduct_tag&post=16870"}],"curies":[{"name":"wp","href":"https:\/\/api.w.org\/{rel}","templated":true}]}}