{"id":16867,"date":"2023-11-01T10:02:29","date_gmt":"2023-11-01T09:02:29","guid":{"rendered":"https:\/\/baralivres.ma\/?post_type=product&#038;p=16867"},"modified":"2023-11-01T11:24:23","modified_gmt":"2023-11-01T10:24:23","slug":"le-petit-livre-du-mysticisme","status":"publish","type":"product","link":"https:\/\/baralivres.ma\/?product=le-petit-livre-du-mysticisme","title":{"rendered":"Le petit livre du mysticisme"},"content":{"rendered":"<p>Dans cet ouvrage inspirant, le Dala\u00ef-Lama explore comment le mysticisme, avec son essence et sa force, peut \u00eatre un guide vers une vie plus \u00e9panouie. Il offre sa propre vision du mysticisme, d\u00e9montrant comment cette exp\u00e9rience spirituelle profonde peut non seulement transformer nos vies, mais aussi stimuler un changement personnel et social significatif. \u00c0 travers ses paroles puissantes et pertinentes, le laur\u00e9at du prix Nobel de la paix nous conduit vers une existence plus enrichissante, favorisant un meilleur rapport \u00e0 autrui et une action plus \u00e9clair\u00e9e.<\/p>\n","protected":false},"excerpt":{"rendered":"<p>Le livre du Dala\u00ef-Lama explore le mysticisme pour une vie plus \u00e9panouie et transformative.<\/p>\n","protected":false},"featured_media":16868,"comment_status":"open","ping_status":"closed","template":"","meta":{"inline_featured_image":false},"product_cat":[204,91],"product_tag":[],"class_list":{"0":"post-16867","1":"product","2":"type-product","3":"status-publish","4":"has-post-thumbnail","6":"product_cat-francais","7":"product_cat-developpement","8":"pa_auteurs-dalai-lama-xiv","10":"first","11":"instock","12":"shipping-taxable","13":"purchasable","14":"product-type-simple"},"_links":{"self":[{"href":"https:\/\/baralivres.ma\/index.php?rest_route=\/wp\/v2\/product\/16867","targetHints":{"allow":["GET"]}}],"collection":[{"href":"https:\/\/baralivres.ma\/index.php?rest_route=\/wp\/v2\/product"}],"about":[{"href":"https:\/\/baralivres.ma\/index.php?rest_route=\/wp\/v2\/types\/product"}],"replies":[{"embeddable":true,"href":"https:\/\/baralivres.ma\/index.php?rest_route=%2Fwp%2Fv2%2Fcomments&post=16867"}],"version-history":[{"count":1,"href":"https:\/\/baralivres.ma\/index.php?rest_route=\/wp\/v2\/product\/16867\/revisions"}],"predecessor-version":[{"id":16869,"href":"https:\/\/baralivres.ma\/index.php?rest_route=\/wp\/v2\/product\/16867\/revisions\/16869"}],"wp:featuredmedia":[{"embeddable":true,"href":"https:\/\/baralivres.ma\/index.php?rest_route=\/wp\/v2\/media\/16868"}],"wp:attachment":[{"href":"https:\/\/baralivres.ma\/index.php?rest_route=%2Fwp%2Fv2%2Fmedia&parent=16867"}],"wp:term":[{"taxonomy":"product_cat","embeddable":true,"href":"https:\/\/baralivres.ma\/index.php?rest_route=%2Fwp%2Fv2%2Fproduct_cat&post=16867"},{"taxonomy":"product_tag","embeddable":true,"href":"https:\/\/baralivres.ma\/index.php?rest_route=%2Fwp%2Fv2%2Fproduct_tag&post=16867"}],"curies":[{"name":"wp","href":"https:\/\/api.w.org\/{rel}","templated":true}]}}