{"id":16864,"date":"2023-11-01T09:59:20","date_gmt":"2023-11-01T08:59:20","guid":{"rendered":"https:\/\/baralivres.ma\/?post_type=product&#038;p=16864"},"modified":"2023-11-01T11:25:06","modified_gmt":"2023-11-01T10:25:06","slug":"lharmonie-interieure","status":"publish","type":"product","link":"https:\/\/baralivres.ma\/?product=lharmonie-interieure","title":{"rendered":"L&rsquo;harmonie int\u00e9rieure"},"content":{"rendered":"<p>Le Dala\u00ef-Lama, ainsi que the great masters of Tibet through him, offer a powerful antidote against the afflictions of the modern world: anger, jealousy, anxiety, stress, and fear. Tibetan Buddhism isn&rsquo;t merely theoretical but provides practical teachings to counter negative emotions. Step by step, the Dalai Lama guides individuals in mastering their minds to attain a state of perfect serenity. Using techniques like prayer, visualization, meditation, and precise instructions, he leads individuals toward true inner balance. This straightforward and essential guide assists in transcending daily worries and encourages living in harmony with oneself and others.<\/p>\n","protected":false},"excerpt":{"rendered":"<p>Le Dala\u00ef-Lama guide vers la s\u00e9r\u00e9nit\u00e9 par la ma\u00eetrise de l&rsquo;esprit, via bouddhisme tib\u00e9tain pratique.<\/p>\n","protected":false},"featured_media":16865,"comment_status":"open","ping_status":"closed","template":"","meta":{"inline_featured_image":false},"product_cat":[204,91],"product_tag":[],"class_list":{"0":"post-16864","1":"product","2":"type-product","3":"status-publish","4":"has-post-thumbnail","6":"product_cat-francais","7":"product_cat-developpement","8":"pa_auteurs-dalai-lama-xiv","10":"first","11":"instock","12":"shipping-taxable","13":"purchasable","14":"product-type-simple"},"_links":{"self":[{"href":"https:\/\/baralivres.ma\/index.php?rest_route=\/wp\/v2\/product\/16864","targetHints":{"allow":["GET"]}}],"collection":[{"href":"https:\/\/baralivres.ma\/index.php?rest_route=\/wp\/v2\/product"}],"about":[{"href":"https:\/\/baralivres.ma\/index.php?rest_route=\/wp\/v2\/types\/product"}],"replies":[{"embeddable":true,"href":"https:\/\/baralivres.ma\/index.php?rest_route=%2Fwp%2Fv2%2Fcomments&post=16864"}],"version-history":[{"count":1,"href":"https:\/\/baralivres.ma\/index.php?rest_route=\/wp\/v2\/product\/16864\/revisions"}],"predecessor-version":[{"id":16866,"href":"https:\/\/baralivres.ma\/index.php?rest_route=\/wp\/v2\/product\/16864\/revisions\/16866"}],"wp:featuredmedia":[{"embeddable":true,"href":"https:\/\/baralivres.ma\/index.php?rest_route=\/wp\/v2\/media\/16865"}],"wp:attachment":[{"href":"https:\/\/baralivres.ma\/index.php?rest_route=%2Fwp%2Fv2%2Fmedia&parent=16864"}],"wp:term":[{"taxonomy":"product_cat","embeddable":true,"href":"https:\/\/baralivres.ma\/index.php?rest_route=%2Fwp%2Fv2%2Fproduct_cat&post=16864"},{"taxonomy":"product_tag","embeddable":true,"href":"https:\/\/baralivres.ma\/index.php?rest_route=%2Fwp%2Fv2%2Fproduct_tag&post=16864"}],"curies":[{"name":"wp","href":"https:\/\/api.w.org\/{rel}","templated":true}]}}