{"id":16861,"date":"2023-11-01T09:56:29","date_gmt":"2023-11-01T08:56:29","guid":{"rendered":"https:\/\/baralivres.ma\/?post_type=product&#038;p=16861"},"modified":"2023-11-01T11:26:13","modified_gmt":"2023-11-01T10:26:13","slug":"le-coeur-de-la-meditation","status":"publish","type":"product","link":"https:\/\/baralivres.ma\/?product=le-coeur-de-la-meditation","title":{"rendered":"Le coeur de la m\u00e9ditation"},"content":{"rendered":"<p>Ce livre compile les enseignements du Dala\u00ef-Lama sur la pratique de la m\u00e9ditation de la Grande Perfection. Avant de s&rsquo;engager dans cette pratique bouddhiste, la compassion et la sagesse sont des aspects essentiels et primordiaux. Avec une approche m\u00e9thodique et d\u00e9taill\u00e9e, le Dala\u00ef-Lama explore en profondeur la progression dans cette voie, offrant des explications sur la transcendance du flot de pens\u00e9es pour acc\u00e9der \u00e0 l&rsquo;esprit inn\u00e9 de claire lumi\u00e8re et maintenir un lien continu avec lui.<\/p>\n","protected":false},"excerpt":{"rendered":"<p>Enseignements du Dala\u00ef-Lama sur m\u00e9ditation : compassion, sagesse, progression vers claire lumi\u00e8re int\u00e9rieure.<\/p>\n","protected":false},"featured_media":16862,"comment_status":"open","ping_status":"closed","template":"","meta":{"inline_featured_image":false},"product_cat":[204,91],"product_tag":[],"class_list":{"0":"post-16861","1":"product","2":"type-product","3":"status-publish","4":"has-post-thumbnail","6":"product_cat-francais","7":"product_cat-developpement","8":"pa_auteurs-dalai-lama-xiv","10":"first","11":"instock","12":"shipping-taxable","13":"purchasable","14":"product-type-simple"},"_links":{"self":[{"href":"https:\/\/baralivres.ma\/index.php?rest_route=\/wp\/v2\/product\/16861","targetHints":{"allow":["GET"]}}],"collection":[{"href":"https:\/\/baralivres.ma\/index.php?rest_route=\/wp\/v2\/product"}],"about":[{"href":"https:\/\/baralivres.ma\/index.php?rest_route=\/wp\/v2\/types\/product"}],"replies":[{"embeddable":true,"href":"https:\/\/baralivres.ma\/index.php?rest_route=%2Fwp%2Fv2%2Fcomments&post=16861"}],"version-history":[{"count":1,"href":"https:\/\/baralivres.ma\/index.php?rest_route=\/wp\/v2\/product\/16861\/revisions"}],"predecessor-version":[{"id":16863,"href":"https:\/\/baralivres.ma\/index.php?rest_route=\/wp\/v2\/product\/16861\/revisions\/16863"}],"wp:featuredmedia":[{"embeddable":true,"href":"https:\/\/baralivres.ma\/index.php?rest_route=\/wp\/v2\/media\/16862"}],"wp:attachment":[{"href":"https:\/\/baralivres.ma\/index.php?rest_route=%2Fwp%2Fv2%2Fmedia&parent=16861"}],"wp:term":[{"taxonomy":"product_cat","embeddable":true,"href":"https:\/\/baralivres.ma\/index.php?rest_route=%2Fwp%2Fv2%2Fproduct_cat&post=16861"},{"taxonomy":"product_tag","embeddable":true,"href":"https:\/\/baralivres.ma\/index.php?rest_route=%2Fwp%2Fv2%2Fproduct_tag&post=16861"}],"curies":[{"name":"wp","href":"https:\/\/api.w.org\/{rel}","templated":true}]}}