{"id":16858,"date":"2023-11-01T09:53:45","date_gmt":"2023-11-01T08:53:45","guid":{"rendered":"https:\/\/baralivres.ma\/?post_type=product&#038;p=16858"},"modified":"2023-11-01T11:26:44","modified_gmt":"2023-11-01T10:26:44","slug":"lart-du-bonheur-2","status":"publish","type":"product","link":"https:\/\/baralivres.ma\/?product=lart-du-bonheur-2","title":{"rendered":"L&rsquo;art du bonheur"},"content":{"rendered":"<p>Apr\u00e8s le triomphe mondial de \u00ab\u00a0L&rsquo;art du bonheur\u00a0\u00bb, le Dala\u00ef-Lama approfondit sa qu\u00eate du bonheur, consid\u00e9r\u00e9 comme le dessein fondamental de notre existence. Dans ses \u00e9changes avec Howard Cutler, il explore le domaine le plus commun de l&rsquo;existence humaine : le travail. En tant que guide \u00e9clair\u00e9 et \u00eatre humain, il partage ses r\u00e9flexions personnelles tout en soulevant des questions cruciales : quel lien existe-t-il entre l&rsquo;estime de soi et le travail ? Quelles sont les principales sources d&rsquo;insatisfaction au travail et comment les surmonter ? Ce document rare, empreint de puissance et de gr\u00e2ce, offre une application pratique de la philosophie du Dala\u00ef-Lama pour aider chacun \u00e0 trouver le bonheur dans sa vie professionnelle.<\/p>\n","protected":false},"excerpt":{"rendered":"<p>Le Dala\u00ef-Lama explore le bonheur au travail, offrant sagesse et conseils pour l&rsquo;\u00e9panouissement professionnel.<\/p>\n","protected":false},"featured_media":16859,"comment_status":"open","ping_status":"closed","template":"","meta":{"inline_featured_image":false},"product_cat":[204,91],"product_tag":[],"class_list":{"0":"post-16858","1":"product","2":"type-product","3":"status-publish","4":"has-post-thumbnail","6":"product_cat-francais","7":"product_cat-developpement","8":"pa_auteurs-dalai-lama-xiv","10":"first","11":"instock","12":"shipping-taxable","13":"purchasable","14":"product-type-simple"},"_links":{"self":[{"href":"https:\/\/baralivres.ma\/index.php?rest_route=\/wp\/v2\/product\/16858","targetHints":{"allow":["GET"]}}],"collection":[{"href":"https:\/\/baralivres.ma\/index.php?rest_route=\/wp\/v2\/product"}],"about":[{"href":"https:\/\/baralivres.ma\/index.php?rest_route=\/wp\/v2\/types\/product"}],"replies":[{"embeddable":true,"href":"https:\/\/baralivres.ma\/index.php?rest_route=%2Fwp%2Fv2%2Fcomments&post=16858"}],"version-history":[{"count":1,"href":"https:\/\/baralivres.ma\/index.php?rest_route=\/wp\/v2\/product\/16858\/revisions"}],"predecessor-version":[{"id":16860,"href":"https:\/\/baralivres.ma\/index.php?rest_route=\/wp\/v2\/product\/16858\/revisions\/16860"}],"wp:featuredmedia":[{"embeddable":true,"href":"https:\/\/baralivres.ma\/index.php?rest_route=\/wp\/v2\/media\/16859"}],"wp:attachment":[{"href":"https:\/\/baralivres.ma\/index.php?rest_route=%2Fwp%2Fv2%2Fmedia&parent=16858"}],"wp:term":[{"taxonomy":"product_cat","embeddable":true,"href":"https:\/\/baralivres.ma\/index.php?rest_route=%2Fwp%2Fv2%2Fproduct_cat&post=16858"},{"taxonomy":"product_tag","embeddable":true,"href":"https:\/\/baralivres.ma\/index.php?rest_route=%2Fwp%2Fv2%2Fproduct_tag&post=16858"}],"curies":[{"name":"wp","href":"https:\/\/api.w.org\/{rel}","templated":true}]}}