{"id":16855,"date":"2023-11-01T09:50:57","date_gmt":"2023-11-01T08:50:57","guid":{"rendered":"https:\/\/baralivres.ma\/?post_type=product&#038;p=16855"},"modified":"2023-11-01T11:28:06","modified_gmt":"2023-11-01T10:28:06","slug":"lart-du-bonheur","status":"publish","type":"product","link":"https:\/\/baralivres.ma\/?product=lart-du-bonheur","title":{"rendered":"L&rsquo;art du bonheur"},"content":{"rendered":"<p>Le Dala\u00ef-Lama affirme sans h\u00e9sitation \u00eatre heureux, consid\u00e9rant le bonheur comme l&rsquo;objectif ultime de notre vie. Dans \u00ab\u00a0L&rsquo;Art du Bonheur\u00a0\u00bb, il m\u00eale une sagesse ancienne, du bon sens, des r\u00e9flexions et des conseils concrets, accessibles \u00e0 tous. \u00c0 travers ses discussions, il d\u00e9voile comment triompher de l&rsquo;anxi\u00e9t\u00e9, de l&rsquo;ins\u00e9curit\u00e9, de la col\u00e8re et du d\u00e9couragement, explorant nos vies quotidiennes pour nous enseigner comment surmonter les d\u00e9fis de l&rsquo;existence en puisant dans notre propre source de paix int\u00e9rieure.<\/p>\n","protected":false},"excerpt":{"rendered":"<p>\u00ab\u00a0Dala\u00ef-Lama pr\u00f4ne bonheur comme essence de vie, partage sagesse pour vaincre adversit\u00e9s et trouver paix.\u00a0\u00bb<\/p>\n","protected":false},"featured_media":16856,"comment_status":"open","ping_status":"closed","template":"","meta":{"inline_featured_image":false},"product_cat":[204,91],"product_tag":[],"class_list":{"0":"post-16855","1":"product","2":"type-product","3":"status-publish","4":"has-post-thumbnail","6":"product_cat-francais","7":"product_cat-developpement","8":"pa_auteurs-dalai-lama-xiv","10":"first","11":"instock","12":"shipping-taxable","13":"purchasable","14":"product-type-simple"},"_links":{"self":[{"href":"https:\/\/baralivres.ma\/index.php?rest_route=\/wp\/v2\/product\/16855","targetHints":{"allow":["GET"]}}],"collection":[{"href":"https:\/\/baralivres.ma\/index.php?rest_route=\/wp\/v2\/product"}],"about":[{"href":"https:\/\/baralivres.ma\/index.php?rest_route=\/wp\/v2\/types\/product"}],"replies":[{"embeddable":true,"href":"https:\/\/baralivres.ma\/index.php?rest_route=%2Fwp%2Fv2%2Fcomments&post=16855"}],"version-history":[{"count":1,"href":"https:\/\/baralivres.ma\/index.php?rest_route=\/wp\/v2\/product\/16855\/revisions"}],"predecessor-version":[{"id":16857,"href":"https:\/\/baralivres.ma\/index.php?rest_route=\/wp\/v2\/product\/16855\/revisions\/16857"}],"wp:featuredmedia":[{"embeddable":true,"href":"https:\/\/baralivres.ma\/index.php?rest_route=\/wp\/v2\/media\/16856"}],"wp:attachment":[{"href":"https:\/\/baralivres.ma\/index.php?rest_route=%2Fwp%2Fv2%2Fmedia&parent=16855"}],"wp:term":[{"taxonomy":"product_cat","embeddable":true,"href":"https:\/\/baralivres.ma\/index.php?rest_route=%2Fwp%2Fv2%2Fproduct_cat&post=16855"},{"taxonomy":"product_tag","embeddable":true,"href":"https:\/\/baralivres.ma\/index.php?rest_route=%2Fwp%2Fv2%2Fproduct_tag&post=16855"}],"curies":[{"name":"wp","href":"https:\/\/api.w.org\/{rel}","templated":true}]}}