{"id":16850,"date":"2023-11-01T10:24:18","date_gmt":"2023-11-01T09:24:18","guid":{"rendered":"https:\/\/baralivres.ma\/?post_type=product&#038;p=16850"},"modified":"2023-11-01T10:24:18","modified_gmt":"2023-11-01T09:24:18","slug":"miracle-morning-pour-millionnaires","status":"publish","type":"product","link":"https:\/\/baralivres.ma\/?product=miracle-morning-pour-millionnaires","title":{"rendered":"Miracle morning pour millionnaires"},"content":{"rendered":"<div class=\"f-productLayerGrid__col\">\n<div class=\"f-productLayer\">\n<div id=\"9737b119-2ac7-49de-9b73-33128f3383e5\" class=\"f-productLayer__body\">\n<div class=\"f-productLayer__container\" data-automation-id=\"EditorOpinionOrSummary-block\">\n<div class=\"js-Expander expander expander--hasIcon collapsed\" data-automation-button=\"expand-EditorOpinionOrSummary-button\" data-automation-content=\"expand-EditorOpinionOrSummary\">\n<div class=\"expander__content\" data-automation-id=\"expand-EditorOpinionOrSummary\" aria-expanded=\"true\">\n<div class=\"f-productDesc\">\n<div class=\"f-productDesc__raw\">\n<p>&nbsp;<\/p>\n<\/div>\n<\/div>\n<\/div>\n<div class=\"expander__mask\">\u00ab\u00a0Miracle Morning pour millionnaires\u00a0\u00bb r\u00e9v\u00e8le le secret des millionnaires : se transformer pour r\u00e9ussir financi\u00e8rement. Bas\u00e9 sur la m\u00e9thode Miracle Morning de Hal Elrod, ce guide explore le lien entre les matins et la richesse, met en avant l&rsquo;importance de l&rsquo;action proactive, propose un processus en cinq \u00e9tapes pour devenir matinal comme un millionnaire, et d\u00e9taille les choix et \u00e9tapes \u00e0 suivre pour atteindre la fortune. Il pr\u00e9sente \u00e9galement un nouveau paradigme pour exploiter les affirmations, met en garde contre le syndrome du r\u00e9troviseur entravant la croissance financi\u00e8re, et offre la cl\u00e9 pour une vision d&rsquo;avenir claire. Les matins calmes sont un moment propice pour cultiver le potentiel de chaque nouvelle journ\u00e9e.<\/div>\n<\/div>\n<\/div>\n<\/div>\n<\/div>\n<\/div>\n<div class=\"f-productLayerGrid__col f-productLayerGrid__col--fixed\">\n<div class=\"f-productLayer ebookPromoStrate\">\n<div class=\"f-productLayer__container\"><\/div>\n<\/div>\n<\/div>\n","protected":false},"excerpt":{"rendered":"<div class=\"group w-full text-token-text-primary border-b border-black\/10 gizmo:border-0 dark:border-gray-900\/50 gizmo:dark:border-0 bg-gray-50 gizmo:bg-transparent dark:bg-[#444654] gizmo:dark:bg-transparent\" data-testid=\"conversation-turn-33\">\n<div class=\"p-4 gizmo:py-2 justify-center text-base md:gap-6 md:py-6 m-auto\">\n<div class=\"flex flex-1 gap-4 text-base mx-auto md:gap-6 gizmo:gap-3 gizmo:md:px-5 gizmo:lg:px-1 gizmo:xl:px-5 md:max-w-2xl lg:max-w-[38rem] gizmo:md:max-w-3xl gizmo:lg:max-w-[40rem] gizmo:xl:max-w-[48rem] xl:max-w-3xl }\">\n<div class=\"relative flex w-[calc(100%-50px)] flex-col gizmo:w-full lg:w-[calc(100%-115px)] agent-turn\">\n<div class=\"flex-col gap-1 md:gap-3\">\n<div class=\"flex flex-grow flex-col gap-3 max-w-full\">\n<div class=\"min-h-[20px] flex flex-col items-start gap-3 whitespace-pre-wrap break-words overflow-x-auto\" data-message-author-role=\"assistant\" data-message-id=\"1d663741-b12b-4b2b-9c90-6c0858b6f7fd\">\n<div class=\"markdown prose w-full break-words dark:prose-invert light\">\n<p>Miracle Morning pour millionnaires\u00a0\u00bb r\u00e9v\u00e8le comment la transformation personnelle est la cl\u00e9 pour r\u00e9ussir financi\u00e8rement.<\/p>\n<\/div>\n<\/div>\n<\/div>\n<div class=\"flex justify-between empty:hidden gizmo:justify-start gizmo:gap-3 lg:block gizmo:lg:flex\">\n<div class=\"text-gray-400 flex self-end lg:self-center justify-center gizmo:lg:justify-start mt-2 gizmo:mt-0 visible lg:gap-1 lg:absolute lg:top-0 lg:translate-x-full lg:right-0 lg:mt-0 lg:pl-2 gap-2 md:gap-3\"><button class=\"flex ml-auto gizmo:ml-0 gap-2 items-center rounded-md p-1 text-xs gizmo:gap-1.5 gizmo:pl-0 dark:text-gray-400 dark:hover:text-gray-200 disabled:dark:hover:text-gray-400 hover:text-gray-700\"><\/button><\/p>\n<div class=\"flex gap-1\"><\/div>\n<\/div>\n<\/div>\n<\/div>\n<\/div>\n<\/div>\n<\/div>\n<\/div>\n","protected":false},"featured_media":16890,"comment_status":"open","ping_status":"closed","template":"","meta":{"inline_featured_image":false},"product_cat":[204,91],"product_tag":[],"class_list":{"0":"post-16850","1":"product","2":"type-product","3":"status-publish","4":"has-post-thumbnail","6":"product_cat-francais","7":"product_cat-developpement","8":"pa_auteurs-hal-elrod","10":"first","11":"instock","12":"shipping-taxable","13":"purchasable","14":"product-type-simple"},"_links":{"self":[{"href":"https:\/\/baralivres.ma\/index.php?rest_route=\/wp\/v2\/product\/16850","targetHints":{"allow":["GET"]}}],"collection":[{"href":"https:\/\/baralivres.ma\/index.php?rest_route=\/wp\/v2\/product"}],"about":[{"href":"https:\/\/baralivres.ma\/index.php?rest_route=\/wp\/v2\/types\/product"}],"replies":[{"embeddable":true,"href":"https:\/\/baralivres.ma\/index.php?rest_route=%2Fwp%2Fv2%2Fcomments&post=16850"}],"version-history":[{"count":1,"href":"https:\/\/baralivres.ma\/index.php?rest_route=\/wp\/v2\/product\/16850\/revisions"}],"predecessor-version":[{"id":16891,"href":"https:\/\/baralivres.ma\/index.php?rest_route=\/wp\/v2\/product\/16850\/revisions\/16891"}],"wp:featuredmedia":[{"embeddable":true,"href":"https:\/\/baralivres.ma\/index.php?rest_route=\/wp\/v2\/media\/16890"}],"wp:attachment":[{"href":"https:\/\/baralivres.ma\/index.php?rest_route=%2Fwp%2Fv2%2Fmedia&parent=16850"}],"wp:term":[{"taxonomy":"product_cat","embeddable":true,"href":"https:\/\/baralivres.ma\/index.php?rest_route=%2Fwp%2Fv2%2Fproduct_cat&post=16850"},{"taxonomy":"product_tag","embeddable":true,"href":"https:\/\/baralivres.ma\/index.php?rest_route=%2Fwp%2Fv2%2Fproduct_tag&post=16850"}],"curies":[{"name":"wp","href":"https:\/\/api.w.org\/{rel}","templated":true}]}}