{"id":16847,"date":"2023-11-01T09:46:09","date_gmt":"2023-11-01T08:46:09","guid":{"rendered":"https:\/\/baralivres.ma\/?post_type=product&#038;p=16847"},"modified":"2023-11-01T11:29:57","modified_gmt":"2023-11-01T10:29:57","slug":"lart-de-vivre-et-de-mourir-des-tolteques","status":"publish","type":"product","link":"https:\/\/baralivres.ma\/?product=lart-de-vivre-et-de-mourir-des-tolteques","title":{"rendered":"L&rsquo;art de vivre et de mourir des Tolt\u00e8ques"},"content":{"rendered":"<p>En 2002, Don Miguel Ruiz a surv\u00e9cu \u00e0 une crise cardiaque et a pass\u00e9 neuf semaines dans un \u00e9tat de coma. Pendant cette p\u00e9riode, son esprit a sembl\u00e9 voyager \u00e0 travers les exp\u00e9riences, les personnes et les id\u00e9es qui ont fa\u00e7onn\u00e9 sa vie. Ce p\u00e9riple a \u00e9clair\u00e9 la lutte entre la vie, une force et une v\u00e9rit\u00e9 infinie, et la mort, repr\u00e9sentant la mat\u00e9rialit\u00e9 et la connaissance subjective. Ruiz partage avec nous les profondeurs de son \u00eatre, nous invitant \u00e0 confronter ces r\u00e9v\u00e9lations intemporelles de la sagesse tolt\u00e8que ancienne, qui forment le c\u0153ur m\u00eame du processus de transformation.<\/p>\n","protected":false},"excerpt":{"rendered":"<p>Exp\u00e9rience de Don Miguel Ruiz durant un coma \u00e9voque lutte entre vie et mort, transformation intime.<\/p>\n","protected":false},"featured_media":16852,"comment_status":"open","ping_status":"closed","template":"","meta":{"inline_featured_image":false},"product_cat":[204,91],"product_tag":[],"class_list":{"0":"post-16847","1":"product","2":"type-product","3":"status-publish","4":"has-post-thumbnail","6":"product_cat-francais","7":"product_cat-developpement","8":"pa_auteurs-miguel-ruiz","10":"first","11":"instock","12":"shipping-taxable","13":"purchasable","14":"product-type-simple"},"_links":{"self":[{"href":"https:\/\/baralivres.ma\/index.php?rest_route=\/wp\/v2\/product\/16847","targetHints":{"allow":["GET"]}}],"collection":[{"href":"https:\/\/baralivres.ma\/index.php?rest_route=\/wp\/v2\/product"}],"about":[{"href":"https:\/\/baralivres.ma\/index.php?rest_route=\/wp\/v2\/types\/product"}],"replies":[{"embeddable":true,"href":"https:\/\/baralivres.ma\/index.php?rest_route=%2Fwp%2Fv2%2Fcomments&post=16847"}],"version-history":[{"count":1,"href":"https:\/\/baralivres.ma\/index.php?rest_route=\/wp\/v2\/product\/16847\/revisions"}],"predecessor-version":[{"id":16854,"href":"https:\/\/baralivres.ma\/index.php?rest_route=\/wp\/v2\/product\/16847\/revisions\/16854"}],"wp:featuredmedia":[{"embeddable":true,"href":"https:\/\/baralivres.ma\/index.php?rest_route=\/wp\/v2\/media\/16852"}],"wp:attachment":[{"href":"https:\/\/baralivres.ma\/index.php?rest_route=%2Fwp%2Fv2%2Fmedia&parent=16847"}],"wp:term":[{"taxonomy":"product_cat","embeddable":true,"href":"https:\/\/baralivres.ma\/index.php?rest_route=%2Fwp%2Fv2%2Fproduct_cat&post=16847"},{"taxonomy":"product_tag","embeddable":true,"href":"https:\/\/baralivres.ma\/index.php?rest_route=%2Fwp%2Fv2%2Fproduct_tag&post=16847"}],"curies":[{"name":"wp","href":"https:\/\/api.w.org\/{rel}","templated":true}]}}