{"id":16843,"date":"2023-11-01T09:45:00","date_gmt":"2023-11-01T08:45:00","guid":{"rendered":"https:\/\/baralivres.ma\/?post_type=product&#038;p=16843"},"modified":"2023-11-01T09:45:01","modified_gmt":"2023-11-01T08:45:01","slug":"soyez-femme-mais-pensez-comme-un-homme","status":"publish","type":"product","link":"https:\/\/baralivres.ma\/?product=soyez-femme-mais-pensez-comme-un-homme","title":{"rendered":"Soyez femme, mais pensez comme un homme"},"content":{"rendered":"<p>Steve Harvey, c\u00e9l\u00e8bre humoriste, aide sinc\u00e8rement les femmes \u00e0 comprendre les hommes, tout en abordant divers sujets relatifs aux relations. Ce livre, \u00e0 l&rsquo;humour franc et sinc\u00e8re, d\u00e9voile la perspective masculine, propose des conseils pour renforcer les relations et examine des questions cruciales, comme l&rsquo;engagement. Avec plus de trois millions d&rsquo;exemplaires vendus, SOYEZ FEMME, MAIS PENSEZ COMME UN HOMME est devenu un succ\u00e8s mondial. Steve Harvey pr\u00e9sente cette \u00e9dition enrichie de sagesse sur les relations. Le livre aborde des questions telles que les amiti\u00e9s masculines, les \u00ab\u00a0mamans \u00e0 fils\u00a0\u00bb, et ce qu&rsquo;il faut savoir avant de se marier.<\/p>\n","protected":false},"excerpt":{"rendered":"<div class=\"group w-full text-token-text-primary border-b border-black\/10 gizmo:border-0 dark:border-gray-900\/50 gizmo:dark:border-0 bg-gray-50 gizmo:bg-transparent dark:bg-[#444654] gizmo:dark:bg-transparent\" data-testid=\"conversation-turn-29\">\n<div class=\"p-4 gizmo:py-2 justify-center text-base md:gap-6 md:py-6 m-auto\">\n<div class=\"flex flex-1 gap-4 text-base mx-auto md:gap-6 gizmo:gap-3 gizmo:md:px-5 gizmo:lg:px-1 gizmo:xl:px-5 md:max-w-2xl lg:max-w-[38rem] gizmo:md:max-w-3xl gizmo:lg:max-w-[40rem] gizmo:xl:max-w-[48rem] xl:max-w-3xl }\">\n<div class=\"relative flex w-[calc(100%-50px)] flex-col gizmo:w-full lg:w-[calc(100%-115px)] agent-turn\">\n<div class=\"flex-col gap-1 md:gap-3\">\n<div class=\"flex flex-grow flex-col gap-3 max-w-full\">\n<div class=\"min-h-[20px] flex flex-col items-start gap-3 whitespace-pre-wrap break-words overflow-x-auto\" data-message-author-role=\"assistant\" data-message-id=\"3ee7ba5c-4ac3-45c5-92b3-1c641a30ff06\">\n<div class=\"markdown prose w-full break-words dark:prose-invert light\">\n<p>Steve Harvey aide les femmes \u00e0 comprendre les hommes, offrant des conseils sur les relations. Succ\u00e8s mondial.<\/p>\n<\/div>\n<\/div>\n<\/div>\n<div class=\"flex justify-between empty:hidden gizmo:justify-start gizmo:gap-3 lg:block gizmo:lg:flex\">\n<div class=\"text-gray-400 flex self-end lg:self-center justify-center gizmo:lg:justify-start mt-2 gizmo:mt-0 visible lg:gap-1 lg:absolute lg:top-0 lg:translate-x-full lg:right-0 lg:mt-0 lg:pl-2 gap-2 md:gap-3\"><button class=\"flex ml-auto gizmo:ml-0 gap-2 items-center rounded-md p-1 text-xs gizmo:gap-1.5 gizmo:pl-0 dark:text-gray-400 dark:hover:text-gray-200 disabled:dark:hover:text-gray-400 hover:text-gray-700\"><\/button><\/p>\n<div class=\"flex gap-1\"><\/div>\n<\/div>\n<\/div>\n<\/div>\n<\/div>\n<\/div>\n<\/div>\n<\/div>\n","protected":false},"featured_media":16848,"comment_status":"open","ping_status":"closed","template":"","meta":{"inline_featured_image":false},"product_cat":[204,91],"product_tag":[],"class_list":{"0":"post-16843","1":"product","2":"type-product","3":"status-publish","4":"has-post-thumbnail","6":"product_cat-francais","7":"product_cat-developpement","8":"pa_auteurs-steve-harvey","10":"first","11":"instock","12":"shipping-taxable","13":"purchasable","14":"product-type-simple"},"_links":{"self":[{"href":"https:\/\/baralivres.ma\/index.php?rest_route=\/wp\/v2\/product\/16843","targetHints":{"allow":["GET"]}}],"collection":[{"href":"https:\/\/baralivres.ma\/index.php?rest_route=\/wp\/v2\/product"}],"about":[{"href":"https:\/\/baralivres.ma\/index.php?rest_route=\/wp\/v2\/types\/product"}],"replies":[{"embeddable":true,"href":"https:\/\/baralivres.ma\/index.php?rest_route=%2Fwp%2Fv2%2Fcomments&post=16843"}],"version-history":[{"count":1,"href":"https:\/\/baralivres.ma\/index.php?rest_route=\/wp\/v2\/product\/16843\/revisions"}],"predecessor-version":[{"id":16849,"href":"https:\/\/baralivres.ma\/index.php?rest_route=\/wp\/v2\/product\/16843\/revisions\/16849"}],"wp:featuredmedia":[{"embeddable":true,"href":"https:\/\/baralivres.ma\/index.php?rest_route=\/wp\/v2\/media\/16848"}],"wp:attachment":[{"href":"https:\/\/baralivres.ma\/index.php?rest_route=%2Fwp%2Fv2%2Fmedia&parent=16843"}],"wp:term":[{"taxonomy":"product_cat","embeddable":true,"href":"https:\/\/baralivres.ma\/index.php?rest_route=%2Fwp%2Fv2%2Fproduct_cat&post=16843"},{"taxonomy":"product_tag","embeddable":true,"href":"https:\/\/baralivres.ma\/index.php?rest_route=%2Fwp%2Fv2%2Fproduct_tag&post=16843"}],"curies":[{"name":"wp","href":"https:\/\/api.w.org\/{rel}","templated":true}]}}