{"id":16841,"date":"2023-11-01T09:43:24","date_gmt":"2023-11-01T08:43:24","guid":{"rendered":"https:\/\/baralivres.ma\/?post_type=product&#038;p=16841"},"modified":"2023-11-01T11:32:00","modified_gmt":"2023-11-01T10:32:00","slug":"trois-amis-en-quete-de-sagesse","status":"publish","type":"product","link":"https:\/\/baralivres.ma\/?product=trois-amis-en-quete-de-sagesse","title":{"rendered":"Trois amis en qu\u00eate de sagesse"},"content":{"rendered":"<p>Pendant un long moment, leur d\u00e9sir ardent \u00e9tait de collaborer \u00e0 l&rsquo;\u00e9criture d&rsquo;un livre, visant \u00e0 offrir des r\u00e9ponses aux interrogations universelles sur la conduite de notre existence. Quelles sont les aspirations les plus profondes de l&rsquo;homme ? Comment surmonter le mal-\u00eatre ? Quelles attitudes adopter dans nos relations avec autrui ? Comment cultiver le bonheur et l&rsquo;altruisme ? Comment atteindre une plus grande libert\u00e9 int\u00e9rieure ? \u00c0 travers leurs r\u00e9cits, exp\u00e9riences, et enseignements tir\u00e9s de leur propre chemin, ils abordent chaque th\u00e8me, offrant des conseils constructifs. Bien que leurs perspectives soient vari\u00e9es, ils convergent toujours vers l&rsquo;essentiel. Ce livre clair et inspirant constitue un guide pour apprendre l&rsquo;art de vivre.<\/p>\n","protected":false},"excerpt":{"rendered":"<p>Guide enrichissant offrant des r\u00e9ponses sur l&rsquo;existence, le bonheur, les relations, \u00e0 travers exp\u00e9riences partag\u00e9es.<\/p>\n","protected":false},"featured_media":16845,"comment_status":"open","ping_status":"closed","template":"","meta":{"inline_featured_image":false},"product_cat":[204,91],"product_tag":[],"class_list":{"0":"post-16841","1":"product","2":"type-product","3":"status-publish","4":"has-post-thumbnail","6":"product_cat-francais","7":"product_cat-developpement","8":"pa_auteurs-christophe-andre","10":"first","11":"instock","12":"shipping-taxable","13":"purchasable","14":"product-type-simple"},"_links":{"self":[{"href":"https:\/\/baralivres.ma\/index.php?rest_route=\/wp\/v2\/product\/16841","targetHints":{"allow":["GET"]}}],"collection":[{"href":"https:\/\/baralivres.ma\/index.php?rest_route=\/wp\/v2\/product"}],"about":[{"href":"https:\/\/baralivres.ma\/index.php?rest_route=\/wp\/v2\/types\/product"}],"replies":[{"embeddable":true,"href":"https:\/\/baralivres.ma\/index.php?rest_route=%2Fwp%2Fv2%2Fcomments&post=16841"}],"version-history":[{"count":1,"href":"https:\/\/baralivres.ma\/index.php?rest_route=\/wp\/v2\/product\/16841\/revisions"}],"predecessor-version":[{"id":16846,"href":"https:\/\/baralivres.ma\/index.php?rest_route=\/wp\/v2\/product\/16841\/revisions\/16846"}],"wp:featuredmedia":[{"embeddable":true,"href":"https:\/\/baralivres.ma\/index.php?rest_route=\/wp\/v2\/media\/16845"}],"wp:attachment":[{"href":"https:\/\/baralivres.ma\/index.php?rest_route=%2Fwp%2Fv2%2Fmedia&parent=16841"}],"wp:term":[{"taxonomy":"product_cat","embeddable":true,"href":"https:\/\/baralivres.ma\/index.php?rest_route=%2Fwp%2Fv2%2Fproduct_cat&post=16841"},{"taxonomy":"product_tag","embeddable":true,"href":"https:\/\/baralivres.ma\/index.php?rest_route=%2Fwp%2Fv2%2Fproduct_tag&post=16841"}],"curies":[{"name":"wp","href":"https:\/\/api.w.org\/{rel}","templated":true}]}}