{"id":16837,"date":"2023-11-01T09:40:35","date_gmt":"2023-11-01T08:40:35","guid":{"rendered":"https:\/\/baralivres.ma\/?post_type=product&#038;p=16837"},"modified":"2023-11-01T11:32:36","modified_gmt":"2023-11-01T10:32:36","slug":"a-nous-la-liberte","status":"publish","type":"product","link":"https:\/\/baralivres.ma\/?product=a-nous-la-liberte","title":{"rendered":"\u00c0 nous la libert\u00e9"},"content":{"rendered":"<p>Comment pouvons-nous atteindre la libert\u00e9 int\u00e9rieure et maintenir notre s\u00e9r\u00e9nit\u00e9 et d\u00e9termination face aux d\u00e9fis de la vie ? D\u00e8s notre jeune \u00e2ge, nous sommes souvent encha\u00een\u00e9s par nos craintes, nos id\u00e9es pr\u00e9con\u00e7ues et les sch\u00e9mas qui limitent notre bonheur. Les auteurs de \u00ab\u00a0Trois amis en qu\u00eate de sagesse\u00a0\u00bb se retrouvent pour nous accompagner pas \u00e0 pas vers la lib\u00e9ration des sch\u00e9mas de pens\u00e9e, des douleurs et des pressions d&rsquo;une soci\u00e9t\u00e9 de plus en plus agit\u00e9e. Il est aujourd&rsquo;hui plus important que jamais de rester sur la bonne voie, de maintenir le lien avec soi-m\u00eame et d&rsquo;acc\u00e9der \u00e0 nos ressources int\u00e9rieures.<\/p>\n","protected":false},"excerpt":{"rendered":"<p>Atteindre libert\u00e9 int\u00e9rieure, sagesse face d\u00e9fis, d\u00e9passer conditionnements pour bonheur et s\u00e9r\u00e9nit\u00e9.<\/p>\n","protected":false},"featured_media":16838,"comment_status":"open","ping_status":"closed","template":"","meta":{"inline_featured_image":false},"product_cat":[204,91],"product_tag":[],"class_list":{"0":"post-16837","1":"product","2":"type-product","3":"status-publish","4":"has-post-thumbnail","6":"product_cat-francais","7":"product_cat-developpement","8":"pa_auteurs-christophe-andre","10":"first","11":"instock","12":"shipping-taxable","13":"purchasable","14":"product-type-simple"},"_links":{"self":[{"href":"https:\/\/baralivres.ma\/index.php?rest_route=\/wp\/v2\/product\/16837","targetHints":{"allow":["GET"]}}],"collection":[{"href":"https:\/\/baralivres.ma\/index.php?rest_route=\/wp\/v2\/product"}],"about":[{"href":"https:\/\/baralivres.ma\/index.php?rest_route=\/wp\/v2\/types\/product"}],"replies":[{"embeddable":true,"href":"https:\/\/baralivres.ma\/index.php?rest_route=%2Fwp%2Fv2%2Fcomments&post=16837"}],"version-history":[{"count":1,"href":"https:\/\/baralivres.ma\/index.php?rest_route=\/wp\/v2\/product\/16837\/revisions"}],"predecessor-version":[{"id":16839,"href":"https:\/\/baralivres.ma\/index.php?rest_route=\/wp\/v2\/product\/16837\/revisions\/16839"}],"wp:featuredmedia":[{"embeddable":true,"href":"https:\/\/baralivres.ma\/index.php?rest_route=\/wp\/v2\/media\/16838"}],"wp:attachment":[{"href":"https:\/\/baralivres.ma\/index.php?rest_route=%2Fwp%2Fv2%2Fmedia&parent=16837"}],"wp:term":[{"taxonomy":"product_cat","embeddable":true,"href":"https:\/\/baralivres.ma\/index.php?rest_route=%2Fwp%2Fv2%2Fproduct_cat&post=16837"},{"taxonomy":"product_tag","embeddable":true,"href":"https:\/\/baralivres.ma\/index.php?rest_route=%2Fwp%2Fv2%2Fproduct_tag&post=16837"}],"curies":[{"name":"wp","href":"https:\/\/api.w.org\/{rel}","templated":true}]}}