{"id":16830,"date":"2023-11-01T09:32:31","date_gmt":"2023-11-01T08:32:31","guid":{"rendered":"https:\/\/baralivres.ma\/?post_type=product&#038;p=16830"},"modified":"2023-11-01T09:32:32","modified_gmt":"2023-11-01T08:32:32","slug":"esprit-argent-et-richesse","status":"publish","type":"product","link":"https:\/\/baralivres.ma\/?product=esprit-argent-et-richesse","title":{"rendered":"Esprit, Argent et Richesse"},"content":{"rendered":"<p>Un livre essentiel pour quiconque aspire \u00e0 une v\u00e9ritable richesse et \u00e0 la r\u00e9alisation de ses r\u00eaves.<\/p>\n<p>L&rsquo;\u00e9ducation est cruciale, mais les \u00e9coles n\u00e9gligent l&rsquo;art d&rsquo;utiliser la puissance de l&rsquo;esprit pour devenir riche. Vous n&rsquo;avez pas besoin d&rsquo;un QI \u00e9lev\u00e9 ou d&rsquo;un dipl\u00f4me pour r\u00e9ussir. Gr\u00e2ce \u00e0 la formule C.R.E.A.T.E.\u2122 de Robert Luxenberg, vous pouvez acc\u00e9der \u00e0 une richesse inimaginable rapidement, peu importe votre \u00e2ge. Une mentalit\u00e9 ad\u00e9quate, une conscience \u00e9largie et une compr\u00e9hension de l&rsquo;argent peuvent vous aider \u00e0 sortir des sentiers battus et \u00e0 amasser des richesses. Commencer t\u00f4t signifie accumuler davantage. Robert a prosp\u00e9r\u00e9 dans l&rsquo;immobilier, mais sa strat\u00e9gie s&rsquo;applique \u00e0 toute entreprise.<\/p>\n","protected":false},"excerpt":{"rendered":"<p>Guide pour atteindre la richesse en lib\u00e9rant le potentiel de l&rsquo;esprit, adapt\u00e9 \u00e0 tous les \u00e2ges et domaines.<\/p>\n","protected":false},"featured_media":16831,"comment_status":"open","ping_status":"closed","template":"","meta":{"inline_featured_image":false},"product_cat":[204,91],"product_tag":[],"class_list":{"0":"post-16830","1":"product","2":"type-product","3":"status-publish","4":"has-post-thumbnail","6":"product_cat-francais","7":"product_cat-developpement","8":"pa_auteurs-robert-luxenberg","10":"first","11":"instock","12":"shipping-taxable","13":"purchasable","14":"product-type-simple"},"_links":{"self":[{"href":"https:\/\/baralivres.ma\/index.php?rest_route=\/wp\/v2\/product\/16830","targetHints":{"allow":["GET"]}}],"collection":[{"href":"https:\/\/baralivres.ma\/index.php?rest_route=\/wp\/v2\/product"}],"about":[{"href":"https:\/\/baralivres.ma\/index.php?rest_route=\/wp\/v2\/types\/product"}],"replies":[{"embeddable":true,"href":"https:\/\/baralivres.ma\/index.php?rest_route=%2Fwp%2Fv2%2Fcomments&post=16830"}],"version-history":[{"count":1,"href":"https:\/\/baralivres.ma\/index.php?rest_route=\/wp\/v2\/product\/16830\/revisions"}],"predecessor-version":[{"id":16832,"href":"https:\/\/baralivres.ma\/index.php?rest_route=\/wp\/v2\/product\/16830\/revisions\/16832"}],"wp:featuredmedia":[{"embeddable":true,"href":"https:\/\/baralivres.ma\/index.php?rest_route=\/wp\/v2\/media\/16831"}],"wp:attachment":[{"href":"https:\/\/baralivres.ma\/index.php?rest_route=%2Fwp%2Fv2%2Fmedia&parent=16830"}],"wp:term":[{"taxonomy":"product_cat","embeddable":true,"href":"https:\/\/baralivres.ma\/index.php?rest_route=%2Fwp%2Fv2%2Fproduct_cat&post=16830"},{"taxonomy":"product_tag","embeddable":true,"href":"https:\/\/baralivres.ma\/index.php?rest_route=%2Fwp%2Fv2%2Fproduct_tag&post=16830"}],"curies":[{"name":"wp","href":"https:\/\/api.w.org\/{rel}","templated":true}]}}