{"id":16827,"date":"2023-11-01T09:28:19","date_gmt":"2023-11-01T08:28:19","guid":{"rendered":"https:\/\/baralivres.ma\/?post_type=product&#038;p=16827"},"modified":"2023-11-01T09:28:20","modified_gmt":"2023-11-01T08:28:20","slug":"la-puissance-de-la-pensee-positive-nc","status":"publish","type":"product","link":"https:\/\/baralivres.ma\/?product=la-puissance-de-la-pensee-positive-nc","title":{"rendered":"La puissance de la pens\u00e9e positive NC"},"content":{"rendered":"<p>Ce livre, publi\u00e9 en 1952, demeure intemporel en enseignant la transformation des \u00e9motions n\u00e9gatives en attitudes positives. Il offre des conseils pratiques et efficaces pour surmonter la peur, la frustration et le d\u00e9sespoir gr\u00e2ce \u00e0 l&rsquo;\u00e9nergie divine et notre potentiel humain. Les pr\u00e9cieux enseignements du Dr. Peale incluent dix r\u00e8gles pour renforcer la confiance en soi, trois m\u00e9thodes pour accro\u00eetre l&rsquo;\u00e9nergie, et un programme en dix \u00e9tapes pour se lib\u00e9rer de l&rsquo;angoisse.<\/p>\n","protected":false},"excerpt":{"rendered":"<p>Livre intemporel de 1952 : Transformez \u00e9motions n\u00e9gatives en attitudes positives, surmontez peur, frustration, d\u00e9sespoir.<\/p>\n","protected":false},"featured_media":16828,"comment_status":"open","ping_status":"closed","template":"","meta":{"inline_featured_image":false},"product_cat":[204,91],"product_tag":[],"class_list":{"0":"post-16827","1":"product","2":"type-product","3":"status-publish","4":"has-post-thumbnail","6":"product_cat-francais","7":"product_cat-developpement","8":"pa_auteurs-norman-vincent-peale","10":"first","11":"instock","12":"shipping-taxable","13":"purchasable","14":"product-type-simple"},"_links":{"self":[{"href":"https:\/\/baralivres.ma\/index.php?rest_route=\/wp\/v2\/product\/16827","targetHints":{"allow":["GET"]}}],"collection":[{"href":"https:\/\/baralivres.ma\/index.php?rest_route=\/wp\/v2\/product"}],"about":[{"href":"https:\/\/baralivres.ma\/index.php?rest_route=\/wp\/v2\/types\/product"}],"replies":[{"embeddable":true,"href":"https:\/\/baralivres.ma\/index.php?rest_route=%2Fwp%2Fv2%2Fcomments&post=16827"}],"version-history":[{"count":1,"href":"https:\/\/baralivres.ma\/index.php?rest_route=\/wp\/v2\/product\/16827\/revisions"}],"predecessor-version":[{"id":16829,"href":"https:\/\/baralivres.ma\/index.php?rest_route=\/wp\/v2\/product\/16827\/revisions\/16829"}],"wp:featuredmedia":[{"embeddable":true,"href":"https:\/\/baralivres.ma\/index.php?rest_route=\/wp\/v2\/media\/16828"}],"wp:attachment":[{"href":"https:\/\/baralivres.ma\/index.php?rest_route=%2Fwp%2Fv2%2Fmedia&parent=16827"}],"wp:term":[{"taxonomy":"product_cat","embeddable":true,"href":"https:\/\/baralivres.ma\/index.php?rest_route=%2Fwp%2Fv2%2Fproduct_cat&post=16827"},{"taxonomy":"product_tag","embeddable":true,"href":"https:\/\/baralivres.ma\/index.php?rest_route=%2Fwp%2Fv2%2Fproduct_tag&post=16827"}],"curies":[{"name":"wp","href":"https:\/\/api.w.org\/{rel}","templated":true}]}}