{"id":16824,"date":"2023-11-01T09:21:13","date_gmt":"2023-11-01T08:21:13","guid":{"rendered":"https:\/\/baralivres.ma\/?post_type=product&#038;p=16824"},"modified":"2023-12-18T15:38:25","modified_gmt":"2023-12-18T14:38:25","slug":"saffirmer-et-communiquer-ne","status":"publish","type":"product","link":"https:\/\/baralivres.ma\/?product=saffirmer-et-communiquer-ne","title":{"rendered":"S&rsquo;affirmer et communiquer NE"},"content":{"rendered":"<p>Explorez un guide populaire pour une communication sinc\u00e8re et bienveillante, en exprimant vos pens\u00e9es et \u00e9motions. Affirmez-vous avec respect et efficacit\u00e9. Bas\u00e9 sur la psychologie, ce livre propose un programme de changement personnel, vous aidant \u00e0 adopter progressivement des comportements assertifs pour des interactions constructives et agr\u00e9ables.<\/p>\n","protected":false},"excerpt":{"rendered":"<p>Guide pour s&rsquo;affirmer avec communication sinc\u00e8re, respectueuse, et efficace, bas\u00e9 sur la psychologie, favorisant le changement personnel.<\/p>\n","protected":false},"featured_media":20668,"comment_status":"open","ping_status":"closed","template":"","meta":{"inline_featured_image":false},"product_cat":[204,91],"product_tag":[],"class_list":{"0":"post-16824","1":"product","2":"type-product","3":"status-publish","4":"has-post-thumbnail","6":"product_cat-francais","7":"product_cat-developpement","8":"pa_auteurs-madeleine-beaudry","10":"first","11":"instock","12":"shipping-taxable","13":"purchasable","14":"product-type-simple"},"_links":{"self":[{"href":"https:\/\/baralivres.ma\/index.php?rest_route=\/wp\/v2\/product\/16824","targetHints":{"allow":["GET"]}}],"collection":[{"href":"https:\/\/baralivres.ma\/index.php?rest_route=\/wp\/v2\/product"}],"about":[{"href":"https:\/\/baralivres.ma\/index.php?rest_route=\/wp\/v2\/types\/product"}],"replies":[{"embeddable":true,"href":"https:\/\/baralivres.ma\/index.php?rest_route=%2Fwp%2Fv2%2Fcomments&post=16824"}],"version-history":[{"count":1,"href":"https:\/\/baralivres.ma\/index.php?rest_route=\/wp\/v2\/product\/16824\/revisions"}],"predecessor-version":[{"id":16826,"href":"https:\/\/baralivres.ma\/index.php?rest_route=\/wp\/v2\/product\/16824\/revisions\/16826"}],"wp:featuredmedia":[{"embeddable":true,"href":"https:\/\/baralivres.ma\/index.php?rest_route=\/wp\/v2\/media\/20668"}],"wp:attachment":[{"href":"https:\/\/baralivres.ma\/index.php?rest_route=%2Fwp%2Fv2%2Fmedia&parent=16824"}],"wp:term":[{"taxonomy":"product_cat","embeddable":true,"href":"https:\/\/baralivres.ma\/index.php?rest_route=%2Fwp%2Fv2%2Fproduct_cat&post=16824"},{"taxonomy":"product_tag","embeddable":true,"href":"https:\/\/baralivres.ma\/index.php?rest_route=%2Fwp%2Fv2%2Fproduct_tag&post=16824"}],"curies":[{"name":"wp","href":"https:\/\/api.w.org\/{rel}","templated":true}]}}