{"id":16820,"date":"2023-11-01T09:14:54","date_gmt":"2023-11-01T08:14:54","guid":{"rendered":"https:\/\/baralivres.ma\/?post_type=product&#038;p=16820"},"modified":"2023-11-01T09:14:55","modified_gmt":"2023-11-01T08:14:55","slug":"lart-de-se-reinventer","status":"publish","type":"product","link":"https:\/\/baralivres.ma\/?product=lart-de-se-reinventer","title":{"rendered":"L&rsquo;art de se r\u00e9inventer"},"content":{"rendered":"<div class=\"group w-full text-token-text-primary border-b border-black\/10 gizmo:border-0 dark:border-gray-900\/50 gizmo:dark:border-0 bg-gray-50 gizmo:bg-transparent dark:bg-[#444654] gizmo:dark:bg-transparent\" data-testid=\"conversation-turn-3\">\n<div class=\"p-4 gizmo:py-2 justify-center text-base md:gap-6 md:py-6 m-auto\">\n<div class=\"flex flex-1 gap-4 text-base mx-auto md:gap-6 gizmo:gap-3 gizmo:md:px-5 gizmo:lg:px-1 gizmo:xl:px-5 md:max-w-2xl lg:max-w-[38rem] gizmo:md:max-w-3xl gizmo:lg:max-w-[40rem] gizmo:xl:max-w-[48rem] xl:max-w-3xl }\">\n<div class=\"relative flex w-[calc(100%-50px)] flex-col gizmo:w-full lg:w-[calc(100%-115px)] agent-turn\">\n<div class=\"flex-col gap-1 md:gap-3\">\n<div class=\"flex flex-grow flex-col gap-3 max-w-full\">\n<div class=\"min-h-[20px] flex flex-col items-start gap-3 whitespace-pre-wrap break-words overflow-x-auto\" data-message-author-role=\"assistant\" data-message-id=\"f3ab443e-6f1f-4519-a73e-7e2ca6a25d16\">\n<div class=\"markdown prose w-full break-words dark:prose-invert light\">\n<p>Rejoignez-nous dans un voyage inspirant de r\u00e9invention personnelle, guid\u00e9 par les mots inspirants de Nicole Bordeleau. Avec ce superbe coffret de 52 cartes, nous vous invitons \u00e0 explorer les th\u00e8mes essentiels de son livre \u00ab\u00a0L&rsquo;art de se r\u00e9inventer\u00a0\u00bb : Transformation, Confiance, Patience, L\u00e2cher-prise, Pr\u00e9sence, Courage, Espoir, Pardon, Libert\u00e9, Joie, Sagesse, Gratitude&#8230;<\/p>\n<p>Chaque carte repr\u00e9sente une invitation \u00e0 la r\u00e9flexion et \u00e0 l&rsquo;action. Laissez ces pens\u00e9es r\u00e9sonner en vous et vous guider progressivement vers la vie que vous d\u00e9sirez, jour apr\u00e8s jour. C&rsquo;est une source constante d&rsquo;inspiration pour votre propre transformation personnelle.<\/p>\n<\/div>\n<\/div>\n<\/div>\n<div class=\"flex justify-between empty:hidden gizmo:justify-start gizmo:gap-3 lg:block gizmo:lg:flex\">\n<div class=\"text-gray-400 flex self-end lg:self-center justify-center gizmo:lg:justify-start mt-2 gizmo:mt-0 visible lg:gap-1 lg:absolute lg:top-0 lg:translate-x-full lg:right-0 lg:mt-0 lg:pl-2 gap-2 md:gap-3\"><button class=\"flex ml-auto gizmo:ml-0 gap-2 items-center rounded-md p-1 text-xs gizmo:gap-1.5 gizmo:pl-0 dark:text-gray-400 dark:hover:text-gray-200 disabled:dark:hover:text-gray-400 hover:text-gray-700\"><\/button><\/p>\n<div class=\"flex gap-1\"><\/div>\n<\/div>\n<\/div>\n<\/div>\n<\/div>\n<\/div>\n<\/div>\n<\/div>\n","protected":false},"excerpt":{"rendered":"<p>Coffret 52 cartes inspirantes de Nicole Bordeleau pour r\u00e9inventer sa vie avec sagesse, gratitude, et courage.<\/p>\n","protected":false},"featured_media":16821,"comment_status":"open","ping_status":"closed","template":"","meta":{"inline_featured_image":false},"product_cat":[204,91],"product_tag":[],"class_list":{"0":"post-16820","1":"product","2":"type-product","3":"status-publish","4":"has-post-thumbnail","6":"product_cat-francais","7":"product_cat-developpement","8":"pa_auteurs-nicole-bordeleau","10":"first","11":"instock","12":"shipping-taxable","13":"purchasable","14":"product-type-simple"},"_links":{"self":[{"href":"https:\/\/baralivres.ma\/index.php?rest_route=\/wp\/v2\/product\/16820","targetHints":{"allow":["GET"]}}],"collection":[{"href":"https:\/\/baralivres.ma\/index.php?rest_route=\/wp\/v2\/product"}],"about":[{"href":"https:\/\/baralivres.ma\/index.php?rest_route=\/wp\/v2\/types\/product"}],"replies":[{"embeddable":true,"href":"https:\/\/baralivres.ma\/index.php?rest_route=%2Fwp%2Fv2%2Fcomments&post=16820"}],"version-history":[{"count":2,"href":"https:\/\/baralivres.ma\/index.php?rest_route=\/wp\/v2\/product\/16820\/revisions"}],"predecessor-version":[{"id":16823,"href":"https:\/\/baralivres.ma\/index.php?rest_route=\/wp\/v2\/product\/16820\/revisions\/16823"}],"wp:featuredmedia":[{"embeddable":true,"href":"https:\/\/baralivres.ma\/index.php?rest_route=\/wp\/v2\/media\/16821"}],"wp:attachment":[{"href":"https:\/\/baralivres.ma\/index.php?rest_route=%2Fwp%2Fv2%2Fmedia&parent=16820"}],"wp:term":[{"taxonomy":"product_cat","embeddable":true,"href":"https:\/\/baralivres.ma\/index.php?rest_route=%2Fwp%2Fv2%2Fproduct_cat&post=16820"},{"taxonomy":"product_tag","embeddable":true,"href":"https:\/\/baralivres.ma\/index.php?rest_route=%2Fwp%2Fv2%2Fproduct_tag&post=16820"}],"curies":[{"name":"wp","href":"https:\/\/api.w.org\/{rel}","templated":true}]}}