{"id":16813,"date":"2023-10-31T21:05:29","date_gmt":"2023-10-31T20:05:29","guid":{"rendered":"https:\/\/baralivres.ma\/?post_type=product&#038;p=16813"},"modified":"2025-04-17T15:42:38","modified_gmt":"2025-04-17T14:42:38","slug":"comment-utiliser-les-pouvoirs-du-subconscient","status":"publish","type":"product","link":"https:\/\/baralivres.ma\/?product=comment-utiliser-les-pouvoirs-du-subconscient","title":{"rendered":"Comment utiliser les pouvoirs du subconscient"},"content":{"rendered":"<p>De nombreuses personnes expriment leur m\u00e9contentement vis-\u00e0-vis de leur situation actuelle. Entre les d\u00e9fis professionnels, les soucis de sant\u00e9 et les d\u00e9ceptions sentimentales, il est fr\u00e9quent de pointer du doigt la soci\u00e9t\u00e9, l&rsquo;\u00e2ge ou la malchance. Nous avons tendance \u00e0 attribuer nos \u00e9checs aux autres, mais il est important de r\u00e9aliser que nous sommes les principaux artisans de notre bonheur ou de notre malheur. Le Dr Joseph Murphy souligne que les pens\u00e9es n\u00e9gatives profond\u00e9ment ancr\u00e9es dans notre subconscient peuvent parfois d\u00e9clencher des \u00e9v\u00e9nements d\u00e9sastreux et engendrer beaucoup de souffrances inutiles. Il nous r\u00e9v\u00e8le des moyens de nous lib\u00e9rer de ces croyances limitantes et nous explique comment conditionner notre subconscient pour qu&rsquo;il mette en \u0153uvre nos d\u00e9sirs. En appliquant des principes spirituels puissants, il devient possible d&rsquo;apporter des transformations profondes dans sa vie et d&rsquo;attirer ais\u00e9ment la prosp\u00e9rit\u00e9, la sant\u00e9 et le succ\u00e8s.<\/p>\n","protected":false},"excerpt":{"rendered":"<div class=\"group w-full text-token-text-primary border-b border-black\/10 gizmo:border-0 dark:border-gray-900\/50 gizmo:dark:border-0 bg-gray-50 gizmo:bg-transparent dark:bg-[#444654] gizmo:dark:bg-transparent\" data-testid=\"conversation-turn-5\">\n<div class=\"p-4 gizmo:py-2 justify-center text-base md:gap-6 md:py-6 m-auto\">\n<div class=\"flex flex-1 gap-4 text-base mx-auto md:gap-6 gizmo:gap-3 gizmo:md:px-5 gizmo:lg:px-1 gizmo:xl:px-5 md:max-w-2xl lg:max-w-[38rem] gizmo:md:max-w-3xl gizmo:lg:max-w-[40rem] gizmo:xl:max-w-[48rem] xl:max-w-3xl }\">\n<div class=\"relative flex w-[calc(100%-50px)] flex-col gizmo:w-full lg:w-[calc(100%-115px)] agent-turn\">\n<div class=\"flex-col gap-1 md:gap-3\">\n<div class=\"flex flex-grow flex-col gap-3 max-w-full\">\n<div class=\"min-h-[20px] flex flex-col items-start gap-3 whitespace-pre-wrap break-words overflow-x-auto\" data-message-author-role=\"assistant\" data-message-id=\"4fc93484-ab16-4e13-a64f-9c807fd8311a\">\n<div class=\"markdown prose w-full break-words dark:prose-invert light\">\n<p>\u00ab\u00a0Nos pens\u00e9es influent sur notre vie. Le Dr Joseph Murphy guide vers la prosp\u00e9rit\u00e9, sant\u00e9, succ\u00e8s.\u00a0\u00bb<\/p>\n<\/div>\n<\/div>\n<\/div>\n<\/div>\n<\/div>\n<\/div>\n<\/div>\n<\/div>\n","protected":false},"featured_media":16814,"comment_status":"open","ping_status":"closed","template":"","meta":{"inline_featured_image":false},"product_cat":[3673],"product_tag":[],"class_list":{"0":"post-16813","1":"product","2":"type-product","3":"status-publish","4":"has-post-thumbnail","6":"product_cat-aventire-secrete","7":"pa_auteurs-joseph-murphy","9":"first","10":"instock","11":"shipping-taxable","12":"purchasable","13":"product-type-simple"},"_links":{"self":[{"href":"https:\/\/baralivres.ma\/index.php?rest_route=\/wp\/v2\/product\/16813","targetHints":{"allow":["GET"]}}],"collection":[{"href":"https:\/\/baralivres.ma\/index.php?rest_route=\/wp\/v2\/product"}],"about":[{"href":"https:\/\/baralivres.ma\/index.php?rest_route=\/wp\/v2\/types\/product"}],"replies":[{"embeddable":true,"href":"https:\/\/baralivres.ma\/index.php?rest_route=%2Fwp%2Fv2%2Fcomments&post=16813"}],"version-history":[{"count":1,"href":"https:\/\/baralivres.ma\/index.php?rest_route=\/wp\/v2\/product\/16813\/revisions"}],"predecessor-version":[{"id":16815,"href":"https:\/\/baralivres.ma\/index.php?rest_route=\/wp\/v2\/product\/16813\/revisions\/16815"}],"wp:featuredmedia":[{"embeddable":true,"href":"https:\/\/baralivres.ma\/index.php?rest_route=\/wp\/v2\/media\/16814"}],"wp:attachment":[{"href":"https:\/\/baralivres.ma\/index.php?rest_route=%2Fwp%2Fv2%2Fmedia&parent=16813"}],"wp:term":[{"taxonomy":"product_cat","embeddable":true,"href":"https:\/\/baralivres.ma\/index.php?rest_route=%2Fwp%2Fv2%2Fproduct_cat&post=16813"},{"taxonomy":"product_tag","embeddable":true,"href":"https:\/\/baralivres.ma\/index.php?rest_route=%2Fwp%2Fv2%2Fproduct_tag&post=16813"}],"curies":[{"name":"wp","href":"https:\/\/api.w.org\/{rel}","templated":true}]}}