{"id":16810,"date":"2023-10-31T21:02:14","date_gmt":"2023-10-31T20:02:14","guid":{"rendered":"https:\/\/baralivres.ma\/?post_type=product&#038;p=16810"},"modified":"2023-10-31T21:02:14","modified_gmt":"2023-10-31T20:02:14","slug":"les-onze-lois-de-la-reussite","status":"publish","type":"product","link":"https:\/\/baralivres.ma\/?product=les-onze-lois-de-la-reussite","title":{"rendered":"Les onze lois de la r\u00e9ussite"},"content":{"rendered":"<p>L&rsquo;\u00e9minent \u00e9crivain Anthony Robbins, c\u00e9l\u00e8bre coach international, pr\u00e9sente dans \u00ab\u00a0Les onze lois de la r\u00e9ussite\u00a0\u00bb des techniques de transformation particuli\u00e8rement puissantes. Il offre ces enseignements avec une simplicit\u00e9 et une efficacit\u00e9 remarquables, condensant des ann\u00e9es de recherche sur le potentiel humain. Vous y d\u00e9couvrirez des outils essentiels qui vous guideront pour transformer votre vie en puisant dans votre force int\u00e9rieure et en modifiant vos sch\u00e9mas mentaux. En d\u00e9cidant de prendre en main votre destin\u00e9e, vous serez en mesure d&rsquo;obtenir des r\u00e9sultats spectaculaires.<\/p>\n","protected":false},"excerpt":{"rendered":"<p>\u00ab\u00a0Anthony Robbins d\u00e9voile puissantes techniques pour transformer vie, exploiter potentiel, atteindre succ\u00e8s remarquable.\u00a0\u00bb<\/p>\n","protected":false},"featured_media":16811,"comment_status":"open","ping_status":"closed","template":"","meta":{"inline_featured_image":false},"product_cat":[204,91],"product_tag":[],"class_list":{"0":"post-16810","1":"product","2":"type-product","3":"status-publish","4":"has-post-thumbnail","6":"product_cat-francais","7":"product_cat-developpement","8":"pa_auteurs-anthony-robbins","10":"first","11":"instock","12":"shipping-taxable","13":"purchasable","14":"product-type-simple"},"_links":{"self":[{"href":"https:\/\/baralivres.ma\/index.php?rest_route=\/wp\/v2\/product\/16810","targetHints":{"allow":["GET"]}}],"collection":[{"href":"https:\/\/baralivres.ma\/index.php?rest_route=\/wp\/v2\/product"}],"about":[{"href":"https:\/\/baralivres.ma\/index.php?rest_route=\/wp\/v2\/types\/product"}],"replies":[{"embeddable":true,"href":"https:\/\/baralivres.ma\/index.php?rest_route=%2Fwp%2Fv2%2Fcomments&post=16810"}],"version-history":[{"count":1,"href":"https:\/\/baralivres.ma\/index.php?rest_route=\/wp\/v2\/product\/16810\/revisions"}],"predecessor-version":[{"id":16812,"href":"https:\/\/baralivres.ma\/index.php?rest_route=\/wp\/v2\/product\/16810\/revisions\/16812"}],"wp:featuredmedia":[{"embeddable":true,"href":"https:\/\/baralivres.ma\/index.php?rest_route=\/wp\/v2\/media\/16811"}],"wp:attachment":[{"href":"https:\/\/baralivres.ma\/index.php?rest_route=%2Fwp%2Fv2%2Fmedia&parent=16810"}],"wp:term":[{"taxonomy":"product_cat","embeddable":true,"href":"https:\/\/baralivres.ma\/index.php?rest_route=%2Fwp%2Fv2%2Fproduct_cat&post=16810"},{"taxonomy":"product_tag","embeddable":true,"href":"https:\/\/baralivres.ma\/index.php?rest_route=%2Fwp%2Fv2%2Fproduct_tag&post=16810"}],"curies":[{"name":"wp","href":"https:\/\/api.w.org\/{rel}","templated":true}]}}