{"id":16804,"date":"2023-10-31T20:55:17","date_gmt":"2023-10-31T19:55:17","guid":{"rendered":"https:\/\/baralivres.ma\/?post_type=product&#038;p=16804"},"modified":"2023-10-31T20:55:17","modified_gmt":"2023-10-31T19:55:17","slug":"le-petit-livre-de-la-vie","status":"publish","type":"product","link":"https:\/\/baralivres.ma\/?product=le-petit-livre-de-la-vie","title":{"rendered":"Le petit livre de la vie"},"content":{"rendered":"<p>Neale Donald Walsch, l&rsquo;auteur renomm\u00e9 de Conversations avec Dieu, est un guide spirituel contemporain dont les mots simples et \u00e9clairants r\u00e9sonnent profond\u00e9ment en nous. Dans son ouvrage, il applique ses enseignements aux aspects cruciaux de notre existence : \u00e9tablir des relations harmonieuses et durables, r\u00e9aliser nos projets en exploitant pleinement notre potentiel, et adopter un mode de vie align\u00e9 avec notre \u00eatre int\u00e9rieur et nos convictions personnelles. Cette pr\u00e9cieuse le\u00e7on de bien-\u00eatre r\u00e9veillera en vous de vastes aspirations, vous aidant ainsi \u00e0 cro\u00eetre et \u00e0 \u00e9voluer.<\/p>\n","protected":false},"excerpt":{"rendered":"<p>Neale Donald Walsch, guide spirituel, partage sagesse pour relations, succ\u00e8s, et alignement avec soi. Inspirant et \u00e9difiant.<\/p>\n","protected":false},"featured_media":16805,"comment_status":"open","ping_status":"closed","template":"","meta":{"inline_featured_image":false},"product_cat":[204,91],"product_tag":[],"class_list":{"0":"post-16804","1":"product","2":"type-product","3":"status-publish","4":"has-post-thumbnail","6":"product_cat-francais","7":"product_cat-developpement","8":"pa_auteurs-neale-donald-walsch","10":"first","11":"instock","12":"shipping-taxable","13":"purchasable","14":"product-type-simple"},"_links":{"self":[{"href":"https:\/\/baralivres.ma\/index.php?rest_route=\/wp\/v2\/product\/16804","targetHints":{"allow":["GET"]}}],"collection":[{"href":"https:\/\/baralivres.ma\/index.php?rest_route=\/wp\/v2\/product"}],"about":[{"href":"https:\/\/baralivres.ma\/index.php?rest_route=\/wp\/v2\/types\/product"}],"replies":[{"embeddable":true,"href":"https:\/\/baralivres.ma\/index.php?rest_route=%2Fwp%2Fv2%2Fcomments&post=16804"}],"version-history":[{"count":1,"href":"https:\/\/baralivres.ma\/index.php?rest_route=\/wp\/v2\/product\/16804\/revisions"}],"predecessor-version":[{"id":16806,"href":"https:\/\/baralivres.ma\/index.php?rest_route=\/wp\/v2\/product\/16804\/revisions\/16806"}],"wp:featuredmedia":[{"embeddable":true,"href":"https:\/\/baralivres.ma\/index.php?rest_route=\/wp\/v2\/media\/16805"}],"wp:attachment":[{"href":"https:\/\/baralivres.ma\/index.php?rest_route=%2Fwp%2Fv2%2Fmedia&parent=16804"}],"wp:term":[{"taxonomy":"product_cat","embeddable":true,"href":"https:\/\/baralivres.ma\/index.php?rest_route=%2Fwp%2Fv2%2Fproduct_cat&post=16804"},{"taxonomy":"product_tag","embeddable":true,"href":"https:\/\/baralivres.ma\/index.php?rest_route=%2Fwp%2Fv2%2Fproduct_tag&post=16804"}],"curies":[{"name":"wp","href":"https:\/\/api.w.org\/{rel}","templated":true}]}}