{"id":16801,"date":"2023-10-31T20:51:55","date_gmt":"2023-10-31T19:51:55","guid":{"rendered":"https:\/\/baralivres.ma\/?post_type=product&#038;p=16801"},"modified":"2025-02-20T11:04:40","modified_gmt":"2025-02-20T10:04:40","slug":"changer-pour-se-liberer","status":"publish","type":"product","link":"https:\/\/baralivres.ma\/?product=changer-pour-se-liberer","title":{"rendered":"Changer pour se lib\u00e9rer"},"content":{"rendered":"<p>\u00ab\u00a0Le livre &lsquo;Changer pour se lib\u00e9rer&rsquo; explore le processus de ReCr\u00e9ation, qui repr\u00e9sente fondamentalement le cycle de la vie. Tous les principes abord\u00e9s dans &lsquo;Conversations avec Dieu&rsquo; tournent autour d&rsquo;une id\u00e9e centrale : le dessein de la vie est de se renouveler continuellement. Mais qu&rsquo;est-ce que cela implique pour les \u00eatres humains ? Neale Donald Walsch explique de mani\u00e8re claire et accessible des concepts spirituels souvent complexes, les transformant en outils pratiques et accessibles.\u00a0\u00bb<\/p>\n","protected":false},"excerpt":{"rendered":"<p>\u00ab\u00a0Changer pour se lib\u00e9rer explore la r\u00e9cr\u00e9ation de la vie, simplifiant des concepts spirituels complexes en outils pratiques.\u00a0\u00bb<\/p>\n","protected":false},"featured_media":16802,"comment_status":"open","ping_status":"closed","template":"","meta":{"inline_featured_image":false},"product_cat":[3725,3862,4214,3673],"product_tag":[],"class_list":{"0":"post-16801","1":"product","2":"type-product","3":"status-publish","4":"has-post-thumbnail","6":"product_cat-litterature-religieuse","7":"product_cat-spiritualite","8":"product_cat-voyage-spirituel-pendant-le-ramadan","9":"product_cat-aventire-secrete","10":"pa_auteurs-neale-donald-walsch","12":"first","13":"instock","14":"shipping-taxable","15":"purchasable","16":"product-type-simple"},"_links":{"self":[{"href":"https:\/\/baralivres.ma\/index.php?rest_route=\/wp\/v2\/product\/16801","targetHints":{"allow":["GET"]}}],"collection":[{"href":"https:\/\/baralivres.ma\/index.php?rest_route=\/wp\/v2\/product"}],"about":[{"href":"https:\/\/baralivres.ma\/index.php?rest_route=\/wp\/v2\/types\/product"}],"replies":[{"embeddable":true,"href":"https:\/\/baralivres.ma\/index.php?rest_route=%2Fwp%2Fv2%2Fcomments&post=16801"}],"version-history":[{"count":1,"href":"https:\/\/baralivres.ma\/index.php?rest_route=\/wp\/v2\/product\/16801\/revisions"}],"predecessor-version":[{"id":16803,"href":"https:\/\/baralivres.ma\/index.php?rest_route=\/wp\/v2\/product\/16801\/revisions\/16803"}],"wp:featuredmedia":[{"embeddable":true,"href":"https:\/\/baralivres.ma\/index.php?rest_route=\/wp\/v2\/media\/16802"}],"wp:attachment":[{"href":"https:\/\/baralivres.ma\/index.php?rest_route=%2Fwp%2Fv2%2Fmedia&parent=16801"}],"wp:term":[{"taxonomy":"product_cat","embeddable":true,"href":"https:\/\/baralivres.ma\/index.php?rest_route=%2Fwp%2Fv2%2Fproduct_cat&post=16801"},{"taxonomy":"product_tag","embeddable":true,"href":"https:\/\/baralivres.ma\/index.php?rest_route=%2Fwp%2Fv2%2Fproduct_tag&post=16801"}],"curies":[{"name":"wp","href":"https:\/\/api.w.org\/{rel}","templated":true}]}}