{"id":16798,"date":"2023-10-31T20:48:08","date_gmt":"2023-10-31T19:48:08","guid":{"rendered":"https:\/\/baralivres.ma\/?post_type=product&#038;p=16798"},"modified":"2025-02-20T11:05:36","modified_gmt":"2025-02-20T10:05:36","slug":"conversations-avec-dieu-2","status":"publish","type":"product","link":"https:\/\/baralivres.ma\/?product=conversations-avec-dieu-2","title":{"rendered":"Conversations avec Dieu T02"},"content":{"rendered":"<p>\u00ab\u00a0Conversations avec Dieu\u00a0\u00bb de Neale Donald Walsch est un \u00e9change extraordinaire o\u00f9 l&rsquo;auteur pose des questions \u00e0 Dieu et re\u00e7oit des r\u00e9ponses. M\u00eame si vous n&rsquo;y croyez pas, il est recommand\u00e9 de le lire pour d\u00e9couvrir un Dieu empreint d&rsquo;amour, de sagesse et de compassion. Cette trilogie incontournable aborde des sujets fondamentaux tels que l&rsquo;amour, le bien et le mal, la sexualit\u00e9, la politique, les guerres, l&rsquo;\u00e9ducation, et offre une perspective nouvelle sur les injustices, les in\u00e9galit\u00e9s et les jeux de pouvoir qui divisent l&rsquo;humanit\u00e9 depuis des si\u00e8cles. Le deuxi\u00e8me tome de cette s\u00e9rie propose des id\u00e9es r\u00e9volutionnaires et captivantes qui peuvent changer profond\u00e9ment votre perception de la vie et du monde qui vous entoure. \u00ab\u00a0Conversations avec Dieu\u00a0\u00bb a connu un succ\u00e8s mondial retentissant et constitue une lecture enrichissante.<\/p>\n","protected":false},"excerpt":{"rendered":"<p>Dialogue entre Neale Donald Walsch et Dieu explore amour, sagesse, compassion, soci\u00e9t\u00e9, offrant perspectives r\u00e9volutionnaires.<\/p>\n","protected":false},"featured_media":16799,"comment_status":"open","ping_status":"closed","template":"","meta":{"inline_featured_image":false},"product_cat":[3725,3862,4214,3673],"product_tag":[],"class_list":{"0":"post-16798","1":"product","2":"type-product","3":"status-publish","4":"has-post-thumbnail","6":"product_cat-litterature-religieuse","7":"product_cat-spiritualite","8":"product_cat-voyage-spirituel-pendant-le-ramadan","9":"product_cat-aventire-secrete","10":"pa_auteurs-neale-donald-walsch","12":"first","13":"instock","14":"shipping-taxable","15":"purchasable","16":"product-type-simple"},"_links":{"self":[{"href":"https:\/\/baralivres.ma\/index.php?rest_route=\/wp\/v2\/product\/16798","targetHints":{"allow":["GET"]}}],"collection":[{"href":"https:\/\/baralivres.ma\/index.php?rest_route=\/wp\/v2\/product"}],"about":[{"href":"https:\/\/baralivres.ma\/index.php?rest_route=\/wp\/v2\/types\/product"}],"replies":[{"embeddable":true,"href":"https:\/\/baralivres.ma\/index.php?rest_route=%2Fwp%2Fv2%2Fcomments&post=16798"}],"version-history":[{"count":2,"href":"https:\/\/baralivres.ma\/index.php?rest_route=\/wp\/v2\/product\/16798\/revisions"}],"predecessor-version":[{"id":23059,"href":"https:\/\/baralivres.ma\/index.php?rest_route=\/wp\/v2\/product\/16798\/revisions\/23059"}],"wp:featuredmedia":[{"embeddable":true,"href":"https:\/\/baralivres.ma\/index.php?rest_route=\/wp\/v2\/media\/16799"}],"wp:attachment":[{"href":"https:\/\/baralivres.ma\/index.php?rest_route=%2Fwp%2Fv2%2Fmedia&parent=16798"}],"wp:term":[{"taxonomy":"product_cat","embeddable":true,"href":"https:\/\/baralivres.ma\/index.php?rest_route=%2Fwp%2Fv2%2Fproduct_cat&post=16798"},{"taxonomy":"product_tag","embeddable":true,"href":"https:\/\/baralivres.ma\/index.php?rest_route=%2Fwp%2Fv2%2Fproduct_tag&post=16798"}],"curies":[{"name":"wp","href":"https:\/\/api.w.org\/{rel}","templated":true}]}}