{"id":16795,"date":"2023-10-31T20:44:39","date_gmt":"2023-10-31T19:44:39","guid":{"rendered":"https:\/\/baralivres.ma\/?post_type=product&#038;p=16795"},"modified":"2025-02-20T11:06:27","modified_gmt":"2025-02-20T10:06:27","slug":"conversations-avec-dieu","status":"publish","type":"product","link":"https:\/\/baralivres.ma\/?product=conversations-avec-dieu","title":{"rendered":"Conversations avec Dieu"},"content":{"rendered":"<p>Dans le troisi\u00e8me tome de \u00ab\u00a0Conversations avec Dieu\u00a0\u00bb, Neale Donald Walsch poursuit son dialogue remarquable en d\u00e9livrant un message sacr\u00e9 et empreint de spiritualit\u00e9. Alors que les deux premiers volumes abordaient des sujets personnels et globaux, ce dernier opus de la s\u00e9rie explore des v\u00e9rit\u00e9s universelles et offre des r\u00e9ponses \u00e0 des questions cruciales : Qu&rsquo;advient-il apr\u00e8s notre d\u00e9c\u00e8s ? Sommes-nous seuls dans l&rsquo;immensit\u00e9 de l&rsquo;univers ? Existe-t-il d&rsquo;autres dimensions ? Qui est v\u00e9ritablement Dieu ? R\u00e9dig\u00e9 avec une clart\u00e9 profonde, \u00ab\u00a0Conversations avec Dieu-3\u00a0\u00bb vous invite \u00e0 vous r\u00e9concilier avec vous-m\u00eame et avec la vie.<\/p>\n","protected":false},"excerpt":{"rendered":"<div class=\"group w-full text-token-text-primary border-b border-black\/10 gizmo:border-0 dark:border-gray-900\/50 gizmo:dark:border-0 bg-gray-50 gizmo:bg-transparent dark:bg-[#444654] gizmo:dark:bg-transparent\" data-testid=\"conversation-turn-5\">\n<div class=\"p-4 gizmo:py-2 justify-center text-base md:gap-6 md:py-6 m-auto\">\n<div class=\"flex flex-1 gap-4 text-base mx-auto md:gap-6 gizmo:gap-3 gizmo:md:px-5 gizmo:lg:px-1 gizmo:xl:px-5 md:max-w-2xl lg:max-w-[38rem] gizmo:md:max-w-3xl gizmo:lg:max-w-[40rem] gizmo:xl:max-w-[48rem] xl:max-w-3xl }\">\n<div class=\"relative flex w-[calc(100%-50px)] flex-col gizmo:w-full lg:w-[calc(100%-115px)] agent-turn\">\n<div class=\"flex-col gap-1 md:gap-3\">\n<div class=\"flex flex-grow flex-col gap-3 max-w-full\">\n<div class=\"min-h-[20px] flex flex-col items-start gap-3 whitespace-pre-wrap break-words overflow-x-auto\" data-message-author-role=\"assistant\" data-message-id=\"780f1c1d-8348-4b4f-bcc6-7681b4746227\">\n<div class=\"markdown prose w-full break-words dark:prose-invert light\">\n<p>\u00ab\u00a0Troisi\u00e8me tome de &lsquo;Conversations avec Dieu&rsquo; explore questions universelles, r\u00e9concilie avec soi et la vie.\u00a0\u00bb<\/p>\n<\/div>\n<\/div>\n<\/div>\n<\/div>\n<\/div>\n<\/div>\n<\/div>\n<\/div>\n","protected":false},"featured_media":16796,"comment_status":"open","ping_status":"closed","template":"","meta":{"inline_featured_image":false},"product_cat":[3725,3862,4214,3673],"product_tag":[],"class_list":{"0":"post-16795","1":"product","2":"type-product","3":"status-publish","4":"has-post-thumbnail","6":"product_cat-litterature-religieuse","7":"product_cat-spiritualite","8":"product_cat-voyage-spirituel-pendant-le-ramadan","9":"product_cat-aventire-secrete","10":"pa_auteurs-neale-donald-walsch","12":"first","13":"instock","14":"shipping-taxable","15":"purchasable","16":"product-type-simple"},"_links":{"self":[{"href":"https:\/\/baralivres.ma\/index.php?rest_route=\/wp\/v2\/product\/16795","targetHints":{"allow":["GET"]}}],"collection":[{"href":"https:\/\/baralivres.ma\/index.php?rest_route=\/wp\/v2\/product"}],"about":[{"href":"https:\/\/baralivres.ma\/index.php?rest_route=\/wp\/v2\/types\/product"}],"replies":[{"embeddable":true,"href":"https:\/\/baralivres.ma\/index.php?rest_route=%2Fwp%2Fv2%2Fcomments&post=16795"}],"version-history":[{"count":1,"href":"https:\/\/baralivres.ma\/index.php?rest_route=\/wp\/v2\/product\/16795\/revisions"}],"predecessor-version":[{"id":16797,"href":"https:\/\/baralivres.ma\/index.php?rest_route=\/wp\/v2\/product\/16795\/revisions\/16797"}],"wp:featuredmedia":[{"embeddable":true,"href":"https:\/\/baralivres.ma\/index.php?rest_route=\/wp\/v2\/media\/16796"}],"wp:attachment":[{"href":"https:\/\/baralivres.ma\/index.php?rest_route=%2Fwp%2Fv2%2Fmedia&parent=16795"}],"wp:term":[{"taxonomy":"product_cat","embeddable":true,"href":"https:\/\/baralivres.ma\/index.php?rest_route=%2Fwp%2Fv2%2Fproduct_cat&post=16795"},{"taxonomy":"product_tag","embeddable":true,"href":"https:\/\/baralivres.ma\/index.php?rest_route=%2Fwp%2Fv2%2Fproduct_tag&post=16795"}],"curies":[{"name":"wp","href":"https:\/\/api.w.org\/{rel}","templated":true}]}}