{"id":16792,"date":"2023-10-31T20:41:07","date_gmt":"2023-10-31T19:41:07","guid":{"rendered":"https:\/\/baralivres.ma\/?post_type=product&#038;p=16792"},"modified":"2025-02-20T12:08:03","modified_gmt":"2025-02-20T11:08:03","slug":"amitie-avec-dieu","status":"publish","type":"product","link":"https:\/\/baralivres.ma\/?product=amitie-avec-dieu","title":{"rendered":"Amiti\u00e9 avec Dieu"},"content":{"rendered":"<p>Chaque relation que nous \u00e9tablissons d\u00e9bute par une conversation. Si tout se passe harmonieusement, une amiti\u00e9 peut germer et nous ressentirons peut-\u00eatre une profonde connexion ou une harmonie avec l&rsquo;autre personne. De la m\u00eame mani\u00e8re, notre relation avec Dieu prend des formes diverses et propres \u00e0 chacun. Cela peut se manifester par des dialogues int\u00e9rieurs ou \u00e0 travers des signes tels qu&rsquo;une chanson qui r\u00e9sonne particuli\u00e8rement, un film qui apporte des r\u00e9ponses, une conf\u00e9rence qui \u00e9claire de nouvelles perspectives, une rencontre inattendue, ou m\u00eame les paroles inattendues d&rsquo;un ami crois\u00e9 par hasard. \u00c0 travers ce livre, vous d\u00e9couvrirez comment cultiver une amiti\u00e9 avec Dieu et vivre une v\u00e9ritable communion avec le divin.<\/p>\n","protected":false},"excerpt":{"rendered":"<p>\u00ab\u00a0Relations commencent par conversation, de m\u00eame avec Dieu. D\u00e9couvrez amiti\u00e9 et communion avec le divin.\u00a0\u00bb<\/p>\n","protected":false},"featured_media":16793,"comment_status":"open","ping_status":"closed","template":"","meta":{"inline_featured_image":false},"product_cat":[3725,3862,4214,3673],"product_tag":[],"class_list":{"0":"post-16792","1":"product","2":"type-product","3":"status-publish","4":"has-post-thumbnail","6":"product_cat-litterature-religieuse","7":"product_cat-spiritualite","8":"product_cat-voyage-spirituel-pendant-le-ramadan","9":"product_cat-aventire-secrete","10":"pa_auteurs-neale-donald-walsch","12":"first","13":"instock","14":"shipping-taxable","15":"purchasable","16":"product-type-simple"},"_links":{"self":[{"href":"https:\/\/baralivres.ma\/index.php?rest_route=\/wp\/v2\/product\/16792","targetHints":{"allow":["GET"]}}],"collection":[{"href":"https:\/\/baralivres.ma\/index.php?rest_route=\/wp\/v2\/product"}],"about":[{"href":"https:\/\/baralivres.ma\/index.php?rest_route=\/wp\/v2\/types\/product"}],"replies":[{"embeddable":true,"href":"https:\/\/baralivres.ma\/index.php?rest_route=%2Fwp%2Fv2%2Fcomments&post=16792"}],"version-history":[{"count":1,"href":"https:\/\/baralivres.ma\/index.php?rest_route=\/wp\/v2\/product\/16792\/revisions"}],"predecessor-version":[{"id":16794,"href":"https:\/\/baralivres.ma\/index.php?rest_route=\/wp\/v2\/product\/16792\/revisions\/16794"}],"wp:featuredmedia":[{"embeddable":true,"href":"https:\/\/baralivres.ma\/index.php?rest_route=\/wp\/v2\/media\/16793"}],"wp:attachment":[{"href":"https:\/\/baralivres.ma\/index.php?rest_route=%2Fwp%2Fv2%2Fmedia&parent=16792"}],"wp:term":[{"taxonomy":"product_cat","embeddable":true,"href":"https:\/\/baralivres.ma\/index.php?rest_route=%2Fwp%2Fv2%2Fproduct_cat&post=16792"},{"taxonomy":"product_tag","embeddable":true,"href":"https:\/\/baralivres.ma\/index.php?rest_route=%2Fwp%2Fv2%2Fproduct_tag&post=16792"}],"curies":[{"name":"wp","href":"https:\/\/api.w.org\/{rel}","templated":true}]}}