{"id":16777,"date":"2023-10-31T17:43:38","date_gmt":"2023-10-31T16:43:38","guid":{"rendered":"https:\/\/baralivres.ma\/?post_type=product&#038;p=16777"},"modified":"2023-10-31T17:43:38","modified_gmt":"2023-10-31T16:43:38","slug":"les-manipulateurs-sont-parmis-nous","status":"publish","type":"product","link":"https:\/\/baralivres.ma\/?product=les-manipulateurs-sont-parmis-nous","title":{"rendered":"Les manipulateurs sont parmis nous"},"content":{"rendered":"<p>Si vous ressentez un malaise en pr\u00e9sence de certaines personnes de votre entourage, il se peut qu&rsquo;une personnalit\u00e9 manipulatrice tente de prendre le contr\u00f4le de votre vie. Ces manipulateurs peuvent adopter divers masques tels que la gentillesse, la s\u00e9duction, la g\u00e9n\u00e9rosit\u00e9 ou la timidit\u00e9 pour parvenir \u00e0 leurs fins. Ils ont des comp\u00e9tences pour vous faire culpabiliser, communiquer de mani\u00e8re ambigu\u00eb, remettre en question vos capacit\u00e9s, utiliser la flatterie pour atteindre leurs objectifs, et jouer la carte de la victime \u00e0 leur avantage. Comment pouvez-vous rep\u00e9rer ces individus, d\u00e9voiler leurs strat\u00e9gies et leur r\u00e9sister ? Ce livre vous permettra de comprendre l&rsquo;ampleur des d\u00e9g\u00e2ts provoqu\u00e9s par les manipulateurs, vous enseignera comment communiquer avec eux en adoptant une attitude d&rsquo;indiff\u00e9rence (la contre-manipulation), et vous aidera \u00e0 renforcer votre d\u00e9termination pour vous affirmer et vous lib\u00e9rer de leur emprise.<\/p>\n","protected":false},"excerpt":{"rendered":"<p>Apprenez \u00e0 d\u00e9tecter les manipulateurs, \u00e0 comprendre leurs tactiques et \u00e0 vous d\u00e9fendre contre eux.<\/p>\n","protected":false},"featured_media":16778,"comment_status":"open","ping_status":"closed","template":"","meta":{"inline_featured_image":false},"product_cat":[204,91],"product_tag":[],"class_list":{"0":"post-16777","1":"product","2":"type-product","3":"status-publish","4":"has-post-thumbnail","6":"product_cat-francais","7":"product_cat-developpement","8":"pa_auteurs-isabelle-nazare-aga","10":"first","11":"instock","12":"shipping-taxable","13":"purchasable","14":"product-type-simple"},"_links":{"self":[{"href":"https:\/\/baralivres.ma\/index.php?rest_route=\/wp\/v2\/product\/16777","targetHints":{"allow":["GET"]}}],"collection":[{"href":"https:\/\/baralivres.ma\/index.php?rest_route=\/wp\/v2\/product"}],"about":[{"href":"https:\/\/baralivres.ma\/index.php?rest_route=\/wp\/v2\/types\/product"}],"replies":[{"embeddable":true,"href":"https:\/\/baralivres.ma\/index.php?rest_route=%2Fwp%2Fv2%2Fcomments&post=16777"}],"version-history":[{"count":1,"href":"https:\/\/baralivres.ma\/index.php?rest_route=\/wp\/v2\/product\/16777\/revisions"}],"predecessor-version":[{"id":16779,"href":"https:\/\/baralivres.ma\/index.php?rest_route=\/wp\/v2\/product\/16777\/revisions\/16779"}],"wp:featuredmedia":[{"embeddable":true,"href":"https:\/\/baralivres.ma\/index.php?rest_route=\/wp\/v2\/media\/16778"}],"wp:attachment":[{"href":"https:\/\/baralivres.ma\/index.php?rest_route=%2Fwp%2Fv2%2Fmedia&parent=16777"}],"wp:term":[{"taxonomy":"product_cat","embeddable":true,"href":"https:\/\/baralivres.ma\/index.php?rest_route=%2Fwp%2Fv2%2Fproduct_cat&post=16777"},{"taxonomy":"product_tag","embeddable":true,"href":"https:\/\/baralivres.ma\/index.php?rest_route=%2Fwp%2Fv2%2Fproduct_tag&post=16777"}],"curies":[{"name":"wp","href":"https:\/\/api.w.org\/{rel}","templated":true}]}}