{"id":16769,"date":"2023-10-31T17:11:34","date_gmt":"2023-10-31T16:11:34","guid":{"rendered":"https:\/\/baralivres.ma\/?post_type=product&#038;p=16769"},"modified":"2023-10-31T17:11:34","modified_gmt":"2023-10-31T16:11:34","slug":"aux-thunes-citoyennes","status":"publish","type":"product","link":"https:\/\/baralivres.ma\/?product=aux-thunes-citoyennes","title":{"rendered":"Aux thunes citoyennes !"},"content":{"rendered":"<div class=\"flex-1 overflow-hidden\">\n<div class=\"react-scroll-to-bottom--css-cjvxr-79elbk h-full\">\n<div class=\"react-scroll-to-bottom--css-cjvxr-1n7m0yu\">\n<div class=\"flex flex-col text-sm gizmo:pb-9 dark:bg-gray-800 gizmo:dark:bg-transparent\">\n<div class=\"group w-full text-token-text-primary border-b border-black\/10 gizmo:border-0 dark:border-gray-900\/50 gizmo:dark:border-0 bg-gray-50 gizmo:bg-transparent dark:bg-[#444654] gizmo:dark:bg-transparent\" data-testid=\"conversation-turn-3\">\n<div class=\"p-4 gizmo:py-2 justify-center text-base md:gap-6 md:py-6 m-auto\">\n<div class=\"flex flex-1 gap-4 text-base mx-auto md:gap-6 gizmo:gap-3 gizmo:md:px-5 gizmo:lg:px-1 gizmo:xl:px-5 md:max-w-2xl lg:max-w-[38rem] gizmo:md:max-w-3xl gizmo:lg:max-w-[40rem] gizmo:xl:max-w-[48rem] xl:max-w-3xl }\">\n<div class=\"relative flex w-[calc(100%-50px)] flex-col gizmo:w-full lg:w-[calc(100%-115px)] agent-turn\">\n<div class=\"flex-col gap-1 md:gap-3\">\n<div class=\"flex flex-grow flex-col gap-3 max-w-full\">\n<div class=\"min-h-[20px] flex flex-col items-start gap-3 whitespace-pre-wrap break-words overflow-x-auto\" data-message-author-role=\"assistant\" data-message-id=\"1afd0f8f-6136-40a6-bae2-e6bd597e3759\">\n<div class=\"markdown prose w-full break-words dark:prose-invert dark\">\n<p>On vous enseigne les comp\u00e9tences fondamentales telles que la lecture, l&rsquo;\u00e9criture et les math\u00e9matiques, mais jamais la capacit\u00e9 \u00e0 n\u00e9gocier votre salaire, \u00e0 d\u00e9fendre votre juste valeur ou \u00e0 g\u00e9rer vos finances.<\/p>\n<p>Bien entendu, vous pouvez critiquer la soci\u00e9t\u00e9, le patriarcat, votre employeur et m\u00eame votre banquier. Cependant, d\u00e8s \u00e0 pr\u00e9sent, vous avez la possibilit\u00e9 de prendre le contr\u00f4le de votre situation financi\u00e8re.<\/p>\n<p>Avec ce manuel d&rsquo;action, vous serez en mesure de d\u00e9terminer votre valeur sur le march\u00e9 du travail, de n\u00e9gocier votre r\u00e9mun\u00e9ration, quel que soit votre statut, de cr\u00e9er un budget et d&rsquo;investir votre \u00e9pargne. Vous saurez \u00e9galement comment prot\u00e9ger vos int\u00e9r\u00eats financiers au travail, au sein de votre relation de couple et \u00e0 la maison. En somme, gr\u00e2ce \u00e0 la m\u00e9thode d\u2019H\u00e9lo\u00efse Bolle et Insaff El Hassini, deux expertes en libert\u00e9 financi\u00e8re pour les femmes, vous aurez enfin acc\u00e8s aux cl\u00e9s de votre propre tr\u00e9sorerie.<\/p>\n<p>Si l&rsquo;on vous a fait croire que pour prendre le contr\u00f4le de vos finances, vous deviez poss\u00e9der le QI de Marie Curie, la d\u00e9termination de Beyonc\u00e9 et la r\u00e9sistance de Serena Williams, sachez que c&rsquo;est un mensonge. Ce guide est l\u00e0 pour vous le d\u00e9montrer. Alors, laissez de c\u00f4t\u00e9 vos pr\u00e9jug\u00e9s et vos appr\u00e9hensions \u00e0 propos de l&rsquo;argent, et apprenez \u00e0 le gagner et \u00e0 l&rsquo;investir sans aucune h\u00e9sitation. Prendre les r\u00eanes de votre vie passe \u00e9galement, et surtout, par la gestion de vos finances.\u00a0\u00bb<\/p>\n<\/div>\n<\/div>\n<\/div>\n<\/div>\n<\/div>\n<\/div>\n<\/div>\n<\/div>\n<\/div>\n<\/div>\n<\/div>\n<\/div>\n","protected":false},"excerpt":{"rendered":"<p>Apprenez \u00e0 g\u00e9rer vos finances, n\u00e9gocier votre salaire, investir, et reprendre le contr\u00f4le de votre vie financi\u00e8re.<\/p>\n","protected":false},"featured_media":16772,"comment_status":"open","ping_status":"closed","template":"","meta":{"inline_featured_image":false},"product_cat":[204,91],"product_tag":[],"class_list":{"0":"post-16769","1":"product","2":"type-product","3":"status-publish","4":"has-post-thumbnail","6":"product_cat-francais","7":"product_cat-developpement","8":"pa_auteurs-heloise-bolle","10":"first","11":"instock","12":"shipping-taxable","13":"purchasable","14":"product-type-simple"},"_links":{"self":[{"href":"https:\/\/baralivres.ma\/index.php?rest_route=\/wp\/v2\/product\/16769","targetHints":{"allow":["GET"]}}],"collection":[{"href":"https:\/\/baralivres.ma\/index.php?rest_route=\/wp\/v2\/product"}],"about":[{"href":"https:\/\/baralivres.ma\/index.php?rest_route=\/wp\/v2\/types\/product"}],"replies":[{"embeddable":true,"href":"https:\/\/baralivres.ma\/index.php?rest_route=%2Fwp%2Fv2%2Fcomments&post=16769"}],"version-history":[{"count":1,"href":"https:\/\/baralivres.ma\/index.php?rest_route=\/wp\/v2\/product\/16769\/revisions"}],"predecessor-version":[{"id":16773,"href":"https:\/\/baralivres.ma\/index.php?rest_route=\/wp\/v2\/product\/16769\/revisions\/16773"}],"wp:featuredmedia":[{"embeddable":true,"href":"https:\/\/baralivres.ma\/index.php?rest_route=\/wp\/v2\/media\/16772"}],"wp:attachment":[{"href":"https:\/\/baralivres.ma\/index.php?rest_route=%2Fwp%2Fv2%2Fmedia&parent=16769"}],"wp:term":[{"taxonomy":"product_cat","embeddable":true,"href":"https:\/\/baralivres.ma\/index.php?rest_route=%2Fwp%2Fv2%2Fproduct_cat&post=16769"},{"taxonomy":"product_tag","embeddable":true,"href":"https:\/\/baralivres.ma\/index.php?rest_route=%2Fwp%2Fv2%2Fproduct_tag&post=16769"}],"curies":[{"name":"wp","href":"https:\/\/api.w.org\/{rel}","templated":true}]}}